{"id":30949,"date":"2024-09-11T12:05:02","date_gmt":"2024-09-11T10:05:02","guid":{"rendered":"https:\/\/pawz.rs\/?post_type=product&#038;p=30949"},"modified":"2025-06-29T19:54:51","modified_gmt":"2025-06-29T17:54:51","slug":"trixie-tasna-oko-struka-buggy-10x15cm","status":"publish","type":"product","link":"https:\/\/pawz.rs\/en\/trixie-tasna-oko-struka-buggy-10x15cm\/","title":{"rendered":"Trixie Ta\u0161na oko Struka &#8211; Buggy 10x15cm"},"content":{"rendered":"<p><strong>Trixie Ta\u0161na oko Struka &#8211; Buggy 10x15cm<\/strong><\/p>\n<ul>\n<li>mo\u017ee se zatvoriti vezicom<\/li>\n<li>kop\u010da za pri\u010dvr\u0161\u0107ivanje na kai\u0161 ili om\u010du za kai\u0161<\/li>\n<li>sa spoljnim d\u017eepovima<\/li>\n<li>najlon\/poliester<\/li>\n<\/ul>\n<p>Proizvo\u0111a\u010d: TRIXIE Pet Products, Inc<br \/>\nZemlja Porekla: Nema\u010dka<\/p>\n\n    <div class=\"xs_social_share_widget xs_share_url after_content \t\tmain_content  wslu-style-1 wslu-share-box-shaped wslu-fill-colored wslu-none wslu-share-horizontal wslu-theme-font-no wslu-main_content\">\n\n\t\t\n        <ul>\n\t\t\t        <\/ul>\n    <\/div>","protected":false},"excerpt":{"rendered":"<p>Trixie Ta\u0161na oko Struka &#8211; Buggy 10x15cm<\/p>","protected":false},"featured_media":31940,"comment_status":"open","ping_status":"closed","template":"","meta":{"_acf_changed":false},"pwb-brand":[465],"product_cat":[203,47],"product_tag":[],"class_list":{"0":"post-30949","1":"product","2":"type-product","3":"status-publish","4":"has-post-thumbnail","6":"pwb-brand-trixie","7":"product_cat-oprema-za-setnju","8":"product_cat-psi","10":"first","11":"instock","12":"taxable","13":"shipping-taxable","14":"purchasable","15":"product-type-simple"},"acf":[],"brands":[{"id":465,"name":"Trixie","slug":"trixie"}],"_links":{"self":[{"href":"https:\/\/pawz.rs\/en\/wp-json\/wp\/v2\/product\/30949","targetHints":{"allow":["GET"]}}],"collection":[{"href":"https:\/\/pawz.rs\/en\/wp-json\/wp\/v2\/product"}],"about":[{"href":"https:\/\/pawz.rs\/en\/wp-json\/wp\/v2\/types\/product"}],"replies":[{"embeddable":true,"href":"https:\/\/pawz.rs\/en\/wp-json\/wp\/v2\/comments?post=30949"}],"wp:featuredmedia":[{"embeddable":true,"href":"https:\/\/pawz.rs\/en\/wp-json\/wp\/v2\/media\/31940"}],"wp:attachment":[{"href":"https:\/\/pawz.rs\/en\/wp-json\/wp\/v2\/media?parent=30949"}],"wp:term":[{"taxonomy":"pwb-brand","embeddable":true,"href":"https:\/\/pawz.rs\/en\/wp-json\/wp\/v2\/pwb-brand?post=30949"},{"taxonomy":"product_cat","embeddable":true,"href":"https:\/\/pawz.rs\/en\/wp-json\/wp\/v2\/product_cat?post=30949"},{"taxonomy":"product_tag","embeddable":true,"href":"https:\/\/pawz.rs\/en\/wp-json\/wp\/v2\/product_tag?post=30949"}],"curies":[{"name":"wp","href":"https:\/\/api.w.org\/{rel}","templated":true}]}}