{"id":30981,"date":"2024-09-21T12:12:26","date_gmt":"2024-09-21T10:12:26","guid":{"rendered":"https:\/\/pawz.rs\/?post_type=product&#038;p=30981"},"modified":"2025-07-01T21:14:26","modified_gmt":"2025-07-01T19:14:26","slug":"trixie-torba-za-auto-sediste-45x39x42-cm-crno-siva","status":"publish","type":"product","link":"https:\/\/pawz.rs\/en\/trixie-torba-za-auto-sediste-45x39x42-cm-crno-siva\/","title":{"rendered":"Trixie Torba Za Auto Sedi\u0161te 45x39x42 Cm Crno\/Siva"},"content":{"rendered":"<p><strong>Trixie Torba Za Auto Sedi\u0161te 45x39x42 Cm Crno\/Siva<\/strong><\/p>\n<ul>\n<li>mo\u017ee\u00a0se\u00a0koristiti\u00a0i\u00a0kao\u00a0putni\u00a0krevet<\/li>\n<li>podignuto\u00a0sedi\u0161te\u00a0sa\u00a0dodatnim\u00a0odeljkom\u00a0ispod,\u00a0omogu\u0107ava\u00a0psu\u00a0da\u00a0gleda\u00a0kroz\u00a0prozor<\/li>\n<li>fiksiranje\u00a0sedi\u0161ta\u00a0i\u00a0trake\u00a0za\u00a0pri\u010dvr\u0161\u0107ivanje\u00a0preko\u00a0sigurnosnog\u00a0pojasa\u00a0automobila<\/li>\n<li>uklj.\u00a0kai\u0161\u00a0za\u00a0pri\u010dvr\u0161\u0107ivanje\u00a0za\u00a0kop\u010danje\u00a0psa<\/li>\n<li>uklonjivi\u00a0jastuk\u00a0sa\u00a0penastim\u00a0jastucicima<\/li>\n<li>jastuk\u00a0i\u00a0presvlaka\u00a0sedi\u0161ta\u00a0mogu\u00a0se\u00a0ukloniti<\/li>\n<li>sa\u00a0spoljnim\u00a0d\u017eepom<\/li>\n<li>od\u00a0poliestera<\/li>\n<\/ul>\n<p><strong>Va\u017eno:<br \/>\n<\/strong>Za\u00a0kompletnu\u00a0za\u0161titu\u00a0od\u00a0nezgoda\u00a0koristite\u00a0samo\u00a0sertifikovani\u00a0sigurnosni\u00a0pojas\u00a0za\u00a0automobil.<\/p>\n<p>Proizvo\u0111a\u010d: TRIXIE Pet Products, Inc<br \/>\nZemlja Porekla: Nema\u010dka<\/p>\n\n    <div class=\"xs_social_share_widget xs_share_url after_content \t\tmain_content  wslu-style-1 wslu-share-box-shaped wslu-fill-colored wslu-none wslu-share-horizontal wslu-theme-font-no wslu-main_content\">\n\n\t\t\n        <ul>\n\t\t\t        <\/ul>\n    <\/div>","protected":false},"excerpt":{"rendered":"<p>Trixie Torba Za Auto Sedi\u0161te namenjeno za pse koji vole da putuju<\/p>","protected":false},"featured_media":30983,"comment_status":"open","ping_status":"closed","template":"","meta":{"_acf_changed":false},"pwb-brand":[465],"product_cat":[202,203,47],"product_tag":[],"class_list":{"0":"post-30981","1":"product","2":"type-product","3":"status-publish","4":"has-post-thumbnail","6":"pwb-brand-trixie","7":"product_cat-oprema-za-pse","8":"product_cat-oprema-za-setnju","9":"product_cat-psi","11":"first","12":"instock","13":"taxable","14":"shipping-taxable","15":"purchasable","16":"product-type-simple"},"acf":[],"brands":[{"id":465,"name":"Trixie","slug":"trixie"}],"_links":{"self":[{"href":"https:\/\/pawz.rs\/en\/wp-json\/wp\/v2\/product\/30981","targetHints":{"allow":["GET"]}}],"collection":[{"href":"https:\/\/pawz.rs\/en\/wp-json\/wp\/v2\/product"}],"about":[{"href":"https:\/\/pawz.rs\/en\/wp-json\/wp\/v2\/types\/product"}],"replies":[{"embeddable":true,"href":"https:\/\/pawz.rs\/en\/wp-json\/wp\/v2\/comments?post=30981"}],"wp:featuredmedia":[{"embeddable":true,"href":"https:\/\/pawz.rs\/en\/wp-json\/wp\/v2\/media\/30983"}],"wp:attachment":[{"href":"https:\/\/pawz.rs\/en\/wp-json\/wp\/v2\/media?parent=30981"}],"wp:term":[{"taxonomy":"pwb-brand","embeddable":true,"href":"https:\/\/pawz.rs\/en\/wp-json\/wp\/v2\/pwb-brand?post=30981"},{"taxonomy":"product_cat","embeddable":true,"href":"https:\/\/pawz.rs\/en\/wp-json\/wp\/v2\/product_cat?post=30981"},{"taxonomy":"product_tag","embeddable":true,"href":"https:\/\/pawz.rs\/en\/wp-json\/wp\/v2\/product_tag?post=30981"}],"curies":[{"name":"wp","href":"https:\/\/api.w.org\/{rel}","templated":true}]}}