{"id":30990,"date":"2024-09-21T12:12:27","date_gmt":"2024-09-21T10:12:27","guid":{"rendered":"https:\/\/pawz.rs\/?post_type=product&#038;p=30990"},"modified":"2025-06-29T19:54:00","modified_gmt":"2025-06-29T17:54:00","slug":"trixie-ranac-chloe-39x43x27-cm","status":"publish","type":"product","link":"https:\/\/pawz.rs\/en\/trixie-ranac-chloe-39x43x27-cm\/","title":{"rendered":"Trixie Ranac Chloe 39x43x27 cm"},"content":{"rendered":"<ul>\n<li>sa trakom oko struka za idealnu raspodelu te\u017eine<\/li>\n<li>veoma udobno za no\u0161enje i ne\u017ean na ledima<\/li>\n<li>sa remenom za grudi<\/li>\n<li>stabilan oblik<\/li>\n<li>mo\u017ee da se otvori na vrhu<\/li>\n<li>ekstra fino mre\u017easta mre\u017ea kao za\u0161tita od insekata<\/li>\n<li>veliki mre\u017easti umetci za optimalnu ventilaciju<\/li>\n<li>postavljeni umetak (poliester)<\/li>\n<li>sa spoljnim d\u017eepovima<\/li>\n<li>sa ugradenim kratkim povo\u0107em<\/li>\n<li>od poliestera<\/li>\n<\/ul>\n<p>Proizvo\u0111a\u010d: TRIXIE Pet Products, Inc<br \/>\nZemlja Porekla: Nema\u010dka<\/p>\n\n    <div class=\"xs_social_share_widget xs_share_url after_content \t\tmain_content  wslu-style-1 wslu-share-box-shaped wslu-fill-colored wslu-none wslu-share-horizontal wslu-theme-font-no wslu-main_content\">\n\n\t\t\n        <ul>\n\t\t\t        <\/ul>\n    <\/div>","protected":false},"excerpt":{"rendered":"<p>Trixie Ranac Chloe je ranac namenjen psima male rase<\/p>","protected":false},"featured_media":30992,"comment_status":"open","ping_status":"closed","template":"","meta":{"_acf_changed":false},"pwb-brand":[465],"product_cat":[202,203,47],"product_tag":[],"class_list":{"0":"post-30990","1":"product","2":"type-product","3":"status-publish","4":"has-post-thumbnail","6":"pwb-brand-trixie","7":"product_cat-oprema-za-pse","8":"product_cat-oprema-za-setnju","9":"product_cat-psi","11":"first","12":"instock","13":"taxable","14":"shipping-taxable","15":"purchasable","16":"product-type-simple"},"acf":[],"brands":[{"id":465,"name":"Trixie","slug":"trixie"}],"_links":{"self":[{"href":"https:\/\/pawz.rs\/en\/wp-json\/wp\/v2\/product\/30990","targetHints":{"allow":["GET"]}}],"collection":[{"href":"https:\/\/pawz.rs\/en\/wp-json\/wp\/v2\/product"}],"about":[{"href":"https:\/\/pawz.rs\/en\/wp-json\/wp\/v2\/types\/product"}],"replies":[{"embeddable":true,"href":"https:\/\/pawz.rs\/en\/wp-json\/wp\/v2\/comments?post=30990"}],"wp:featuredmedia":[{"embeddable":true,"href":"https:\/\/pawz.rs\/en\/wp-json\/wp\/v2\/media\/30992"}],"wp:attachment":[{"href":"https:\/\/pawz.rs\/en\/wp-json\/wp\/v2\/media?parent=30990"}],"wp:term":[{"taxonomy":"pwb-brand","embeddable":true,"href":"https:\/\/pawz.rs\/en\/wp-json\/wp\/v2\/pwb-brand?post=30990"},{"taxonomy":"product_cat","embeddable":true,"href":"https:\/\/pawz.rs\/en\/wp-json\/wp\/v2\/product_cat?post=30990"},{"taxonomy":"product_tag","embeddable":true,"href":"https:\/\/pawz.rs\/en\/wp-json\/wp\/v2\/product_tag?post=30990"}],"curies":[{"name":"wp","href":"https:\/\/api.w.org\/{rel}","templated":true}]}}