{"id":31045,"date":"2024-09-11T12:05:24","date_gmt":"2024-09-11T10:05:24","guid":{"rendered":"https:\/\/pawz.rs\/?post_type=product&#038;p=31045"},"modified":"2025-06-29T19:54:51","modified_gmt":"2025-06-29T17:54:51","slug":"trixie-airline-carrier-gate-28x25x45-cm-crna","status":"publish","type":"product","link":"https:\/\/pawz.rs\/en\/trixie-airline-carrier-gate-28x25x45-cm-crna\/","title":{"rendered":"Trixie Airline Carrier Gate 28x25x45 cm Crna"},"content":{"rendered":"<p><strong>Trixie Airline Carrier Gate 28x25x45 cm Crna<\/strong><\/p>\n<ul>\n<li>idealno kao ru\u010dni prtljag u avionu<\/li>\n<li>prihvata vecina aviokompanija<\/li>\n<li>mo\u017ee da se prikaci na kolica<\/li>\n<li>mo\u017ee da se otvori sa strane, gore i dole<\/li>\n<li>sa spoljnim d\u017eepom<\/li>\n<li>sa 2 ru\u010dke<\/li>\n<li>remen koji se mo\u017ee skinuti<\/li>\n<li>sa ugradenim kratkim povocem<\/li>\n<li>postavljena i vodootporna donja ploca, koja se mo\u017ee ukloniti<\/li>\n<li>EVA sa poliesterom koji dr\u017ei oblik<\/li>\n<\/ul>\n<p>Proizvo\u0111a\u010d: TRIXIE Pet Products, Inc<br \/>\nZemlja Porekla: Nema\u010dka<\/p>\n\n    <div class=\"xs_social_share_widget xs_share_url after_content \t\tmain_content  wslu-style-1 wslu-share-box-shaped wslu-fill-colored wslu-none wslu-share-horizontal wslu-theme-font-no wslu-main_content\">\n\n\t\t\n        <ul>\n\t\t\t        <\/ul>\n    <\/div>","protected":false},"excerpt":{"rendered":"<p>Trixie Airline Carrier Gate mo\u017ee slu\u017eiti kao ru\u010dni prtljag za avion, namenjen je psima malih rasa<\/p>","protected":false},"featured_media":31047,"comment_status":"open","ping_status":"closed","template":"","meta":{"_acf_changed":false},"pwb-brand":[465],"product_cat":[763,202,47],"product_tag":[],"class_list":{"0":"post-31045","1":"product","2":"type-product","3":"status-publish","4":"has-post-thumbnail","6":"pwb-brand-trixie","7":"product_cat-krevetici-i-transporteri","8":"product_cat-oprema-za-pse","9":"product_cat-psi","11":"first","12":"instock","13":"taxable","14":"shipping-taxable","15":"purchasable","16":"product-type-simple"},"acf":[],"brands":[{"id":465,"name":"Trixie","slug":"trixie"}],"_links":{"self":[{"href":"https:\/\/pawz.rs\/en\/wp-json\/wp\/v2\/product\/31045","targetHints":{"allow":["GET"]}}],"collection":[{"href":"https:\/\/pawz.rs\/en\/wp-json\/wp\/v2\/product"}],"about":[{"href":"https:\/\/pawz.rs\/en\/wp-json\/wp\/v2\/types\/product"}],"replies":[{"embeddable":true,"href":"https:\/\/pawz.rs\/en\/wp-json\/wp\/v2\/comments?post=31045"}],"wp:featuredmedia":[{"embeddable":true,"href":"https:\/\/pawz.rs\/en\/wp-json\/wp\/v2\/media\/31047"}],"wp:attachment":[{"href":"https:\/\/pawz.rs\/en\/wp-json\/wp\/v2\/media?parent=31045"}],"wp:term":[{"taxonomy":"pwb-brand","embeddable":true,"href":"https:\/\/pawz.rs\/en\/wp-json\/wp\/v2\/pwb-brand?post=31045"},{"taxonomy":"product_cat","embeddable":true,"href":"https:\/\/pawz.rs\/en\/wp-json\/wp\/v2\/product_cat?post=31045"},{"taxonomy":"product_tag","embeddable":true,"href":"https:\/\/pawz.rs\/en\/wp-json\/wp\/v2\/product_tag?post=31045"}],"curies":[{"name":"wp","href":"https:\/\/api.w.org\/{rel}","templated":true}]}}