{"id":31056,"date":"2024-09-19T14:52:59","date_gmt":"2024-09-19T12:52:59","guid":{"rendered":"https:\/\/pawz.rs\/?post_type=product&#038;p=31056"},"modified":"2025-06-29T19:54:00","modified_gmt":"2025-06-29T17:54:00","slug":"trixie-ranac-timon-34x44x30-cm-crni-sivi","status":"publish","type":"product","link":"https:\/\/pawz.rs\/en\/trixie-ranac-timon-34x44x30-cm-crni-sivi\/","title":{"rendered":"Trixie Ranac Timon 34x44x30 cm Crni\/Sivi"},"content":{"rendered":"<p><strong>Trixie Ranac Timon 34x44x30 cm Crni\/Sivi<\/strong><\/p>\n<ul>\n<li>idealan za duge \u0161etnje i putovanja<\/li>\n<li>veoma udobno za no\u0161enje, ne\u017ean na ledima<\/li>\n<li>anatomski oblikovan, postavljeni delovi leda i naramenice, prozracno<\/li>\n<li>li&gt;<\/li>\n<li>sa trakom oko struka za idealnu raspodelu te\u017eine<\/li>\n<li>remen na grudima za dobro pristajanje<\/li>\n<li>stabilan oblik<\/li>\n<li>mo\u017ee da se otvori napred i odozgo&lt; \/li&gt;<\/li>\n<li>sa ugradenim kratkim povo\u0107em<\/li>\n<li>postavljeni umetak (poliester ), skida se<\/li>\n<li>od visokokvalitetnog poliestera<\/li>\n<\/ul>\n<p>Proizvo\u0111a\u010d: TRIXIE Pet Products, Inc<br \/>\nZemlja Porekla: Nema\u010dka<\/p>\n\n    <div class=\"xs_social_share_widget xs_share_url after_content \t\tmain_content  wslu-style-1 wslu-share-box-shaped wslu-fill-colored wslu-none wslu-share-horizontal wslu-theme-font-no wslu-main_content\">\n\n\t\t\n        <ul>\n\t\t\t        <\/ul>\n    <\/div>","protected":false},"excerpt":{"rendered":"<p>Trixie Ranac Timon je idealan za duga\u010dke \u0161etnje sa Va\u0161im psom ili ma\u010dkom<\/p>","protected":false},"featured_media":31058,"comment_status":"open","ping_status":"closed","template":"","meta":{"_acf_changed":false},"pwb-brand":[465],"product_cat":[23,765,202,203,47],"product_tag":[],"class_list":{"0":"post-31056","1":"product","2":"type-product","3":"status-publish","4":"has-post-thumbnail","6":"pwb-brand-trixie","7":"product_cat-macke","8":"product_cat-oprema-za-macke","9":"product_cat-oprema-za-pse","10":"product_cat-oprema-za-setnju","11":"product_cat-psi","13":"first","14":"instock","15":"taxable","16":"shipping-taxable","17":"purchasable","18":"product-type-simple"},"acf":[],"brands":[{"id":465,"name":"Trixie","slug":"trixie"}],"_links":{"self":[{"href":"https:\/\/pawz.rs\/en\/wp-json\/wp\/v2\/product\/31056","targetHints":{"allow":["GET"]}}],"collection":[{"href":"https:\/\/pawz.rs\/en\/wp-json\/wp\/v2\/product"}],"about":[{"href":"https:\/\/pawz.rs\/en\/wp-json\/wp\/v2\/types\/product"}],"replies":[{"embeddable":true,"href":"https:\/\/pawz.rs\/en\/wp-json\/wp\/v2\/comments?post=31056"}],"wp:featuredmedia":[{"embeddable":true,"href":"https:\/\/pawz.rs\/en\/wp-json\/wp\/v2\/media\/31058"}],"wp:attachment":[{"href":"https:\/\/pawz.rs\/en\/wp-json\/wp\/v2\/media?parent=31056"}],"wp:term":[{"taxonomy":"pwb-brand","embeddable":true,"href":"https:\/\/pawz.rs\/en\/wp-json\/wp\/v2\/pwb-brand?post=31056"},{"taxonomy":"product_cat","embeddable":true,"href":"https:\/\/pawz.rs\/en\/wp-json\/wp\/v2\/product_cat?post=31056"},{"taxonomy":"product_tag","embeddable":true,"href":"https:\/\/pawz.rs\/en\/wp-json\/wp\/v2\/product_tag?post=31056"}],"curies":[{"name":"wp","href":"https:\/\/api.w.org\/{rel}","templated":true}]}}