{"id":31088,"date":"2024-09-19T14:53:07","date_gmt":"2024-09-19T12:53:07","guid":{"rendered":"https:\/\/pawz.rs\/?post_type=product&#038;p=31088"},"modified":"2025-06-29T19:54:00","modified_gmt":"2025-06-29T17:54:00","slug":"trixie-torba-helen-19x28x40-cm-siva","status":"publish","type":"product","link":"https:\/\/pawz.rs\/en\/trixie-torba-helen-19x28x40-cm-siva\/","title":{"rendered":"Trixie Bag Helen 19x28x40 cm Gray"},"content":{"rendered":"<p><strong>Trixie Bag Helen 19x28x40 cm Gray<\/strong><\/p>\n<ul>\n<li>mo\u017ee da se otvori spreda i odozgo<\/li>\n<li>postavljen<\/li>\n<li>prednji mre\u017eni umetak se mo\u017ee pokriti<\/li>\n<li>spoljnim d\u017eepovima<\/li>\n<li>uklonjiva naramenica<\/li>\n<li>sa ugradenim kratkim povo\u0107em<\/li>\n<li>postavljeni umetak (poliester)<\/li>\n<li>tkana tkanina (poliester) op\u0161ivena ve\u0161tackom ko\u017eom&lt; \/li&gt;<\/li>\n<\/ul>\n<p>Proizvo\u0111a\u010d: TRIXIE Pet Products, Inc<br \/>\nZemlja Porekla: Nema\u010dka<\/p>\n\n    <div class=\"xs_social_share_widget xs_share_url after_content \t\tmain_content  wslu-style-1 wslu-share-box-shaped wslu-fill-colored wslu-none wslu-share-horizontal wslu-theme-font-no wslu-main_content\">\n\n\t\t\n        <ul>\n\t\t\t        <\/ul>\n    <\/div>","protected":false},"excerpt":{"rendered":"<p>Trixie Torba Helen idealna za Va\u0161eg psa<\/p>","protected":false},"featured_media":31090,"comment_status":"open","ping_status":"closed","template":"","meta":{"_acf_changed":false,"_aa_vp_cena":"","_aa_online_cena":""},"pwb-brand":[465],"product_cat":[202,203,47],"product_tag":[],"class_list":{"0":"post-31088","1":"product","2":"type-product","3":"status-publish","4":"has-post-thumbnail","6":"pwb-brand-trixie","7":"product_cat-oprema-za-pse","8":"product_cat-oprema-za-setnju","9":"product_cat-psi","11":"first","12":"instock","13":"taxable","14":"shipping-taxable","15":"purchasable","16":"product-type-simple"},"acf":[],"brands":[{"id":465,"name":"Trixie","slug":"trixie"}],"_links":{"self":[{"href":"https:\/\/pawz.rs\/en\/wp-json\/wp\/v2\/product\/31088","targetHints":{"allow":["GET"]}}],"collection":[{"href":"https:\/\/pawz.rs\/en\/wp-json\/wp\/v2\/product"}],"about":[{"href":"https:\/\/pawz.rs\/en\/wp-json\/wp\/v2\/types\/product"}],"replies":[{"embeddable":true,"href":"https:\/\/pawz.rs\/en\/wp-json\/wp\/v2\/comments?post=31088"}],"wp:featuredmedia":[{"embeddable":true,"href":"https:\/\/pawz.rs\/en\/wp-json\/wp\/v2\/media\/31090"}],"wp:attachment":[{"href":"https:\/\/pawz.rs\/en\/wp-json\/wp\/v2\/media?parent=31088"}],"wp:term":[{"taxonomy":"pwb-brand","embeddable":true,"href":"https:\/\/pawz.rs\/en\/wp-json\/wp\/v2\/pwb-brand?post=31088"},{"taxonomy":"product_cat","embeddable":true,"href":"https:\/\/pawz.rs\/en\/wp-json\/wp\/v2\/product_cat?post=31088"},{"taxonomy":"product_tag","embeddable":true,"href":"https:\/\/pawz.rs\/en\/wp-json\/wp\/v2\/product_tag?post=31088"}],"curies":[{"name":"wp","href":"https:\/\/api.w.org\/{rel}","templated":true}]}}