{"id":31114,"date":"2024-09-18T16:48:50","date_gmt":"2024-09-18T14:48:50","guid":{"rendered":"https:\/\/pawz.rs\/?post_type=product&#038;p=31114"},"modified":"2025-06-29T19:54:00","modified_gmt":"2025-06-29T17:54:00","slug":"trixie-ograda-za-pse-4-dela-60-160x81cm","status":"publish","type":"product","link":"https:\/\/pawz.rs\/en\/trixie-ograda-za-pse-4-dela-60-160x81cm\/","title":{"rendered":"Trixie Ograda Za Pse 4 dela 60-160x81cm"},"content":{"rendered":"<p><strong>Trixie Ograda Za Pse 4 dela 60-160x81cm<\/strong><\/p>\n<ul>\n<li>pogodno za velike pse<\/li>\n<li>MDF, lakirano<\/li>\n<li>razli\u010dite postavke varijacije<\/li>\n<li>proizvod je sklopiv<\/li>\n<li>4 elementa od 51 \u00d7 81 cm<\/li>\n<li>2 stope koje su uklju\u010dene mogu se pri\u010dvrstiti po \u017eelji za be\u017ebednije postolje<\/li>\n<li>2 spojna vijka omogu\u0107avaju kombinovanje nekoliko barijera<\/li>\n<\/ul>\n<p>Proizvo\u0111a\u010d: TRIXIE Pet Products, Inc<br \/>\nZemlja Porekla: Nema\u010dka<\/p>\n\n    <div class=\"xs_social_share_widget xs_share_url after_content \t\tmain_content  wslu-style-1 wslu-share-box-shaped wslu-fill-colored wslu-none wslu-share-horizontal wslu-theme-font-no wslu-main_content\">\n\n\t\t\n        <ul>\n\t\t\t        <\/ul>\n    <\/div>","protected":false},"excerpt":{"rendered":"<p>Trixie Ograda Za Pse 4 dela 60-160x81cm<\/p>","protected":false},"featured_media":31116,"comment_status":"open","ping_status":"closed","template":"","meta":{"_acf_changed":false},"pwb-brand":[465],"product_cat":[202,47],"product_tag":[],"class_list":{"0":"post-31114","1":"product","2":"type-product","3":"status-publish","4":"has-post-thumbnail","6":"pwb-brand-trixie","7":"product_cat-oprema-za-pse","8":"product_cat-psi","10":"first","11":"instock","12":"taxable","13":"shipping-taxable","14":"purchasable","15":"product-type-simple"},"acf":[],"brands":[{"id":465,"name":"Trixie","slug":"trixie"}],"_links":{"self":[{"href":"https:\/\/pawz.rs\/en\/wp-json\/wp\/v2\/product\/31114","targetHints":{"allow":["GET"]}}],"collection":[{"href":"https:\/\/pawz.rs\/en\/wp-json\/wp\/v2\/product"}],"about":[{"href":"https:\/\/pawz.rs\/en\/wp-json\/wp\/v2\/types\/product"}],"replies":[{"embeddable":true,"href":"https:\/\/pawz.rs\/en\/wp-json\/wp\/v2\/comments?post=31114"}],"wp:featuredmedia":[{"embeddable":true,"href":"https:\/\/pawz.rs\/en\/wp-json\/wp\/v2\/media\/31116"}],"wp:attachment":[{"href":"https:\/\/pawz.rs\/en\/wp-json\/wp\/v2\/media?parent=31114"}],"wp:term":[{"taxonomy":"pwb-brand","embeddable":true,"href":"https:\/\/pawz.rs\/en\/wp-json\/wp\/v2\/pwb-brand?post=31114"},{"taxonomy":"product_cat","embeddable":true,"href":"https:\/\/pawz.rs\/en\/wp-json\/wp\/v2\/product_cat?post=31114"},{"taxonomy":"product_tag","embeddable":true,"href":"https:\/\/pawz.rs\/en\/wp-json\/wp\/v2\/product_tag?post=31114"}],"curies":[{"name":"wp","href":"https:\/\/api.w.org\/{rel}","templated":true}]}}