{"id":31135,"date":"2024-09-17T20:43:59","date_gmt":"2024-09-17T18:43:59","guid":{"rendered":"https:\/\/pawz.rs\/?post_type=product&#038;p=31135"},"modified":"2025-06-29T19:54:03","modified_gmt":"2025-06-29T17:54:03","slug":"trixie-transporter-kapri-1-zeleni","status":"publish","type":"product","link":"https:\/\/pawz.rs\/en\/trixie-transporter-kapri-1-zeleni\/","title":{"rendered":"Trixie Transporter Kapri 1 Zeleni"},"content":{"rendered":"<p><strong>Trixie Transporter Kapri 1 Zeleni<\/strong><\/p>\n<p>Odlicna\u00a0opcija\u00a0za\u00a0no\u0161enje\u00a0va\u0161eg\u00a0ljubimca\u00a0tokom\u00a0putovanja.<br \/>\nPogodno i veoma kompaktno.<br \/>\nMaksimalna te\u017eina \u017eivotinje ne bi trebalo da prelazi 7 kg, pa je pogodna za male rase pasa i ma\u010daka.<br \/>\nMaterijal je izdr\u017eljiva plastika od koje je napravljeno telo, uklju\u010dujuci vrata. Ima bocna vrata i veliki broj ventilacionih otvora.<\/p>\n<p>Veli\u010dine:<br \/>\n1- 48x32x31 cm do 5 kg<br \/>\n2- 55x37x34 cm do 8 kg<\/p>\n<p>Proizvo\u0111a\u010d: TRIXIE Pet Products, Inc<br \/>\nZemlja Porekla: Nema\u010dka<\/p>\n\n    <div class=\"xs_social_share_widget xs_share_url after_content \t\tmain_content  wslu-style-1 wslu-share-box-shaped wslu-fill-colored wslu-none wslu-share-horizontal wslu-theme-font-no wslu-main_content\">\n\n\t\t\n        <ul>\n\t\t\t        <\/ul>\n    <\/div>","protected":false},"excerpt":{"rendered":"<p>Trixie Transporter Kapri 1 Zeleni je namenjen psima malih rasa a mogu ga koristiti i ma\u010dke<\/p>","protected":false},"featured_media":31137,"comment_status":"open","ping_status":"closed","template":"","meta":{"_acf_changed":false},"pwb-brand":[465],"product_cat":[23,765,769,47,202,763],"product_tag":[],"class_list":{"0":"post-31135","1":"product","2":"type-product","3":"status-publish","4":"has-post-thumbnail","6":"pwb-brand-trixie","7":"product_cat-macke","8":"product_cat-oprema-za-macke","9":"product_cat-krevetici-i-transporteri-macke","10":"product_cat-psi","11":"product_cat-oprema-za-pse","12":"product_cat-krevetici-i-transporteri","14":"first","15":"instock","16":"taxable","17":"shipping-taxable","18":"purchasable","19":"product-type-variable","20":"has-default-attributes"},"acf":[],"brands":[{"id":465,"name":"Trixie","slug":"trixie"}],"_links":{"self":[{"href":"https:\/\/pawz.rs\/en\/wp-json\/wp\/v2\/product\/31135","targetHints":{"allow":["GET"]}}],"collection":[{"href":"https:\/\/pawz.rs\/en\/wp-json\/wp\/v2\/product"}],"about":[{"href":"https:\/\/pawz.rs\/en\/wp-json\/wp\/v2\/types\/product"}],"replies":[{"embeddable":true,"href":"https:\/\/pawz.rs\/en\/wp-json\/wp\/v2\/comments?post=31135"}],"wp:featuredmedia":[{"embeddable":true,"href":"https:\/\/pawz.rs\/en\/wp-json\/wp\/v2\/media\/31137"}],"wp:attachment":[{"href":"https:\/\/pawz.rs\/en\/wp-json\/wp\/v2\/media?parent=31135"}],"wp:term":[{"taxonomy":"pwb-brand","embeddable":true,"href":"https:\/\/pawz.rs\/en\/wp-json\/wp\/v2\/pwb-brand?post=31135"},{"taxonomy":"product_cat","embeddable":true,"href":"https:\/\/pawz.rs\/en\/wp-json\/wp\/v2\/product_cat?post=31135"},{"taxonomy":"product_tag","embeddable":true,"href":"https:\/\/pawz.rs\/en\/wp-json\/wp\/v2\/product_tag?post=31135"}],"curies":[{"name":"wp","href":"https:\/\/api.w.org\/{rel}","templated":true}]}}