{"id":31169,"date":"2024-09-18T16:48:53","date_gmt":"2024-09-18T14:48:53","guid":{"rendered":"https:\/\/pawz.rs\/?post_type=product&#038;p=31169"},"modified":"2026-02-28T15:56:41","modified_gmt":"2026-02-28T14:56:41","slug":"trixie-unutrasnja-ograda-metal-plastika-140x35x70cm-bela","status":"publish","type":"product","link":"https:\/\/pawz.rs\/en\/trixie-unutrasnja-ograda-metal-plastika-140x35x70cm-bela\/","title":{"rendered":"Trixie Unutra\u0161nja Ograda Metal Plastika 140x35x70cm Bela"},"content":{"rendered":"<p><strong>Trixie Unutra\u0161nja Ograda Metal Plastika 140x35x70cm Bela<\/strong><\/p>\n<ul>\n<li>12 elemenata od 35 \u00d7 35 cm (6puta; od metala\/6 puta; plastika sa metalnim okvirom)<\/li>\n<li>mo\u017ee se sastaviti \/ pro\u0161iriti na razli\u010dite nacine<\/li>\n<li>mo\u017ee biti za za\u0161titu name\u0161taja, biljaka i kablova od kucnih ljubimaca koji vole da grizu<\/li>\n<li>za zeceve treba dodati bar jo\u0161 jedno kuci\u0161te.<\/li>\n<li>od metala, oblo\u017een prahom\/plastikom<\/li>\n<li>vodootprona baza dostupna je odvojeno (Artikal <a href=\"https:\/\/pawz.rs\/en\/trixie-podloga-za-unutrasnju-ogradu-140x70cm\/\">TR62463<\/a>)<\/li>\n<li>u skladu sa Odeljkom o dobrobiti \u017eivotinja 18 (AT)<\/li>\n<\/ul>\n<p>Dimenzije: 140 \u00d7 35 \u00d7 70 cm, na primer,: zamorci, zecevi<\/p>\n<p>Proizvo\u0111a\u010d: TRIXIE Pet Products, Inc<br \/>\nZemlja Porekla: Nema\u010dka<\/p>\n\n    <div class=\"xs_social_share_widget xs_share_url after_content \t\tmain_content  wslu-style-1 wslu-share-box-shaped wslu-fill-colored wslu-none wslu-share-horizontal wslu-theme-font-no wslu-main_content\">\n\n\t\t\n        <ul>\n\t\t\t        <\/ul>\n    <\/div>","protected":false},"excerpt":{"rendered":"<p>Trixie Unutra\u0161nja Ograda namenjena je psima i ma\u010dkama, ali naro\u010dito glodarima<\/p>","protected":false},"featured_media":31171,"comment_status":"open","ping_status":"closed","template":"","meta":{"_acf_changed":false},"pwb-brand":[465],"product_cat":[986,763,23,765,202,47,769],"product_tag":[],"class_list":{"0":"post-31169","1":"product","2":"type-product","3":"status-publish","4":"has-post-thumbnail","6":"pwb-brand-trixie","7":"product_cat-glodari","8":"product_cat-krevetici-i-transporteri","9":"product_cat-macke","10":"product_cat-oprema-za-macke","11":"product_cat-oprema-za-pse","12":"product_cat-psi","13":"product_cat-krevetici-i-transporteri-macke","15":"first","16":"instock","17":"taxable","18":"shipping-taxable","19":"purchasable","20":"product-type-simple"},"acf":[],"brands":[{"id":465,"name":"Trixie","slug":"trixie"}],"_links":{"self":[{"href":"https:\/\/pawz.rs\/en\/wp-json\/wp\/v2\/product\/31169","targetHints":{"allow":["GET"]}}],"collection":[{"href":"https:\/\/pawz.rs\/en\/wp-json\/wp\/v2\/product"}],"about":[{"href":"https:\/\/pawz.rs\/en\/wp-json\/wp\/v2\/types\/product"}],"replies":[{"embeddable":true,"href":"https:\/\/pawz.rs\/en\/wp-json\/wp\/v2\/comments?post=31169"}],"wp:featuredmedia":[{"embeddable":true,"href":"https:\/\/pawz.rs\/en\/wp-json\/wp\/v2\/media\/31171"}],"wp:attachment":[{"href":"https:\/\/pawz.rs\/en\/wp-json\/wp\/v2\/media?parent=31169"}],"wp:term":[{"taxonomy":"pwb-brand","embeddable":true,"href":"https:\/\/pawz.rs\/en\/wp-json\/wp\/v2\/pwb-brand?post=31169"},{"taxonomy":"product_cat","embeddable":true,"href":"https:\/\/pawz.rs\/en\/wp-json\/wp\/v2\/product_cat?post=31169"},{"taxonomy":"product_tag","embeddable":true,"href":"https:\/\/pawz.rs\/en\/wp-json\/wp\/v2\/product_tag?post=31169"}],"curies":[{"name":"wp","href":"https:\/\/api.w.org\/{rel}","templated":true}]}}