{"id":31181,"date":"2024-09-16T19:20:21","date_gmt":"2024-09-16T17:20:21","guid":{"rendered":"https:\/\/pawz.rs\/?post_type=product&#038;p=31181"},"modified":"2025-06-29T19:54:51","modified_gmt":"2025-06-29T17:54:51","slug":"trixie-zicani-kavez-crni","status":"publish","type":"product","link":"https:\/\/pawz.rs\/en\/trixie-zicani-kavez-crni\/","title":{"rendered":"Trixie \u017di\u010dani Kavez Crni"},"content":{"rendered":"<p><strong>Trixie \u017di\u010dani Kavez Crni<\/strong><\/p>\n<ul>\n<li>idealno za kratkotrajno postavljanje kod ku\u0107e<\/li>\n<li>2 vrata, prednja i bo\u010dna<\/li>\n<li>vrata sa po 2 sigurnosna zatvara\u010da<\/li>\n<li>sklopivo<\/li>\n<li>plasti\u010dni nosa\u010d (ABS)<\/li>\n<li>od metala, sa oblogom<\/li>\n<\/ul>\n<p><strong>Veli\u010dine:<\/strong><br \/>\nS (64x54x48 cm)<br \/>\nM (78x62x55 cm)<br \/>\nM-L (93x69x62 cm)<br \/>\nL (109x79x71 cm)<br \/>\nXL (116x86x77 cm)<\/p>\n<p>Proizvo\u0111a\u010d: TRIXIE Pet Products, Inc<br \/>\nZemlja Porekla: Nema\u010dka<\/p>\n\n    <div class=\"xs_social_share_widget xs_share_url after_content \t\tmain_content  wslu-style-1 wslu-share-box-shaped wslu-fill-colored wslu-none wslu-share-horizontal wslu-theme-font-no wslu-main_content\">\n\n\t\t\n        <ul>\n\t\t\t        <\/ul>\n    <\/div>","protected":false},"excerpt":{"rendered":"<p>Trixie \u017di\u010dani Kavez je namenjen psima, idealan je za kratkotrajno ostavljanje kod ku\u0107e<\/p>","protected":false},"featured_media":31183,"comment_status":"open","ping_status":"closed","template":"","meta":{"_acf_changed":false},"pwb-brand":[465],"product_cat":[202,203,47],"product_tag":[],"class_list":{"0":"post-31181","1":"product","2":"type-product","3":"status-publish","4":"has-post-thumbnail","6":"pwb-brand-trixie","7":"product_cat-oprema-za-pse","8":"product_cat-oprema-za-setnju","9":"product_cat-psi","11":"first","12":"instock","13":"taxable","14":"shipping-taxable","15":"purchasable","16":"product-type-variable","17":"has-default-attributes"},"acf":[],"brands":[{"id":465,"name":"Trixie","slug":"trixie"}],"_links":{"self":[{"href":"https:\/\/pawz.rs\/en\/wp-json\/wp\/v2\/product\/31181","targetHints":{"allow":["GET"]}}],"collection":[{"href":"https:\/\/pawz.rs\/en\/wp-json\/wp\/v2\/product"}],"about":[{"href":"https:\/\/pawz.rs\/en\/wp-json\/wp\/v2\/types\/product"}],"replies":[{"embeddable":true,"href":"https:\/\/pawz.rs\/en\/wp-json\/wp\/v2\/comments?post=31181"}],"wp:featuredmedia":[{"embeddable":true,"href":"https:\/\/pawz.rs\/en\/wp-json\/wp\/v2\/media\/31183"}],"wp:attachment":[{"href":"https:\/\/pawz.rs\/en\/wp-json\/wp\/v2\/media?parent=31181"}],"wp:term":[{"taxonomy":"pwb-brand","embeddable":true,"href":"https:\/\/pawz.rs\/en\/wp-json\/wp\/v2\/pwb-brand?post=31181"},{"taxonomy":"product_cat","embeddable":true,"href":"https:\/\/pawz.rs\/en\/wp-json\/wp\/v2\/product_cat?post=31181"},{"taxonomy":"product_tag","embeddable":true,"href":"https:\/\/pawz.rs\/en\/wp-json\/wp\/v2\/product_tag?post=31181"}],"curies":[{"name":"wp","href":"https:\/\/api.w.org\/{rel}","templated":true}]}}