{"id":31193,"date":"2024-09-16T19:20:22","date_gmt":"2024-09-16T17:20:22","guid":{"rendered":"https:\/\/pawz.rs\/?post_type=product&#038;p=31193"},"modified":"2025-07-22T12:20:03","modified_gmt":"2025-07-22T10:20:03","slug":"trixie-drzac-za-front-torbu-13108","status":"publish","type":"product","link":"https:\/\/pawz.rs\/en\/trixie-drzac-za-front-torbu-13108\/","title":{"rendered":"Trixie Dr\u017ea\u010d Za Front Torbu 13108"},"content":{"rendered":"<p><strong>Trixie Dr\u017ea\u010d Za Front Torbu 13108<\/strong><\/p>\n<ul>\n<li>za upotrebu na drugom biciklu<\/li>\n<\/ul>\n<p>Broj artikla: 13108-20, za artikal: 13108<\/p>\n<p>Proizvo\u0111a\u010d: TRIXIE Pet Products, Inc<br \/>\nZemlja Porekla: Nema\u010dka<\/p>\n\n    <div class=\"xs_social_share_widget xs_share_url after_content \t\tmain_content  wslu-style-1 wslu-share-box-shaped wslu-fill-colored wslu-none wslu-share-horizontal wslu-theme-font-no wslu-main_content\">\n\n\t\t\n        <ul>\n\t\t\t        <\/ul>\n    <\/div>","protected":false},"excerpt":{"rendered":"<p>Trixie Dr\u017ea\u010d Za Front Torbu 13108 za upotrebu na drugom biciklu Broj artikla: 13108-20, za artikal: 13108 Proizvo\u0111a\u010d: TRIXIE Pet Products, Inc Zemlja Porekla: Nema\u010dka<\/p>","protected":false},"featured_media":31195,"comment_status":"open","ping_status":"closed","template":"","meta":{"_acf_changed":false},"pwb-brand":[465],"product_cat":[202,203,47],"product_tag":[],"class_list":{"0":"post-31193","1":"product","2":"type-product","3":"status-publish","4":"has-post-thumbnail","6":"pwb-brand-trixie","7":"product_cat-oprema-za-pse","8":"product_cat-oprema-za-setnju","9":"product_cat-psi","11":"first","12":"instock","13":"taxable","14":"shipping-taxable","15":"purchasable","16":"product-type-simple"},"acf":[],"brands":[{"id":465,"name":"Trixie","slug":"trixie"}],"_links":{"self":[{"href":"https:\/\/pawz.rs\/en\/wp-json\/wp\/v2\/product\/31193","targetHints":{"allow":["GET"]}}],"collection":[{"href":"https:\/\/pawz.rs\/en\/wp-json\/wp\/v2\/product"}],"about":[{"href":"https:\/\/pawz.rs\/en\/wp-json\/wp\/v2\/types\/product"}],"replies":[{"embeddable":true,"href":"https:\/\/pawz.rs\/en\/wp-json\/wp\/v2\/comments?post=31193"}],"wp:featuredmedia":[{"embeddable":true,"href":"https:\/\/pawz.rs\/en\/wp-json\/wp\/v2\/media\/31195"}],"wp:attachment":[{"href":"https:\/\/pawz.rs\/en\/wp-json\/wp\/v2\/media?parent=31193"}],"wp:term":[{"taxonomy":"pwb-brand","embeddable":true,"href":"https:\/\/pawz.rs\/en\/wp-json\/wp\/v2\/pwb-brand?post=31193"},{"taxonomy":"product_cat","embeddable":true,"href":"https:\/\/pawz.rs\/en\/wp-json\/wp\/v2\/product_cat?post=31193"},{"taxonomy":"product_tag","embeddable":true,"href":"https:\/\/pawz.rs\/en\/wp-json\/wp\/v2\/product_tag?post=31193"}],"curies":[{"name":"wp","href":"https:\/\/api.w.org\/{rel}","templated":true}]}}