{"id":31208,"date":"2024-09-16T19:20:27","date_gmt":"2024-09-16T17:20:27","guid":{"rendered":"https:\/\/pawz.rs\/?post_type=product&#038;p=31208"},"modified":"2025-06-29T19:54:51","modified_gmt":"2025-06-29T17:54:51","slug":"trixie-vrata-dvosmerna-s-m-30x36cm-bela","status":"publish","type":"product","link":"https:\/\/pawz.rs\/en\/trixie-vrata-dvosmerna-s-m-30x36cm-bela\/","title":{"rendered":"Trixie Vrata Dvosmerna S\/M 30x36cm Bela"},"content":{"rendered":"<p><strong>Trixie Vrata Dvosmerna S\/M 30x36cm Bela<\/strong><\/p>\n<ul>\n<li>Dvosmerni preklop S-M<\/li>\n<li>za pse (veli\u010dina S\u2013M)<\/li>\n<li>fleksibilni providni poklopac, tihi rad<\/li>\n<li>mo\u017ee se zaklju\u010dati sa uklonjivom metalnom zadnjom plo\u010dom koja \u0161titi od uljeza i od vetra i lo\u0161eg vremena<\/li>\n<li>uklj. element tunela<\/li>\n<li>dubina 19\u201332 mm<\/li>\n<li>mo\u017ee se pro\u0161iriti sa vi\u0161e elemenata tunela<\/li>\n<li>ukupna dimenzija 30 &amp;puta; 36 cm<\/li>\n<li>izrezana veli\u010dina 24,8 &amp;puta; 30,8 cm<\/li>\n<li>veli\u010dina preklopa 22,5 \u00d7 29,5 cm<\/li>\n<li>plastika<\/li>\n<\/ul>\n<p>Proizvo\u0111a\u010d: TRIXIE Pet Products, Inc<br \/>\nZemlja Porekla: Nema\u010dka<\/p>\n\n    <div class=\"xs_social_share_widget xs_share_url after_content \t\tmain_content  wslu-style-1 wslu-share-box-shaped wslu-fill-colored wslu-none wslu-share-horizontal wslu-theme-font-no wslu-main_content\">\n\n\t\t\n        <ul>\n\t\t\t        <\/ul>\n    <\/div>","protected":false},"excerpt":{"rendered":"<p>Trixie Vrata Dvosmerna namenjena za male pse<\/p>","protected":false},"featured_media":31210,"comment_status":"open","ping_status":"closed","template":"","meta":{"_acf_changed":false},"pwb-brand":[465],"product_cat":[202,47],"product_tag":[],"class_list":{"0":"post-31208","1":"product","2":"type-product","3":"status-publish","4":"has-post-thumbnail","6":"pwb-brand-trixie","7":"product_cat-oprema-za-pse","8":"product_cat-psi","10":"first","11":"instock","12":"taxable","13":"shipping-taxable","14":"purchasable","15":"product-type-simple"},"acf":[],"brands":[{"id":465,"name":"Trixie","slug":"trixie"}],"_links":{"self":[{"href":"https:\/\/pawz.rs\/en\/wp-json\/wp\/v2\/product\/31208","targetHints":{"allow":["GET"]}}],"collection":[{"href":"https:\/\/pawz.rs\/en\/wp-json\/wp\/v2\/product"}],"about":[{"href":"https:\/\/pawz.rs\/en\/wp-json\/wp\/v2\/types\/product"}],"replies":[{"embeddable":true,"href":"https:\/\/pawz.rs\/en\/wp-json\/wp\/v2\/comments?post=31208"}],"wp:featuredmedia":[{"embeddable":true,"href":"https:\/\/pawz.rs\/en\/wp-json\/wp\/v2\/media\/31210"}],"wp:attachment":[{"href":"https:\/\/pawz.rs\/en\/wp-json\/wp\/v2\/media?parent=31208"}],"wp:term":[{"taxonomy":"pwb-brand","embeddable":true,"href":"https:\/\/pawz.rs\/en\/wp-json\/wp\/v2\/pwb-brand?post=31208"},{"taxonomy":"product_cat","embeddable":true,"href":"https:\/\/pawz.rs\/en\/wp-json\/wp\/v2\/product_cat?post=31208"},{"taxonomy":"product_tag","embeddable":true,"href":"https:\/\/pawz.rs\/en\/wp-json\/wp\/v2\/product_tag?post=31208"}],"curies":[{"name":"wp","href":"https:\/\/api.w.org\/{rel}","templated":true}]}}