{"id":31227,"date":"2024-09-11T12:06:05","date_gmt":"2024-09-11T10:06:05","guid":{"rendered":"https:\/\/pawz.rs\/?post_type=product&#038;p=31227"},"modified":"2025-06-29T19:54:51","modified_gmt":"2025-06-29T17:54:51","slug":"trixie-ranac-willow-38x25x45cm-bez-braon","status":"publish","type":"product","link":"https:\/\/pawz.rs\/en\/trixie-ranac-willow-38x25x45cm-bez-braon\/","title":{"rendered":"Trixie Ranac Willow 38x25x45cm Bez\/Braon"},"content":{"rendered":"<p><strong>Trixie Ranac Willow 38x25x45cm Bez\/Braon<\/strong><\/p>\n<ul>\n<li>idealno za duge \u0161etnje i putovanja<\/li>\n<li>veoma udobno za no\u0161enje zbog postavljenog remena za ramena (podesiv)<\/li>\n<li>sa mre\u017eastim umetcima za dobru cirkulaciju vazduha<\/li>\n<li>otvara se s prednje strane<\/li>\n<li>potpuno podesiv kai\u0161 za stomak<\/li>\n<li>postavljeni zadnji deo<\/li>\n<li>sa spoljnim d\u017eepom<\/li>\n<li>sa integrisanim kratkim kablom<\/li>\n<li>postavljena donja plo\u010da u izgledu jagnje\u0107eg krzna (poliester), koja se mo\u017ee ukloniti<\/li>\n<li>EVA sa poliesterom koji zadr\u017eava oblik<\/li>\n<\/ul>\n<p>Artikal br.: 28831, Dimenzije: 38 \u00d7 25 \u00d7 45 cm, do: 7 kg<\/p>\n<p>Proizvo\u0111a\u010d: TRIXIE Pet Products, Inc<br \/>\nZemlja Porekla: Nema\u010dka<\/p>\n\n    <div class=\"xs_social_share_widget xs_share_url after_content \t\tmain_content  wslu-style-1 wslu-share-box-shaped wslu-fill-colored wslu-none wslu-share-horizontal wslu-theme-font-no wslu-main_content\">\n\n\t\t\n        <ul>\n\t\t\t        <\/ul>\n    <\/div>","protected":false},"excerpt":{"rendered":"<p>Trixie Ranac Willow idealan za \u0161etnje, namenjene psima, a mogu ga koristiti i ma\u010dke<\/p>","protected":false},"featured_media":31229,"comment_status":"open","ping_status":"closed","template":"","meta":{"_acf_changed":false},"pwb-brand":[465],"product_cat":[202,203,47],"product_tag":[],"class_list":{"0":"post-31227","1":"product","2":"type-product","3":"status-publish","4":"has-post-thumbnail","6":"pwb-brand-trixie","7":"product_cat-oprema-za-pse","8":"product_cat-oprema-za-setnju","9":"product_cat-psi","11":"first","12":"instock","13":"taxable","14":"shipping-taxable","15":"purchasable","16":"product-type-simple"},"acf":[],"brands":[{"id":465,"name":"Trixie","slug":"trixie"}],"_links":{"self":[{"href":"https:\/\/pawz.rs\/en\/wp-json\/wp\/v2\/product\/31227","targetHints":{"allow":["GET"]}}],"collection":[{"href":"https:\/\/pawz.rs\/en\/wp-json\/wp\/v2\/product"}],"about":[{"href":"https:\/\/pawz.rs\/en\/wp-json\/wp\/v2\/types\/product"}],"replies":[{"embeddable":true,"href":"https:\/\/pawz.rs\/en\/wp-json\/wp\/v2\/comments?post=31227"}],"wp:featuredmedia":[{"embeddable":true,"href":"https:\/\/pawz.rs\/en\/wp-json\/wp\/v2\/media\/31229"}],"wp:attachment":[{"href":"https:\/\/pawz.rs\/en\/wp-json\/wp\/v2\/media?parent=31227"}],"wp:term":[{"taxonomy":"pwb-brand","embeddable":true,"href":"https:\/\/pawz.rs\/en\/wp-json\/wp\/v2\/pwb-brand?post=31227"},{"taxonomy":"product_cat","embeddable":true,"href":"https:\/\/pawz.rs\/en\/wp-json\/wp\/v2\/product_cat?post=31227"},{"taxonomy":"product_tag","embeddable":true,"href":"https:\/\/pawz.rs\/en\/wp-json\/wp\/v2\/product_tag?post=31227"}],"curies":[{"name":"wp","href":"https:\/\/api.w.org\/{rel}","templated":true}]}}