{"id":31230,"date":"2024-09-11T12:06:05","date_gmt":"2024-09-11T10:06:05","guid":{"rendered":"https:\/\/pawz.rs\/?post_type=product&#038;p=31230"},"modified":"2025-06-29T19:54:51","modified_gmt":"2025-06-29T17:54:51","slug":"trixie-torba-evelyn-40x30x20cm-krem-siva","status":"publish","type":"product","link":"https:\/\/pawz.rs\/en\/trixie-torba-evelyn-40x30x20cm-krem-siva\/","title":{"rendered":"Trixie Torba Evelyn 40x30x20cm Krem\/Siva"},"content":{"rendered":"<p><strong>Trixie Torba Evelyn 40x30x20cm Krem\/Siva<\/strong><\/p>\n<ul>\n<li>sa spoljnim d\u017eepom<\/li>\n<li>postavljenog i stabilnog oblika<\/li>\n<li>sa integrisanim kratkim povocem<\/li>\n<li>unutra\u0161nji poklopac: od pli\u0161a (poliester)<\/li>\n<li>ve\u0161ta\u010dka ko\u017ea (poliester)<\/li>\n<\/ul>\n<p>Artikal br.: 28848, Mere: 40 &amp; times; 30 \u00d7 20 cm, do: 5 kg<\/p>\n<p>Proizvo\u0111a\u010d: TRIXIE Pet Products, Inc<br \/>\nZemlja Porekla: Nema\u010dka<\/p>\n\n    <div class=\"xs_social_share_widget xs_share_url after_content \t\tmain_content  wslu-style-1 wslu-share-box-shaped wslu-fill-colored wslu-none wslu-share-horizontal wslu-theme-font-no wslu-main_content\">\n\n\t\t\n        <ul>\n\t\t\t        <\/ul>\n    <\/div>","protected":false},"excerpt":{"rendered":"<p>Trixie Torba Evelyn je torba sa kratkim povocem, namenjem malim psima a mogu ga koristiti i ma\u010dke<\/p>","protected":false},"featured_media":31232,"comment_status":"open","ping_status":"closed","template":"","meta":{"_acf_changed":false},"pwb-brand":[465],"product_cat":[202,203,47],"product_tag":[],"class_list":{"0":"post-31230","1":"product","2":"type-product","3":"status-publish","4":"has-post-thumbnail","6":"pwb-brand-trixie","7":"product_cat-oprema-za-pse","8":"product_cat-oprema-za-setnju","9":"product_cat-psi","11":"first","12":"instock","13":"taxable","14":"shipping-taxable","15":"purchasable","16":"product-type-simple"},"acf":[],"brands":[{"id":465,"name":"Trixie","slug":"trixie"}],"_links":{"self":[{"href":"https:\/\/pawz.rs\/en\/wp-json\/wp\/v2\/product\/31230","targetHints":{"allow":["GET"]}}],"collection":[{"href":"https:\/\/pawz.rs\/en\/wp-json\/wp\/v2\/product"}],"about":[{"href":"https:\/\/pawz.rs\/en\/wp-json\/wp\/v2\/types\/product"}],"replies":[{"embeddable":true,"href":"https:\/\/pawz.rs\/en\/wp-json\/wp\/v2\/comments?post=31230"}],"wp:featuredmedia":[{"embeddable":true,"href":"https:\/\/pawz.rs\/en\/wp-json\/wp\/v2\/media\/31232"}],"wp:attachment":[{"href":"https:\/\/pawz.rs\/en\/wp-json\/wp\/v2\/media?parent=31230"}],"wp:term":[{"taxonomy":"pwb-brand","embeddable":true,"href":"https:\/\/pawz.rs\/en\/wp-json\/wp\/v2\/pwb-brand?post=31230"},{"taxonomy":"product_cat","embeddable":true,"href":"https:\/\/pawz.rs\/en\/wp-json\/wp\/v2\/product_cat?post=31230"},{"taxonomy":"product_tag","embeddable":true,"href":"https:\/\/pawz.rs\/en\/wp-json\/wp\/v2\/product_tag?post=31230"}],"curies":[{"name":"wp","href":"https:\/\/api.w.org\/{rel}","templated":true}]}}