{"id":31236,"date":"2024-09-11T12:06:08","date_gmt":"2024-09-11T10:06:08","guid":{"rendered":"https:\/\/pawz.rs\/?post_type=product&#038;p=31236"},"modified":"2025-06-29T19:54:51","modified_gmt":"2025-06-29T17:54:51","slug":"trixie-rolltop-torba-55-130cm-rustik-boja","status":"publish","type":"product","link":"https:\/\/pawz.rs\/en\/trixie-rolltop-torba-55-130cm-rustik-boja\/","title":{"rendered":"Trixie Rolltop Torba 55 130cm Rustik Boja"},"content":{"rendered":"<p><strong>Trixie Rolltop Torba 55 130cm Rustik Boja<\/strong><\/p>\n<ul>\n<li>ranac: 39 x 7\/1 x 24\/32,5 cm<\/li>\n<li>torba za kukove: 22 x 7\/3 x 24\/32,5 cm<\/li>\n<li>dr\u017ea\u010d povoca sa funkcijom brzog otpu\u0161tanja<\/li>\n<li>poseban sistem povoca: ravnomerno \u0161iri povla\u010denje psa preko struka<\/li>\n<li>sa raznim d\u017eepovima i dr\u017ea\u010dem za \u010da\u0161e<\/li>\n<li>glavni odeljak je dostupan sa vrha i kada je rol-top umotani sa prednje strane<\/li>\n<li>sa stalno podesivim, uklonjivim kai\u0161em za rame<\/li>\n<li>anatomski oblikovan i postavljenim zadnjim delom<\/li>\n<li>integrisani dozator vre\u0107ica za pse<\/li>\n<li>reflektuju\u0107i elementi<\/li>\n<li>od pamuka\/poliestera<\/li>\n<\/ul>\n<p>Artikal br.: 28867, mere: pojas: 55-130 cm, obim stomaka: 55\u2013130 cm<\/p>\n<p>Proizvo\u0111a\u010d: TRIXIE Pet Products, Inc<br \/>\nZemlja Porekla: Nema\u010dka<\/p>\n\n    <div class=\"xs_social_share_widget xs_share_url after_content \t\tmain_content  wslu-style-1 wslu-share-box-shaped wslu-fill-colored wslu-none wslu-share-horizontal wslu-theme-font-no wslu-main_content\">\n\n\t\t\n        <ul>\n\t\t\t        <\/ul>\n    <\/div>","protected":false},"excerpt":{"rendered":"<p>Trixie Rolltop Torba 55 mo\u017ee se koristiti i kao torba i kao ranac<\/p>","protected":false},"featured_media":31238,"comment_status":"open","ping_status":"closed","template":"","meta":{"_acf_changed":false},"pwb-brand":[465],"product_cat":[202,203,47],"product_tag":[],"class_list":{"0":"post-31236","1":"product","2":"type-product","3":"status-publish","4":"has-post-thumbnail","6":"pwb-brand-trixie","7":"product_cat-oprema-za-pse","8":"product_cat-oprema-za-setnju","9":"product_cat-psi","11":"first","12":"instock","13":"taxable","14":"shipping-taxable","15":"purchasable","16":"product-type-simple"},"acf":[],"brands":[{"id":465,"name":"Trixie","slug":"trixie"}],"_links":{"self":[{"href":"https:\/\/pawz.rs\/en\/wp-json\/wp\/v2\/product\/31236","targetHints":{"allow":["GET"]}}],"collection":[{"href":"https:\/\/pawz.rs\/en\/wp-json\/wp\/v2\/product"}],"about":[{"href":"https:\/\/pawz.rs\/en\/wp-json\/wp\/v2\/types\/product"}],"replies":[{"embeddable":true,"href":"https:\/\/pawz.rs\/en\/wp-json\/wp\/v2\/comments?post=31236"}],"wp:featuredmedia":[{"embeddable":true,"href":"https:\/\/pawz.rs\/en\/wp-json\/wp\/v2\/media\/31238"}],"wp:attachment":[{"href":"https:\/\/pawz.rs\/en\/wp-json\/wp\/v2\/media?parent=31236"}],"wp:term":[{"taxonomy":"pwb-brand","embeddable":true,"href":"https:\/\/pawz.rs\/en\/wp-json\/wp\/v2\/pwb-brand?post=31236"},{"taxonomy":"product_cat","embeddable":true,"href":"https:\/\/pawz.rs\/en\/wp-json\/wp\/v2\/product_cat?post=31236"},{"taxonomy":"product_tag","embeddable":true,"href":"https:\/\/pawz.rs\/en\/wp-json\/wp\/v2\/product_tag?post=31236"}],"curies":[{"name":"wp","href":"https:\/\/api.w.org\/{rel}","templated":true}]}}