{"id":31239,"date":"2024-09-11T12:06:08","date_gmt":"2024-09-11T10:06:08","guid":{"rendered":"https:\/\/pawz.rs\/?post_type=product&#038;p=31239"},"modified":"2025-07-01T20:58:13","modified_gmt":"2025-07-01T18:58:13","slug":"trixie-autosediste-midi-56x37x36cm-crno-sivo","status":"publish","type":"product","link":"https:\/\/pawz.rs\/en\/trixie-autosediste-midi-56x37x36cm-crno-sivo\/","title":{"rendered":"Trixie Autosedi\u0161te Midi 56x37x36cm Crno Sivo"},"content":{"rendered":"<p><strong>Trixie Autosedi\u0161te Midi 56x37x36cm Crno Sivo<\/strong><\/p>\n<ul>\n<li>sa kai\u0161evima za fiksiranje kutije unutar automobila<\/li>\n<li>prorezi za kai\u0161 omogu\u0107avaju zakop\u010davanje psa<\/li>\n<li>pli\u0161ani umetak, koji se mo\u017ee ukloniti<\/li>\n<li>sklopivo<\/li>\n<li>sa spoljnim d\u017eepovima<\/li>\n<li>od poliestera<\/li>\n<\/ul>\n<p>Artikal br.: 13173, Mere: 56 &amp;puta; 37 \u00d7 36 cm, do: 10 kg<\/p>\n<p>Proizvo\u0111a\u010d: TRIXIE Pet Products, Inc<br \/>\nZemlja Porekla: Nema\u010dka<\/p>\n\n    <div class=\"xs_social_share_widget xs_share_url after_content \t\tmain_content  wslu-style-1 wslu-share-box-shaped wslu-fill-colored wslu-none wslu-share-horizontal wslu-theme-font-no wslu-main_content\">\n\n\t\t\n        <ul>\n\t\t\t        <\/ul>\n    <\/div>","protected":false},"excerpt":{"rendered":"<p>Trixie Autosedi\u0161te Midi predstavlja za\u0161titu za psa koji se nalazi u kolima<\/p>","protected":false},"featured_media":31241,"comment_status":"open","ping_status":"closed","template":"","meta":{"_acf_changed":false},"pwb-brand":[465],"product_cat":[202,203,47],"product_tag":[],"class_list":{"0":"post-31239","1":"product","2":"type-product","3":"status-publish","4":"has-post-thumbnail","6":"pwb-brand-trixie","7":"product_cat-oprema-za-pse","8":"product_cat-oprema-za-setnju","9":"product_cat-psi","11":"first","12":"instock","13":"taxable","14":"shipping-taxable","15":"purchasable","16":"product-type-simple"},"acf":[],"brands":[{"id":465,"name":"Trixie","slug":"trixie"}],"_links":{"self":[{"href":"https:\/\/pawz.rs\/en\/wp-json\/wp\/v2\/product\/31239","targetHints":{"allow":["GET"]}}],"collection":[{"href":"https:\/\/pawz.rs\/en\/wp-json\/wp\/v2\/product"}],"about":[{"href":"https:\/\/pawz.rs\/en\/wp-json\/wp\/v2\/types\/product"}],"replies":[{"embeddable":true,"href":"https:\/\/pawz.rs\/en\/wp-json\/wp\/v2\/comments?post=31239"}],"wp:featuredmedia":[{"embeddable":true,"href":"https:\/\/pawz.rs\/en\/wp-json\/wp\/v2\/media\/31241"}],"wp:attachment":[{"href":"https:\/\/pawz.rs\/en\/wp-json\/wp\/v2\/media?parent=31239"}],"wp:term":[{"taxonomy":"pwb-brand","embeddable":true,"href":"https:\/\/pawz.rs\/en\/wp-json\/wp\/v2\/pwb-brand?post=31239"},{"taxonomy":"product_cat","embeddable":true,"href":"https:\/\/pawz.rs\/en\/wp-json\/wp\/v2\/product_cat?post=31239"},{"taxonomy":"product_tag","embeddable":true,"href":"https:\/\/pawz.rs\/en\/wp-json\/wp\/v2\/product_tag?post=31239"}],"curies":[{"name":"wp","href":"https:\/\/api.w.org\/{rel}","templated":true}]}}