{"id":31242,"date":"2024-09-11T12:06:08","date_gmt":"2024-09-11T10:06:08","guid":{"rendered":"https:\/\/pawz.rs\/?post_type=product&#038;p=31242"},"modified":"2025-07-15T11:09:49","modified_gmt":"2025-07-15T09:09:49","slug":"trixie-prikolica-za-bicikl-l-75x6x80-145cm-crno-crvena","status":"publish","type":"product","link":"https:\/\/pawz.rs\/en\/trixie-prikolica-za-bicikl-l-75x6x80-145cm-crno-crvena\/","title":{"rendered":"Trixie Prikolica Za Bicikl L 75x6x80 145cm Crno Crvena"},"content":{"rendered":"<p><strong>Trixie Prikolica Za Bicikl L 75x6x80 145cm Crno Crvena<\/strong><\/p>\n<ul>\n<li>to\u010dkovi sa sistemom za brzo pri\u010dvr\u0161\u0107ivanje<\/li>\n<li>sa prednjim i zadnjim vratima<\/li>\n<li>prednji gornji umetak mre\u017ee mo\u017ee biti pokriven za\u0161titom od ki\u0161e<\/li>\n<li>gornji mre\u017eni umetak ima poklopac koji se mo\u017ee zatvoriti<\/li>\n<li>kuke za pri\u010dvr\u0161\u0107ivanje zadnjeg svetla<\/li>\n<li>od veli\u010dine M sa dva bo\u010dna d\u017eepa<\/li>\n<li>sa integrisanim kratkim povocem<\/li>\n<li>sa reflektuju\u0107im elementima<\/li>\n<li>signalni baner sa reflektuju\u0107im motivom<\/li>\n<li>prikolica je uklju\u010dena<\/li>\n<li>sklopivo<\/li>\n<li>sa postavljenom bazom koja se mo\u017ee ukloniti<\/li>\n<li>Od veli\u010dine M: Jogger komplet za konverziju je posebno dostupan (Artikal 12815, 12817)<\/li>\n<li>od \u010delika, pokriva\u010d od poliestera<\/li>\n<li>boja: crvena\/crna<\/li>\n<\/ul>\n<p>Proizvo\u0111a\u010d: TRIXIE Pet Products, Inc<br \/>\nZemlja Porekla: Nema\u010dka<\/p>\n\n    <div class=\"xs_social_share_widget xs_share_url after_content \t\tmain_content  wslu-style-1 wslu-share-box-shaped wslu-fill-colored wslu-none wslu-share-horizontal wslu-theme-font-no wslu-main_content\">\n\n\t\t\n        <ul>\n\t\t\t        <\/ul>\n    <\/div>","protected":false},"excerpt":{"rendered":"<p>Trixie Prikolica Za Bicikl predstavlja sklopivu prikolicu namenjena psima<\/p>","protected":false},"featured_media":31244,"comment_status":"open","ping_status":"closed","template":"","meta":{"_acf_changed":false},"pwb-brand":[465],"product_cat":[202,203,47],"product_tag":[],"class_list":{"0":"post-31242","1":"product","2":"type-product","3":"status-publish","4":"has-post-thumbnail","6":"pwb-brand-trixie","7":"product_cat-oprema-za-pse","8":"product_cat-oprema-za-setnju","9":"product_cat-psi","10":"product_shipping_class-skupa-roba","12":"first","13":"instock","14":"taxable","15":"shipping-taxable","16":"purchasable","17":"product-type-simple"},"acf":[],"brands":[{"id":465,"name":"Trixie","slug":"trixie"}],"_links":{"self":[{"href":"https:\/\/pawz.rs\/en\/wp-json\/wp\/v2\/product\/31242","targetHints":{"allow":["GET"]}}],"collection":[{"href":"https:\/\/pawz.rs\/en\/wp-json\/wp\/v2\/product"}],"about":[{"href":"https:\/\/pawz.rs\/en\/wp-json\/wp\/v2\/types\/product"}],"replies":[{"embeddable":true,"href":"https:\/\/pawz.rs\/en\/wp-json\/wp\/v2\/comments?post=31242"}],"wp:featuredmedia":[{"embeddable":true,"href":"https:\/\/pawz.rs\/en\/wp-json\/wp\/v2\/media\/31244"}],"wp:attachment":[{"href":"https:\/\/pawz.rs\/en\/wp-json\/wp\/v2\/media?parent=31242"}],"wp:term":[{"taxonomy":"pwb-brand","embeddable":true,"href":"https:\/\/pawz.rs\/en\/wp-json\/wp\/v2\/pwb-brand?post=31242"},{"taxonomy":"product_cat","embeddable":true,"href":"https:\/\/pawz.rs\/en\/wp-json\/wp\/v2\/product_cat?post=31242"},{"taxonomy":"product_tag","embeddable":true,"href":"https:\/\/pawz.rs\/en\/wp-json\/wp\/v2\/product_tag?post=31242"}],"curies":[{"name":"wp","href":"https:\/\/api.w.org\/{rel}","templated":true}]}}