{"id":31296,"date":"2024-09-11T18:48:21","date_gmt":"2024-09-11T16:48:21","guid":{"rendered":"https:\/\/pawz.rs\/?post_type=product&#038;p=31296"},"modified":"2025-06-29T19:54:51","modified_gmt":"2025-06-29T17:54:51","slug":"happy-dog-profi-line-gold-perfomance-34-24-20-kg","status":"publish","type":"product","link":"https:\/\/pawz.rs\/en\/happy-dog-profi-line-gold-perfomance-34-24-20-kg\/","title":{"rendered":"Happy Dog Profi Line Gold Performance 34\/24 20 kg"},"content":{"rendered":"<p><strong>Happy Dog Profi Line Gold Performance 34\/24 20 kg<\/strong><\/p>\n<p>ODNOS \/ PROTEINI MASTI: 34% \/ 24%<\/p>\n<p>Hrana namenjena svim odraslim psima, bez obzira na pasminu, sa ekstremnim energetskim potrebama.<\/p>\n<p>Ne sadr\u017ei soju, gluten, ve\u0161ta\u010dje boje i konzervanse. Hrana je pogodna za ishranu osetljivih pasa. Proizvedeno u Nema\u010dkoj pod strogom kontrolom kvaliteta.<\/p>\n<p><strong>Sastav: <\/strong><br \/>\nProteini \u017eivinskog mesa su\u0161eni, kukuruzno bra\u0161no, gove\u0111a mast, \u017eivinska mast, \u010dvarci, bra\u0161no od mesa, bra\u0161no od pirin\u010da, hemoglobin su\u0161eni, pahuljice od krompira su\u0161ene, kukuruz, riblje bra\u0161no, hidrolizat jetre, odresci od repne melase su\u0161eni, celuloza su\u0161ena, dro\u017edine jabuke su\u0161ene, natrijum hlorid).<\/p>\n<p><strong>Analiza sastav: <\/strong><br \/>\nSirovi protein 34,0%, sirova mast 24,0 %, sirova vlakna 2,5%, sirov pepeo 7,0%, kalcijum 1,6%, fosfor 0,95%, natrijum 0,3%<\/p>\n<p><strong>Aditivi: Vitamini \/ kg: <\/strong><br \/>\nVitamin A (E672) 10250 I.E., vitamin D3 (E671) 1000 I.E., vitamin E (all\u2011rac\u2011alfa\u2011tocoferilacetat 3a700) 45 mg, vitamin B1 (tiamin mononitrat) 3 mg, vitamin B2 (riboflavin) 6 mg, vitamin B6 (piridoksin hidroklorid) 2,5 mg, biotin (D(+)\u2011Biotin) 250 mcg, D\u2011pantotenat kalcijum 7,5 mg, nijacin 30 mg, vitamin B12 (cijanocobalamin) 45 mcg<\/p>\n<p>Antioksidaciono sredstvo, jaki ekstrakti koji sadr\u017ee tokoferol prirodnog porekla<\/p>\n<p><strong>Mikroelementi \/ kg: <\/strong><br \/>\nGvo\u017e\u0111e (E1, gvo\u017e\u0111e(II)sulfat monohidrat) 100 mg, bakar (E4, bakar(II)sulfat pentahidrat) 10 mg, cink (E6 cinkoksid) 80 mg, mangan (E5 mangan(II)oksid) 10 mg, jod (E2 kalcijum\u2011jodat bez vode) 1,25 mg, selen (E8 natrijum selenit) 0,1 mg<\/p>\n<p>Serve food in dry form with available fresh water.<br \/>\nFor your pet&#039;s health, consult a veterinarian regularly.<\/p>\n<p>Store the product in a dry, dark and cool place.<\/p>\n<p>Proizvo\u0111a\u010d: Interquell GmbH<br \/>\nCountry of origin: Germany<\/p>\n\n    <div class=\"xs_social_share_widget xs_share_url after_content \t\tmain_content  wslu-style-1 wslu-share-box-shaped wslu-fill-colored wslu-none wslu-share-horizontal wslu-theme-font-no wslu-main_content\">\n\n\t\t\n        <ul>\n\t\t\t        <\/ul>\n    <\/div>","protected":false},"excerpt":{"rendered":"<p>Happy Dog Profi Line Gold Perfomance je hrana za odrasle pse koji imaju ekstremno velike energetske potrebe<\/p>","protected":false},"featured_media":33215,"comment_status":"closed","ping_status":"closed","template":"","meta":{"_acf_changed":false},"pwb-brand":[1170],"product_cat":[47,48,49],"product_tag":[209],"class_list":{"0":"post-31296","1":"product","2":"type-product","3":"status-publish","4":"has-post-thumbnail","6":"pwb-brand-happy-dog","7":"product_cat-psi","8":"product_cat-hrana-za-pse","9":"product_cat-granule-za-pse","10":"product_tag-bez-glutena","12":"first","13":"instock","14":"taxable","15":"shipping-taxable","16":"purchasable","17":"product-type-simple"},"acf":[],"brands":[{"id":1170,"name":"Happy Dog","slug":"happy-dog"}],"_links":{"self":[{"href":"https:\/\/pawz.rs\/en\/wp-json\/wp\/v2\/product\/31296","targetHints":{"allow":["GET"]}}],"collection":[{"href":"https:\/\/pawz.rs\/en\/wp-json\/wp\/v2\/product"}],"about":[{"href":"https:\/\/pawz.rs\/en\/wp-json\/wp\/v2\/types\/product"}],"replies":[{"embeddable":true,"href":"https:\/\/pawz.rs\/en\/wp-json\/wp\/v2\/comments?post=31296"}],"wp:featuredmedia":[{"embeddable":true,"href":"https:\/\/pawz.rs\/en\/wp-json\/wp\/v2\/media\/33215"}],"wp:attachment":[{"href":"https:\/\/pawz.rs\/en\/wp-json\/wp\/v2\/media?parent=31296"}],"wp:term":[{"taxonomy":"pwb-brand","embeddable":true,"href":"https:\/\/pawz.rs\/en\/wp-json\/wp\/v2\/pwb-brand?post=31296"},{"taxonomy":"product_cat","embeddable":true,"href":"https:\/\/pawz.rs\/en\/wp-json\/wp\/v2\/product_cat?post=31296"},{"taxonomy":"product_tag","embeddable":true,"href":"https:\/\/pawz.rs\/en\/wp-json\/wp\/v2\/product_tag?post=31296"}],"curies":[{"name":"wp","href":"https:\/\/api.w.org\/{rel}","templated":true}]}}