{"id":31809,"date":"2024-09-25T14:07:35","date_gmt":"2024-09-25T12:07:35","guid":{"rendered":"https:\/\/pawz.rs\/?post_type=product&#038;p=31809"},"modified":"2026-02-07T21:23:58","modified_gmt":"2026-02-07T20:23:58","slug":"cennamo-prestige-cat-adult-beef-10-kg","status":"publish","type":"product","link":"https:\/\/pawz.rs\/en\/cennamo-prestige-cat-adult-beef-10-kg\/","title":{"rendered":"Cennamo Prestige Cat Adult Beef 10 kg"},"content":{"rendered":"<p><strong>Cennamo Prestige Cat Adult Beef 10 kg<\/strong><\/p>\n<p class=\"quickview-para\">Suva hrana za odrasle ma\u010dke sa govedinom<\/p>\n<p class=\"quickview-para\">Formulisana da zadovolji nutritivne potrebe ma\u010daka bilo koje rase, u razli\u010ditim fazama \u017eivota i da im pomogne u odr\u017eavanju dobrobiti.<\/p>\n<p>Ispitivana za jedinke sa normalnom i intezivnom fizi\u010dkom aktivno\u0161\u0107u<\/p>\n<p><strong>Sastav:<br \/>\n<\/strong>Govedina 38% (od \u010dega 80% dehidrirana govedina i 20% hidrolizat sve\u017ee govedine), kukuruz, pirina\u010d, su\u0161ena pulpa repe, su\u0161ena pulpa cikorije (izvor inulina), pile\u0107a mast, minerali, dehidrirani kvasac (Bio MOS o.15%), frukto-oligo-saharidi (FOS) 0,06%, juka 0,025%<\/p>\n<div class=\"pro-details-list\">\n<p><strong>Nutritivni sastav:<\/strong><br \/>\nVitamin A 30000 IU\/kg, vitamin D3 1700 mg\/kg, vitamin E150 mg\/kg, selen 0,18%, cink 130 mg\/kg, bakar 11 mg\/kg, gvo\u017e\u0111e 95 mg\/kg, jod 1,2 mg\/kg, L-karnitin 1000 mg\/kg, taurin 1400 mg\/kg<\/p>\n<p><strong>Analytical composition:<\/strong><br \/>\nSirovi proteini 33,5%, sirove masti 15,5%, sirova vlakna 2,7%, sirov pepeo 7,30%, kalcijum 1,1%, fosfor 0,9%, magnezijum 0,08%<\/p>\n<p>Serve food in dry form with available fresh water.<br \/>\nFor your pet&#039;s health, consult a veterinarian regularly.<\/p>\n<p>Store the product in a dry, dark and cool place.<\/p>\n<p>Proizvo\u0111a\u010d: Cennamo<br \/>\nZemlja porekla: Italija<\/p>\n<\/div>\n\n    <div class=\"xs_social_share_widget xs_share_url after_content \t\tmain_content  wslu-style-1 wslu-share-box-shaped wslu-fill-colored wslu-none wslu-share-horizontal wslu-theme-font-no wslu-main_content\">\n\n\t\t\n        <ul>\n\t\t\t        <\/ul>\n    <\/div>","protected":false},"excerpt":{"rendered":"<p>Cennamo Prestige Cat Adult je kompletna suva hrana za odrasle ma\u010dke sa ukusom govedine<\/p>","protected":false},"featured_media":31810,"comment_status":"open","ping_status":"closed","template":"","meta":{"_acf_changed":false},"pwb-brand":[962],"product_cat":[23,21,149],"product_tag":[],"class_list":{"0":"post-31809","1":"product","2":"type-product","3":"status-publish","4":"has-post-thumbnail","6":"pwb-brand-cennamo","7":"product_cat-macke","8":"product_cat-hrana-za-macke","9":"product_cat-granule-za-macke","11":"first","12":"instock","13":"taxable","14":"shipping-taxable","15":"purchasable","16":"product-type-simple"},"acf":[],"brands":[{"id":962,"name":"Cennamo","slug":"cennamo"}],"_links":{"self":[{"href":"https:\/\/pawz.rs\/en\/wp-json\/wp\/v2\/product\/31809","targetHints":{"allow":["GET"]}}],"collection":[{"href":"https:\/\/pawz.rs\/en\/wp-json\/wp\/v2\/product"}],"about":[{"href":"https:\/\/pawz.rs\/en\/wp-json\/wp\/v2\/types\/product"}],"replies":[{"embeddable":true,"href":"https:\/\/pawz.rs\/en\/wp-json\/wp\/v2\/comments?post=31809"}],"wp:featuredmedia":[{"embeddable":true,"href":"https:\/\/pawz.rs\/en\/wp-json\/wp\/v2\/media\/31810"}],"wp:attachment":[{"href":"https:\/\/pawz.rs\/en\/wp-json\/wp\/v2\/media?parent=31809"}],"wp:term":[{"taxonomy":"pwb-brand","embeddable":true,"href":"https:\/\/pawz.rs\/en\/wp-json\/wp\/v2\/pwb-brand?post=31809"},{"taxonomy":"product_cat","embeddable":true,"href":"https:\/\/pawz.rs\/en\/wp-json\/wp\/v2\/product_cat?post=31809"},{"taxonomy":"product_tag","embeddable":true,"href":"https:\/\/pawz.rs\/en\/wp-json\/wp\/v2\/product_tag?post=31809"}],"curies":[{"name":"wp","href":"https:\/\/api.w.org\/{rel}","templated":true}]}}