{"id":31983,"date":"2024-10-01T15:21:34","date_gmt":"2024-10-01T13:21:34","guid":{"rendered":"https:\/\/pawz.rs\/?post_type=product&#038;p=31983"},"modified":"2025-06-29T19:54:02","modified_gmt":"2025-06-29T17:54:02","slug":"platinum-vetactive-sensitive","status":"publish","type":"product","link":"https:\/\/pawz.rs\/en\/platinum-vetactive-sensitive\/","title":{"rendered":"Platinum VetActive Sensitive"},"content":{"rendered":"<p><strong>Platinum VetActive Sensitive<\/strong><\/p>\n<div class=\"col-md-12 text-center\">\n<div class=\"col-md-12 text-center\">\n<p><strong>Kompletna so\u010dna suva hrana bez \u017eitarica idealna za pse sa osetljivim gastrointestinalnim traktom<\/strong><\/p>\n<p>Hrana se pravi koriste\u0107i\u00a0<strong>FSG<\/strong>\u00a0(Fleischsaftgarung). Ovaj metod pripreme hrane je razvijen u kuhinji, a ne u industrijskim uslovima. Ceo proces je baziran na tehnikama, koje vrhunski kuvari \u010desto koriste, kako bi meso bilo ukusnije i zdravije kuvanjem u njegovom sopstvenom soku. Fleischsaftgarung\u00a0<strong>(FSG)<\/strong>\u00a0je pa\u017eljivo odabrana kombinacija ovih kulinarskih tehnika i prilago\u0111ena potrebama pasa.<\/p>\n<p><strong>FSG<\/strong>\u00a0metod podrazumeva kuvanje mesa u sopstvenom soku u vakumu. Nakon dugog kuvanja tokom koga se deo mesnih sokova redukuje nastaje na\u0161a PLATINUM so\u010dna suva hrana.<\/p>\n<p>Sve vi\u0161e pasa u dana\u0161nje vreme pati od \u010destih dijareja i ostalih stoma\u010dnih problema. VetActive Sensitive nudi Va\u0161im \u010detvorono\u017enim prijateljima kompletnu ukusnu hranu sa pa\u017eljivo odabranim i lako svarljivim sastojcima. Zahvaljuju\u0107i minimum 70% sve\u017eeg mesa na\u0161a hrana se izrazito lako vari i predstavlja pravi kulinarski do\u017eivljaj za osetljive pse.<\/p>\n<p><strong>Napomena:<\/strong>\u00a0Ukoliko su problemi sa digestivnim traktom uporni i dugotrajni preporu\u010dujemo posetu veterinaru.<\/p>\n<p><strong>\u00a0Prednosti:\u00a0<\/strong><\/p>\n<ul>\n<li>70% sve\u017ee \u0107uretine kuvane u sopstvenom soku<\/li>\n<li>Zdrava i sjajna dlaka zahvaljuju\u010di dodatom lososovom ulju<\/li>\n<li>Mix odabranog bilja koji poma\u017ee kod problema sa varenjem<\/li>\n<li>Ekstrakt ruzmarina sa svojim anti-upalnim dejstvom<\/li>\n<li>Bez ve\u0161ta\u010dkih boja, poja\u010diva\u010da ukusa i konzervanasa<\/li>\n<li>Lako svarljiva<\/li>\n<\/ul>\n<p><strong>Sastav:<\/strong>\u00a0Sve\u017ee \u0107ure\u0107e meso 70%, mrvljeni pirina\u010d, \u0107ure\u0107e meso*, pivski kvasac*, lososovo ulje**(izvor Omega3 masnih kiselina), protein gra\u0161ka, ekstrakt juke, ekstakt ruzmarina, ekstrakt zelenousne \u0161koljke, Sensitive Kompleks (\u0161argarepa*, masla\u010dak*, zeleni \u010daj*, kamilica*, origano*, seme mle\u010dnog \u010di\u010dka*, latice ru\u017ee*, alge*, brokoli*, seme brusnice*)<\/p>\n<p>*Su\u0161eno; **Hladno presovano<\/p>\n<p><strong>Analytical composition:\u00a0<\/strong>Sirovi proteini 23%, sirove masti 11%, sirova vlakna 2,4%, sirovi pepeo 8%, kalcijum 1,5%, fosfor 1%, vlaga 20% (prirodni udeo)<\/p>\n<p><strong>Dodaci po kg proizvoda:\u00a0<\/strong>Vitamini: 3a672a\/Vitamin A 10,000 IE, 3a671\/ Vitamin D3 1,600 IE, 3a700 \/Vitamin E 150.00 mg Elementi u tragovima: 3b108\/ Gvo\u017e\u0111e 75.00 mg, 3b413\/ bakar, 19.00 mg, 3b50\/Mangan 40.00 mg, 3b607 \/ Cink 150.00 mg, 3b203\/jod 3.00 mg, 3b801\/Selenijum 0.20 mg<\/p>\n<\/div>\n<p>Serve food in dry form with available fresh water.<br \/>\nFor your pet&#039;s health, consult a veterinarian regularly.<\/p>\n<p>Manufacturer: Platinum GmbH &amp; Co<br \/>\nCountry of origin: Germany<\/p>\n<\/div>\n\n    <div class=\"xs_social_share_widget xs_share_url after_content \t\tmain_content  wslu-style-1 wslu-share-box-shaped wslu-fill-colored wslu-none wslu-share-horizontal wslu-theme-font-no wslu-main_content\">\n\n\t\t\n        <ul>\n\t\t\t        <\/ul>\n    <\/div>","protected":false},"excerpt":{"rendered":"<p>Kompletna so\u010dna suva hrana bez \u017eitarica idealna za pse sa osetljivim gastrointestinalnim traktom<\/p>","protected":false},"featured_media":31978,"comment_status":"open","ping_status":"closed","template":"","meta":{"_acf_changed":false},"pwb-brand":[321,323],"product_cat":[48,47,705],"product_tag":[1251],"class_list":{"0":"post-31983","1":"product","2":"type-product","3":"status-publish","4":"has-post-thumbnail","6":"pwb-brand-platinum","7":"pwb-brand-platinum-hrana-za-pse","8":"product_cat-hrana-za-pse","9":"product_cat-psi","10":"product_cat-veterinarske-dijete-za-pse","11":"product_tag-veterinarske-dijete","13":"first","14":"instock","15":"taxable","16":"shipping-taxable","17":"purchasable","18":"product-type-variable","19":"has-default-attributes"},"acf":[],"brands":[{"id":321,"name":"Platinum","slug":"platinum"},{"id":323,"name":"Platinum Dog Food","slug":"platinum-hrana-za-pse"}],"_links":{"self":[{"href":"https:\/\/pawz.rs\/en\/wp-json\/wp\/v2\/product\/31983","targetHints":{"allow":["GET"]}}],"collection":[{"href":"https:\/\/pawz.rs\/en\/wp-json\/wp\/v2\/product"}],"about":[{"href":"https:\/\/pawz.rs\/en\/wp-json\/wp\/v2\/types\/product"}],"replies":[{"embeddable":true,"href":"https:\/\/pawz.rs\/en\/wp-json\/wp\/v2\/comments?post=31983"}],"wp:featuredmedia":[{"embeddable":true,"href":"https:\/\/pawz.rs\/en\/wp-json\/wp\/v2\/media\/31978"}],"wp:attachment":[{"href":"https:\/\/pawz.rs\/en\/wp-json\/wp\/v2\/media?parent=31983"}],"wp:term":[{"taxonomy":"pwb-brand","embeddable":true,"href":"https:\/\/pawz.rs\/en\/wp-json\/wp\/v2\/pwb-brand?post=31983"},{"taxonomy":"product_cat","embeddable":true,"href":"https:\/\/pawz.rs\/en\/wp-json\/wp\/v2\/product_cat?post=31983"},{"taxonomy":"product_tag","embeddable":true,"href":"https:\/\/pawz.rs\/en\/wp-json\/wp\/v2\/product_tag?post=31983"}],"curies":[{"name":"wp","href":"https:\/\/api.w.org\/{rel}","templated":true}]}}