{"id":32311,"date":"2024-10-08T14:23:36","date_gmt":"2024-10-08T12:23:36","guid":{"rendered":"https:\/\/pawz.rs\/?post_type=product&#038;p=32311"},"modified":"2026-02-12T20:21:52","modified_gmt":"2026-02-12T19:21:52","slug":"monge-vetsolution-cat-renal","status":"publish","type":"product","link":"https:\/\/pawz.rs\/en\/monge-vetsolution-cat-renal\/","title":{"rendered":"Monge VetSolution Cat Renal"},"content":{"rendered":"<p><strong>Monge VetSolution Cat Renal<\/strong><\/p>\n<p>Monge VetSolution Cat Renal je kompletna dijetalna hrana za ma\u010dke formulisana za podr\u0161ku funkciji rada bubrega u slu\u010daju hroni\u010dne ili privremene bubre\u017ene insuficijencije. Sadr\u017ei koncentrat soka od dinje za neutralizaciju slobodnih radikala, zeleni \u010daj za podr\u0161ku bubrega, ksilooligosaharide (XOS) za obezbe\u0111ivanje crevne flore, a formulu karakteri\u0161u visokokvalitetni proteini i ograni\u010deni nivoi fosfora i sirovih proteina. Fit-aroma: napredna tehnologija procesa (fito-sastojak, Camellia sinensis, oblo\u017eena aromatskim masnim kiselinama).<\/p>\n<p><strong>Sastav:<\/strong> Su\u0161eno pilec\u0301e meso (24%) **, tapioka, \u017eivotinjska mast (pilec\u0301e ulje) *, suvi gra\u0161ak **, krompir, su\u0161ena riba (inc\u0301uni) **, gra\u0161ak od vlakana, \u017eivotinjska mast (patkino ulje) *, su\u0161ena \u0161argarepa, riba ulje (lososovo ulje) *, su\u0161ena pulpa jabuke, su\u0161eni ananas, proteini krompira, minerali, ksilo-oligosaharidi (XOS 0,4%), Yucca schidigera, su\u0161eni listovi zelenog \u010daja (0,015%), proizvodi i nusproizvodi od prerade sve\u017eeg voc\u0301a i povrc\u0301e (koncentrat soka od dinje &#8211; Cucumis melo cantalupensis &#8211; izvor superoksidizmutaze 0,005%), mle\u010dni protein u prahu. * pre\u010di\u0161c\u0301eno na 99,6%, konzervirano sa prirodnim antioksidansima. ** Izvori proteina (probavljivost&gt; 85%).<\/p>\n<p><strong>Analytical composition:<\/strong> Sirovi protein: 24% &#8211; Sirova vlakna: 5,8% &#8211; Sirova masnoc\u0301a: 20% &#8211; Sirovi pepeo: 5,9% &#8211; Kalcijum: 0,6% &#8211; Fosfor: 0,3% &#8211; Kalijum: 0,8% &#8211; Natrijum: 0,09% &#8211; n-3 masne kiseline: 0,86% &#8211; n-6 masnih kiselina: 3,27%. Prehrambeni aditivi \/ kg: Vitamin A (retinil acetat) 18.000 IU, Vitamin D3 1.000 IU, selen (natrijum selenit 0,61 mg) 0,28 mg, mangan (manganov sulfat monohidrat 98 mg) 32 mg, cink (cinkov oksid 186 mg) 150 mg, Bakar (Bakar (II) sulfat pentahidrat 47 mg) 12 mg, Gvo\u017e\u0111e (Iron (II) sulfat monohidrat 322 mg) 106 mg, Jod (Kalcijum jodat bezvodni 7,7 mg) 5 mg, L-karnitin: 90 mg &#8211; Taurin 2500 mg.<\/p>\n<p><strong>Tehnolo\u0161ki dodaci:<\/strong> Ekstrakti tokoferola iz biljnih ulja.<\/p>\n<p>Poslu\u017eiti hranu uz dostupnu sve\u017eu vodu.<br \/>\nFor your pet&#039;s health, consult a veterinarian regularly.<\/p>\n<div class=\"ccvoYb EjH7wc\">\n<div class=\"AxqVh\">\n<div class=\"OPPzxe\">\n<div class=\"QcsUad BDJ8fb BLojaf sMVRZe wneUed\">\n<div class=\"usGWQd\">\n<div class=\"KkbLmb\">\n<div class=\"VO9ucd\">\n<div class=\"aJIq1d\" data-language-code=\"sr\" data-language-name=\"srpski\" data-text=\"Vitamin A (retinil acetat) 3000 IU, vitamin D3 150 IU, vitamin E (all-rac-alfa-tokoferil acetat) 6 mg, taurin 500 mg.\" data-crosslingual-hint=\"\" data-location=\"2\" data-enable-toggle-playback-speed=\"true\" data-results-count=\"1\" data-result-index=\"1\">\n<div class=\"m0Qfkd\">\n<div class=\"VfPpkd-Bz112c-Jh9lGc\">Proizvo\u0111a\u010d: Monge &amp; C. S.p.a. Via Savigliano, Italy<br \/>\nZemlja porekla: Italija (EU)<\/div>\n<\/div>\n<\/div>\n<\/div>\n<\/div>\n<\/div>\n<\/div>\n<\/div>\n<\/div>\n<\/div>\n\n    <div class=\"xs_social_share_widget xs_share_url after_content \t\tmain_content  wslu-style-1 wslu-share-box-shaped wslu-fill-colored wslu-none wslu-share-horizontal wslu-theme-font-no wslu-main_content\">\n\n\t\t\n        <ul>\n\t\t\t        <\/ul>\n    <\/div>","protected":false},"excerpt":{"rendered":"<p class=\"product-headline\">Ishrana za ma\u010dke sa bolestima bubrega<\/p>","protected":false},"featured_media":32312,"comment_status":"open","ping_status":"closed","template":"","meta":{"_acf_changed":false},"pwb-brand":[689,672],"product_cat":[711,21,23],"product_tag":[208,1251],"class_list":{"0":"post-32311","1":"product","2":"type-product","3":"status-publish","4":"has-post-thumbnail","6":"pwb-brand-monge-hrana-za-macke","7":"pwb-brand-monge","8":"product_cat-veterinarske-dijete-za-macke","9":"product_cat-hrana-za-macke","10":"product_cat-macke","11":"product_tag-bez-zitarica","12":"product_tag-veterinarske-dijete","14":"first","15":"instock","16":"taxable","17":"shipping-taxable","18":"purchasable","19":"product-type-variable","20":"has-default-attributes"},"acf":[],"brands":[{"id":672,"name":"Monge","slug":"monge"},{"id":689,"name":"Monge Cat Food","slug":"monge-hrana-za-macke"}],"_links":{"self":[{"href":"https:\/\/pawz.rs\/en\/wp-json\/wp\/v2\/product\/32311","targetHints":{"allow":["GET"]}}],"collection":[{"href":"https:\/\/pawz.rs\/en\/wp-json\/wp\/v2\/product"}],"about":[{"href":"https:\/\/pawz.rs\/en\/wp-json\/wp\/v2\/types\/product"}],"replies":[{"embeddable":true,"href":"https:\/\/pawz.rs\/en\/wp-json\/wp\/v2\/comments?post=32311"}],"wp:featuredmedia":[{"embeddable":true,"href":"https:\/\/pawz.rs\/en\/wp-json\/wp\/v2\/media\/32312"}],"wp:attachment":[{"href":"https:\/\/pawz.rs\/en\/wp-json\/wp\/v2\/media?parent=32311"}],"wp:term":[{"taxonomy":"pwb-brand","embeddable":true,"href":"https:\/\/pawz.rs\/en\/wp-json\/wp\/v2\/pwb-brand?post=32311"},{"taxonomy":"product_cat","embeddable":true,"href":"https:\/\/pawz.rs\/en\/wp-json\/wp\/v2\/product_cat?post=32311"},{"taxonomy":"product_tag","embeddable":true,"href":"https:\/\/pawz.rs\/en\/wp-json\/wp\/v2\/product_tag?post=32311"}],"curies":[{"name":"wp","href":"https:\/\/api.w.org\/{rel}","templated":true}]}}