{"id":32323,"date":"2024-10-08T15:08:41","date_gmt":"2024-10-08T13:08:41","guid":{"rendered":"https:\/\/pawz.rs\/?post_type=product&#038;p=32323"},"modified":"2026-02-12T20:22:02","modified_gmt":"2026-02-12T19:22:02","slug":"monge-vetsolution-puppy-gastrointestinal","status":"publish","type":"product","link":"https:\/\/pawz.rs\/en\/monge-vetsolution-puppy-gastrointestinal\/","title":{"rendered":"Monge VetSolution Puppy Gastrointestinal"},"content":{"rendered":"<p><strong>Monge VetSolution Puppy Gastrointestinal 1,5kg<\/strong><\/p>\n<p>Potpuna dijetetska hrana za \u0161tene pse formulisana za smanjenje crevnih apsorpcionih poremec\u0301aja. Sadr\u017ei koncentrat soka od dinje za neutralizaciju slobodnih radikala, divlji kesten za podr\u0161ku crevima, ksilo-oligosaharide (KSOS) za obezbe\u0111ivanje crevne mikrobiote. Visoko svarljiva hrana sa povec\u0301anim sadr\u017eajem natrijuma i kalijuma. Hrana odgovara svim rasama &#8211; All Breeds.<\/p>\n<p><strong>Sastav:<\/strong> Suvo pilec\u0301e meso, tapioka, hidrolizovani protein lososa, \u017eivotinjska mast (pa\u010dje ulje), \u017eivotinjska mast (svinjska mast), riblje ulje (lososovo ulje), su\u0161ena jaja, pivski kvasac, minerali, su\u0161eno pa\u010dje meso , vlakna gra\u0161ka, ksilo-oligosaharidi (KSOS 0,4%), su\u0161eni divlji kesten (0,01%), proizvodi i nusproizvodi prerade sve\u017eeg voc\u0301a i povrc\u0301a (koncentrat soka od dinje &#8211; Cucumis melo cantalupensis &#8211; izvor superoksidizmutaze 0,005%), mle\u010dni proteini 0,005%). Pre\u010di\u0161c\u0301eno na 99,6%, o\u010duvano prirodnim antioksidansima. Visoko svarljivi sastojci.<\/p>\n<p><strong>Analytical composition:<\/strong> Sirovi proteini: 30% , Sirova vlakna: 1,7%, Sirova mast: 20%, Sirovi pepeo: 6,6%, Natrijum: 0,2% , Kalijum: 1,5%, Hloridi: 0,7%. Nutritivni sastav\/kg: Vitamin A 17.000 IU, Vitamin D3 1.000 IU, Selen 0.17 mg, Mangan, gvo\u017e\u0111e 112,8 mg, jod 6,5 mg, L-karnitin: 160 mg, taurin: 1600 mg.<\/p>\n<p>Poslu\u017eiti hranu uz dostupnu sve\u017eu vodu.<br \/>\nFor your pet&#039;s health, consult a veterinarian regularly.<\/p>\n<div class=\"ccvoYb EjH7wc\">\n<div class=\"AxqVh\">\n<div class=\"OPPzxe\">\n<div class=\"QcsUad BDJ8fb BLojaf sMVRZe wneUed\">\n<div class=\"usGWQd\">\n<div class=\"KkbLmb\">\n<div class=\"VO9ucd\">\n<div class=\"aJIq1d\" data-language-code=\"sr\" data-language-name=\"srpski\" data-text=\"Vitamin A (retinil acetat) 3000 IU, vitamin D3 150 IU, vitamin E (all-rac-alfa-tokoferil acetat) 6 mg, taurin 500 mg.\" data-crosslingual-hint=\"\" data-location=\"2\" data-enable-toggle-playback-speed=\"true\" data-results-count=\"1\" data-result-index=\"1\">\n<div class=\"m0Qfkd\">\n<div class=\"VfPpkd-Bz112c-Jh9lGc\">Proizvo\u0111a\u010d: Monge &amp; C. S.p.a. Via Savigliano, Italy<br \/>\nZemlja porekla: Italija (EU)<\/div>\n<\/div>\n<\/div>\n<\/div>\n<\/div>\n<\/div>\n<\/div>\n<\/div>\n<\/div>\n<\/div>\n\n    <div class=\"xs_social_share_widget xs_share_url after_content \t\tmain_content  wslu-style-1 wslu-share-box-shaped wslu-fill-colored wslu-none wslu-share-horizontal wslu-theme-font-no wslu-main_content\">\n\n\t\t\n        <ul>\n\t\t\t        <\/ul>\n    <\/div>","protected":false},"excerpt":{"rendered":"<p class=\"product-headline\">Ishrana \u0161tenaca sa gastrointestinalnim poreme\u0107ajima<\/p>","protected":false},"featured_media":32324,"comment_status":"open","ping_status":"closed","template":"","meta":{"_acf_changed":false},"pwb-brand":[688,672],"product_cat":[705,48,47],"product_tag":[208,1251],"class_list":{"0":"post-32323","1":"product","2":"type-product","3":"status-publish","4":"has-post-thumbnail","6":"pwb-brand-monge-hrana-za-pse","7":"pwb-brand-monge","8":"product_cat-veterinarske-dijete-za-pse","9":"product_cat-hrana-za-pse","10":"product_cat-psi","11":"product_tag-bez-zitarica","12":"product_tag-veterinarske-dijete","14":"first","15":"instock","16":"taxable","17":"shipping-taxable","18":"purchasable","19":"product-type-variable","20":"has-default-attributes"},"acf":[],"brands":[{"id":672,"name":"Monge","slug":"monge"},{"id":688,"name":"Monge Dog Food","slug":"monge-hrana-za-pse"}],"_links":{"self":[{"href":"https:\/\/pawz.rs\/en\/wp-json\/wp\/v2\/product\/32323","targetHints":{"allow":["GET"]}}],"collection":[{"href":"https:\/\/pawz.rs\/en\/wp-json\/wp\/v2\/product"}],"about":[{"href":"https:\/\/pawz.rs\/en\/wp-json\/wp\/v2\/types\/product"}],"replies":[{"embeddable":true,"href":"https:\/\/pawz.rs\/en\/wp-json\/wp\/v2\/comments?post=32323"}],"wp:featuredmedia":[{"embeddable":true,"href":"https:\/\/pawz.rs\/en\/wp-json\/wp\/v2\/media\/32324"}],"wp:attachment":[{"href":"https:\/\/pawz.rs\/en\/wp-json\/wp\/v2\/media?parent=32323"}],"wp:term":[{"taxonomy":"pwb-brand","embeddable":true,"href":"https:\/\/pawz.rs\/en\/wp-json\/wp\/v2\/pwb-brand?post=32323"},{"taxonomy":"product_cat","embeddable":true,"href":"https:\/\/pawz.rs\/en\/wp-json\/wp\/v2\/product_cat?post=32323"},{"taxonomy":"product_tag","embeddable":true,"href":"https:\/\/pawz.rs\/en\/wp-json\/wp\/v2\/product_tag?post=32323"}],"curies":[{"name":"wp","href":"https:\/\/api.w.org\/{rel}","templated":true}]}}