{"id":32327,"date":"2024-10-08T15:19:22","date_gmt":"2024-10-08T13:19:22","guid":{"rendered":"https:\/\/pawz.rs\/?post_type=product&#038;p=32327"},"modified":"2026-03-27T11:09:10","modified_gmt":"2026-03-27T10:09:10","slug":"monge-vetsolution-dog-cardiac","status":"publish","type":"product","link":"https:\/\/pawz.rs\/en\/monge-vetsolution-dog-cardiac\/","title":{"rendered":"Monge VetSolution Dog Cardiac"},"content":{"rendered":"<p><strong>Monge VetSolution Dog Cardiac<\/strong><\/p>\n<p>Monge VetSolution Dog Cardiac je kompletna dijetalna hrana za pse koja je formulisana da podr\u017ei rad srca u slu\u010daju hroni\u010dne sr\u010dane insuficijencije. Sadr\u017ei koncentrat soka od dinje za neutralizaciju slobodnih radikala, ginseng za podr\u0161ku srcu, ksilo-oligosaharide (XOS) za za\u0161titu crevne flore i nizak nivo natrijuma. Fit-aroma: napredna tehnologija procesa (fito-sastojci, ginseng , oblo\u017eena aromatskim masnim kiselinama). Hrana odgovara svim rasama &#8211; All Breeds.<\/p>\n<p><strong>Sastav:<\/strong> Su\u0161eno pilec\u0301e meso, tapioka, \u017eivotinjska mast (pilec\u0301e ulje) *, krompir, hidrolizovani protein lososa, su\u0161ena jaja, su\u0161ena mrkva, su\u0161eni gra\u0161ak, gra\u0161ak od gra\u0161ka, riblje ulje (lososovo ulje) *, su\u0161ena riba (inc\u0301una), ro\u0161tilj u prahu, piva &#8216;kvasac, ka\u0161a od su\u0161ene repe, su\u0161eno meso patke, ksilo-oligosaharidi (KSOS 0,4%), minerali, proizvodi prerade bilja (ginseng) 0,01%, proizvodi i nusproizvodi iz prerade sve\u017eeg voc\u0301a i povrc\u0301a (koncentrat soka od dinje &#8211; Cucumis melo cantalupensis &#8211; izvor superoksidizmutaze 0,005%), mle\u010dni protein u prahu. * pre\u010di\u0161c\u0301eno na 99,6%, sa\u010duvano sa prirodnim antioksidantima.<\/p>\n<p><strong>Analiti\u010dke komponente:<\/strong> Sirovi protein: 30% &#8211; Sirova vlakna: 5% &#8211; Sirova masnoc\u0301a: 18% &#8211; Sirovi pepeo: 6,7% &#8211; Natrijum: 0,13% &#8211; Kalijum: 0,8% &#8211; Magnezijum: 0,06%. Prehrambeni dodaci \/ kg: Vitamin A (retinil acetat) 25.000 IU, vitamin D3 1.600 IU, selen (natrijum selenit 0.61 mg) 0.28 mg, mangan (mangan-sulfat monohidrat 98 mg) 32 mg, cink (cink oksid 186 mg) 150 mg, bakar (bakar (II) sulfat pentahidrat 47 mg) 12 mg, gvo\u017e\u0111e (gvo\u017e\u0111e (II) sulfat monohidrat 440 mg) 145 mg, jod (kalcijum jodat bezvodni 3,4 mg) 2,2 mg, L-karnitin: 200 mg, &#8211; taurin: 2000 mg.<\/p>\n<p><strong>Tehnolo\u0161ki aditivi:<\/strong> Tokoferol ekstrakti iz biljnih ulja.<\/p>\n<p>Poslu\u017eiti hranu uz dostupnu sve\u017eu vodu.<br \/>\nFor your pet&#039;s health, consult a veterinarian regularly.<\/p>\n<div class=\"ccvoYb EjH7wc\">\n<div class=\"AxqVh\">\n<div class=\"OPPzxe\">\n<div class=\"QcsUad BDJ8fb BLojaf sMVRZe wneUed\">\n<div class=\"usGWQd\">\n<div class=\"KkbLmb\">\n<div class=\"VO9ucd\">\n<div class=\"aJIq1d\" data-language-code=\"sr\" data-language-name=\"srpski\" data-text=\"Vitamin A (retinil acetat) 3000 IU, vitamin D3 150 IU, vitamin E (all-rac-alfa-tokoferil acetat) 6 mg, taurin 500 mg.\" data-crosslingual-hint=\"\" data-location=\"2\" data-enable-toggle-playback-speed=\"true\" data-results-count=\"1\" data-result-index=\"1\">\n<div class=\"m0Qfkd\">\n<div class=\"VfPpkd-Bz112c-Jh9lGc\">Proizvo\u0111a\u010d: Monge &amp; C. S.p.a. Via Savigliano, Italy<br \/>\nZemlja porekla: Italija (EU)<\/div>\n<\/div>\n<\/div>\n<\/div>\n<\/div>\n<\/div>\n<\/div>\n<\/div>\n<\/div>\n<\/div>\n\n    <div class=\"xs_social_share_widget xs_share_url after_content \t\tmain_content  wslu-style-1 wslu-share-box-shaped wslu-fill-colored wslu-none wslu-share-horizontal wslu-theme-font-no wslu-main_content\">\n\n\t\t\n        <ul>\n\t\t\t        <\/ul>\n    <\/div>","protected":false},"excerpt":{"rendered":"<p class=\"product-headline\">Ishrana pasa sa bolestima srca<\/p>","protected":false},"featured_media":32328,"comment_status":"open","ping_status":"closed","template":"","meta":{"_acf_changed":false},"pwb-brand":[688,672],"product_cat":[705,48,47],"product_tag":[208,1251],"class_list":{"0":"post-32327","1":"product","2":"type-product","3":"status-publish","4":"has-post-thumbnail","6":"pwb-brand-monge-hrana-za-pse","7":"pwb-brand-monge","8":"product_cat-veterinarske-dijete-za-pse","9":"product_cat-hrana-za-pse","10":"product_cat-psi","11":"product_tag-bez-zitarica","12":"product_tag-veterinarske-dijete","14":"first","15":"outofstock","16":"taxable","17":"shipping-taxable","18":"purchasable","19":"product-type-variable","20":"has-default-attributes"},"acf":[],"brands":[{"id":672,"name":"Monge","slug":"monge"},{"id":688,"name":"Monge Dog Food","slug":"monge-hrana-za-pse"}],"_links":{"self":[{"href":"https:\/\/pawz.rs\/en\/wp-json\/wp\/v2\/product\/32327","targetHints":{"allow":["GET"]}}],"collection":[{"href":"https:\/\/pawz.rs\/en\/wp-json\/wp\/v2\/product"}],"about":[{"href":"https:\/\/pawz.rs\/en\/wp-json\/wp\/v2\/types\/product"}],"replies":[{"embeddable":true,"href":"https:\/\/pawz.rs\/en\/wp-json\/wp\/v2\/comments?post=32327"}],"wp:featuredmedia":[{"embeddable":true,"href":"https:\/\/pawz.rs\/en\/wp-json\/wp\/v2\/media\/32328"}],"wp:attachment":[{"href":"https:\/\/pawz.rs\/en\/wp-json\/wp\/v2\/media?parent=32327"}],"wp:term":[{"taxonomy":"pwb-brand","embeddable":true,"href":"https:\/\/pawz.rs\/en\/wp-json\/wp\/v2\/pwb-brand?post=32327"},{"taxonomy":"product_cat","embeddable":true,"href":"https:\/\/pawz.rs\/en\/wp-json\/wp\/v2\/product_cat?post=32327"},{"taxonomy":"product_tag","embeddable":true,"href":"https:\/\/pawz.rs\/en\/wp-json\/wp\/v2\/product_tag?post=32327"}],"curies":[{"name":"wp","href":"https:\/\/api.w.org\/{rel}","templated":true}]}}