{"id":32333,"date":"2024-10-08T15:26:57","date_gmt":"2024-10-08T13:26:57","guid":{"rendered":"https:\/\/pawz.rs\/?post_type=product&#038;p=32333"},"modified":"2026-02-12T20:22:02","modified_gmt":"2026-02-12T19:22:02","slug":"monge-vetsolution-dog-dermatosis","status":"publish","type":"product","link":"https:\/\/pawz.rs\/en\/monge-vetsolution-dog-dermatosis\/","title":{"rendered":"Monge VetSolution Dog Dermatosis"},"content":{"rendered":"<p><strong>Monge VetSolution Dog Dermatosis<\/strong><\/p>\n<p>Monge VetSolution Dog Dermatosis je kompletna dijetalna hrana za pse koja je formulisana za podr\u0161ku funkciji ko\u017ee u slu\u010daju dermatoze i prekomernog gubitka dlake. Sadr\u017ei koncentrat soka od dinje za neutralizaciju slobodnih radikala, Aloe veru za podr\u0161ku ko\u017ei, ksilo-oligosaharide (XOS) za osiguranje crevne flore i visokog nivoa esencijalnih masnih kiselina. Fit-aroma: napredna tehnologija procesa (fito-sastojci, Aloe vera, oblo\u017eena aromatskim masnim kiselinama). Hrana odgovara svim rasama &#8211; All Breeds.<\/p>\n<p><strong>Sastav<\/strong>: Hidrolizovani protein lososa (23%), su\u0161eni gra\u0161ak, tapioka, krompir, \u017eivotinjska mast (patkino ulje) *, gra\u0161ak od gra\u0161ka, \u017eivotinjska mast (pilec\u0301e ulje) *, riblje ulje (lososovo ulje) *, roga\u010d u prahu, minerali, pivski kvas , Ksilo-oligosaharidi (KSOS 0,4%), aloe vera (0,06%), proizvodi i nusproizvodi od prerade sve\u017eeg voc\u0301a i povrc\u0301a (koncentrat soka od dinje &#8211; Cucumis melo cantalupensis &#8211; izvor superoksidizamutaze 0,005%). * pre\u010di\u0161c\u0301eno na 99,6%, sa\u010duvano sa prirodnim antioksidantima.<\/p>\n<p><strong>Analiti\u010dke komponente:<\/strong> Sirovi protein: 23% &#8211; Sirova vlakna: 7% &#8211; Sirova masnoc\u0301a: 17% &#8211; Sirovi pepeo: 6,3% &#8211; n-3 masne kiseline: 0,84% &#8211; n-6 masne kiseline: 4,35%. Prehrambeni dodaci \/ kg: vitamin A (retinil acetat) 25 000 IU, vitamin D3 1,500 IU, selen (natrijum selenit 0,98 mg) 0,45 mg, mangan (mangan sulfat monohidrat 92 mg) 30 mg, cink (cink oksid 180 mg) 145 mg, Bakar (bakar (II) sulfat pentahidrat 51 mg) 13 mg, gvo\u017e\u0111e (gvo\u017e\u0111e (II) sulfat monohidrat 501 mg) 165 mg, jod (kalcijum jodat bezvodni 3,1 mg) 2 mg, L-karnitin: 200 mg.<\/p>\n<p><strong>Tehnolo\u0161ki aditivi:<\/strong> Tokoferol ekstrakti iz biljnih ulja.<\/p>\n<p>Poslu\u017eiti hranu uz dostupnu sve\u017eu vodu.<br \/>\nFor your pet&#039;s health, consult a veterinarian regularly.<\/p>\n<div class=\"ccvoYb EjH7wc\">\n<div class=\"AxqVh\">\n<div class=\"OPPzxe\">\n<div class=\"QcsUad BDJ8fb BLojaf sMVRZe wneUed\">\n<div class=\"usGWQd\">\n<div class=\"KkbLmb\">\n<div class=\"VO9ucd\">\n<div class=\"aJIq1d\" data-language-code=\"sr\" data-language-name=\"srpski\" data-text=\"Vitamin A (retinil acetat) 3000 IU, vitamin D3 150 IU, vitamin E (all-rac-alfa-tokoferil acetat) 6 mg, taurin 500 mg.\" data-crosslingual-hint=\"\" data-location=\"2\" data-enable-toggle-playback-speed=\"true\" data-results-count=\"1\" data-result-index=\"1\">\n<div class=\"m0Qfkd\">\n<div class=\"VfPpkd-Bz112c-Jh9lGc\">Proizvo\u0111a\u010d: Monge &amp; C. S.p.a. Via Savigliano, Italy<br \/>\nZemlja porekla: Italija (EU)<\/div>\n<\/div>\n<\/div>\n<\/div>\n<\/div>\n<\/div>\n<\/div>\n<\/div>\n<\/div>\n<\/div>\n\n    <div class=\"xs_social_share_widget xs_share_url after_content \t\tmain_content  wslu-style-1 wslu-share-box-shaped wslu-fill-colored wslu-none wslu-share-horizontal wslu-theme-font-no wslu-main_content\">\n\n\t\t\n        <ul>\n\t\t\t        <\/ul>\n    <\/div>","protected":false},"excerpt":{"rendered":"<p class=\"product-headline\">Ishrana pasa sa ko\u017enim bolestima<\/p>","protected":false},"featured_media":32334,"comment_status":"open","ping_status":"closed","template":"","meta":{"_acf_changed":false},"pwb-brand":[688,672],"product_cat":[705,48,47],"product_tag":[208,1251],"class_list":{"0":"post-32333","1":"product","2":"type-product","3":"status-publish","4":"has-post-thumbnail","6":"pwb-brand-monge-hrana-za-pse","7":"pwb-brand-monge","8":"product_cat-veterinarske-dijete-za-pse","9":"product_cat-hrana-za-pse","10":"product_cat-psi","11":"product_tag-bez-zitarica","12":"product_tag-veterinarske-dijete","14":"first","15":"instock","16":"taxable","17":"shipping-taxable","18":"purchasable","19":"product-type-variable","20":"has-default-attributes"},"acf":[],"brands":[{"id":672,"name":"Monge","slug":"monge"},{"id":688,"name":"Monge Dog Food","slug":"monge-hrana-za-pse"}],"_links":{"self":[{"href":"https:\/\/pawz.rs\/en\/wp-json\/wp\/v2\/product\/32333","targetHints":{"allow":["GET"]}}],"collection":[{"href":"https:\/\/pawz.rs\/en\/wp-json\/wp\/v2\/product"}],"about":[{"href":"https:\/\/pawz.rs\/en\/wp-json\/wp\/v2\/types\/product"}],"replies":[{"embeddable":true,"href":"https:\/\/pawz.rs\/en\/wp-json\/wp\/v2\/comments?post=32333"}],"wp:featuredmedia":[{"embeddable":true,"href":"https:\/\/pawz.rs\/en\/wp-json\/wp\/v2\/media\/32334"}],"wp:attachment":[{"href":"https:\/\/pawz.rs\/en\/wp-json\/wp\/v2\/media?parent=32333"}],"wp:term":[{"taxonomy":"pwb-brand","embeddable":true,"href":"https:\/\/pawz.rs\/en\/wp-json\/wp\/v2\/pwb-brand?post=32333"},{"taxonomy":"product_cat","embeddable":true,"href":"https:\/\/pawz.rs\/en\/wp-json\/wp\/v2\/product_cat?post=32333"},{"taxonomy":"product_tag","embeddable":true,"href":"https:\/\/pawz.rs\/en\/wp-json\/wp\/v2\/product_tag?post=32333"}],"curies":[{"name":"wp","href":"https:\/\/api.w.org\/{rel}","templated":true}]}}