{"id":32337,"date":"2024-10-08T15:31:50","date_gmt":"2024-10-08T13:31:50","guid":{"rendered":"https:\/\/pawz.rs\/?post_type=product&#038;p=32337"},"modified":"2026-02-12T20:22:02","modified_gmt":"2026-02-12T19:22:02","slug":"monge-vetsolution-dog-diabetic","status":"publish","type":"product","link":"https:\/\/pawz.rs\/en\/monge-vetsolution-dog-diabetic\/","title":{"rendered":"Monge VetSolution Dog Diabetic"},"content":{"rendered":"<p><strong>Monge VetSolution Dog Diabetic<\/strong><\/p>\n<p>Monge VetSolution Dog Diabetic je kompletna dijetalna hrana za pse formulisana za regulisanje snabdevanja glukozom (Diabetes mellitus). Sadr\u017ei koncentrat soka od dinje za neutralizaciju slobodnih radikala, talog s hipoglikemijskim aktivnostima, ksilo-oligosaharide (XOS) za osiguranje crevne flore, a formulu karakteri\u0161e nizak nivo ugljenih hidrata koji osloba\u0111aju glukozu. Fit-aroma: napredna tehnologija procesa (fito-sastojci, Trigonella foenum graecum, oblo\u017een aromatskim masnim kiselinama). Hrana odgovara svim rasama &#8211; All Breeds.<\/p>\n<p><strong>Sastav:<\/strong> Su\u0161eno pilec\u0301e meso, tapioka (20%) **, krompir (14%) **, vlakna gra\u0161ka, su\u0161ena riba (inc\u0301uni), su\u0161ena jaja, riblje ulje (lososovo ulje) *, su\u0161eno pa\u0161ko meso, pivski kvas, minerali, \u017eivotinjska mast (pilec\u0301e ulje) *, ksilo-oligosaharidi (KSOS 0,4%), seme piskavice (0,15%), proizvodi i nusproizvodi od prerade sve\u017eeg voc\u0301a i povrc\u0301a (koncentrat soka od dinje &#8211; Cucumis melo cantalupensis &#8211; izvor superoksidizmutaze 0,005%) , mle\u010dni protein u prahu. * pre\u010di\u0161c\u0301eno na 99,6%, sa\u010duvano sa prirodnim antioksidantima. ** Izvori ugljenih hidrata.<\/p>\n<p><strong>Analiti\u010dke komponente:<\/strong> Sirovi protein: 30% &#8211; Sirova vlakna: 13% &#8211; Sirova masnoc\u0301a: 10% &#8211; Sirovi pepeo: 6,5% &#8211; Skrob 27,9% &#8211; Ukupni \u0161ec\u0301er: 3,4% &#8211; n-3 masne kiseline: 0,64% &#8211; n-6 masne kiseline: 1,98 %. Prehrambeni dodaci \/ kg: vitamin A (retinil acetat) 18.000 IU, vitamin D3 1.000 IU, selen (natrijum selenit 0.94 mg) 0.43 mg, mangan (mangan-sulfat monohidrat 86 mg) 28 mg, cink (cink oksid 164 mg) 140 mg, Bakar (bakar (II) sulfat pentahidrat 47 mg) 12 mg, gvo\u017e\u0111e (gvo\u017e\u0111e (II) sulfat monohidrat 349 mg) 115 mg, jod (kalcijum jodat bezvodni 3 mg) 2 mg, L-karnitin: 260 mg.<\/p>\n<p><strong>Tehnolo\u0161ki aditivi:<\/strong> ekstrakti tokoferola iz biljnih ulja<\/p>\n<p>Poslu\u017eiti hranu uz dostupnu sve\u017eu vodu.<br \/>\nFor your pet&#039;s health, consult a veterinarian regularly.<\/p>\n<div class=\"ccvoYb EjH7wc\">\n<div class=\"AxqVh\">\n<div class=\"OPPzxe\">\n<div class=\"QcsUad BDJ8fb BLojaf sMVRZe wneUed\">\n<div class=\"usGWQd\">\n<div class=\"KkbLmb\">\n<div class=\"VO9ucd\">\n<div class=\"aJIq1d\" data-language-code=\"sr\" data-language-name=\"srpski\" data-text=\"Vitamin A (retinil acetat) 3000 IU, vitamin D3 150 IU, vitamin E (all-rac-alfa-tokoferil acetat) 6 mg, taurin 500 mg.\" data-crosslingual-hint=\"\" data-location=\"2\" data-enable-toggle-playback-speed=\"true\" data-results-count=\"1\" data-result-index=\"1\">\n<div class=\"m0Qfkd\">\n<div class=\"VfPpkd-Bz112c-Jh9lGc\">Proizvo\u0111a\u010d: Monge &amp; C. S.p.a. Via Savigliano, Italy<br \/>\nZemlja porekla: Italija (EU)<\/div>\n<\/div>\n<\/div>\n<\/div>\n<\/div>\n<\/div>\n<\/div>\n<\/div>\n<\/div>\n<\/div>\n\n    <div class=\"xs_social_share_widget xs_share_url after_content \t\tmain_content  wslu-style-1 wslu-share-box-shaped wslu-fill-colored wslu-none wslu-share-horizontal wslu-theme-font-no wslu-main_content\">\n\n\t\t\n        <ul>\n\t\t\t        <\/ul>\n    <\/div>","protected":false},"excerpt":{"rendered":"<p class=\"product-headline\">Ishrana pasa sa dijabetesom<\/p>","protected":false},"featured_media":32338,"comment_status":"open","ping_status":"closed","template":"","meta":{"_acf_changed":false},"pwb-brand":[688,672],"product_cat":[705,48,47],"product_tag":[208,1251],"class_list":{"0":"post-32337","1":"product","2":"type-product","3":"status-publish","4":"has-post-thumbnail","6":"pwb-brand-monge-hrana-za-pse","7":"pwb-brand-monge","8":"product_cat-veterinarske-dijete-za-pse","9":"product_cat-hrana-za-pse","10":"product_cat-psi","11":"product_tag-bez-zitarica","12":"product_tag-veterinarske-dijete","14":"first","15":"instock","16":"taxable","17":"shipping-taxable","18":"purchasable","19":"product-type-variable","20":"has-default-attributes"},"acf":[],"brands":[{"id":672,"name":"Monge","slug":"monge"},{"id":688,"name":"Monge Dog Food","slug":"monge-hrana-za-pse"}],"_links":{"self":[{"href":"https:\/\/pawz.rs\/en\/wp-json\/wp\/v2\/product\/32337","targetHints":{"allow":["GET"]}}],"collection":[{"href":"https:\/\/pawz.rs\/en\/wp-json\/wp\/v2\/product"}],"about":[{"href":"https:\/\/pawz.rs\/en\/wp-json\/wp\/v2\/types\/product"}],"replies":[{"embeddable":true,"href":"https:\/\/pawz.rs\/en\/wp-json\/wp\/v2\/comments?post=32337"}],"wp:featuredmedia":[{"embeddable":true,"href":"https:\/\/pawz.rs\/en\/wp-json\/wp\/v2\/media\/32338"}],"wp:attachment":[{"href":"https:\/\/pawz.rs\/en\/wp-json\/wp\/v2\/media?parent=32337"}],"wp:term":[{"taxonomy":"pwb-brand","embeddable":true,"href":"https:\/\/pawz.rs\/en\/wp-json\/wp\/v2\/pwb-brand?post=32337"},{"taxonomy":"product_cat","embeddable":true,"href":"https:\/\/pawz.rs\/en\/wp-json\/wp\/v2\/product_cat?post=32337"},{"taxonomy":"product_tag","embeddable":true,"href":"https:\/\/pawz.rs\/en\/wp-json\/wp\/v2\/product_tag?post=32337"}],"curies":[{"name":"wp","href":"https:\/\/api.w.org\/{rel}","templated":true}]}}