{"id":32341,"date":"2024-10-08T15:38:56","date_gmt":"2024-10-08T13:38:56","guid":{"rendered":"https:\/\/pawz.rs\/?post_type=product&#038;p=32341"},"modified":"2026-02-12T20:22:02","modified_gmt":"2026-02-12T19:22:02","slug":"monge-vetsolution-dog-gastrointestinal","status":"publish","type":"product","link":"https:\/\/pawz.rs\/en\/monge-vetsolution-dog-gastrointestinal\/","title":{"rendered":"Monge VetSolution Dog Gastrointestinal"},"content":{"rendered":"<p><strong>Monge VetSolution Dog Gastrointestinal<\/strong><\/p>\n<p>Monge VetSolution Dog Gastrointestinal za odrasle pse je kompletna dijetalna hrana za pse koja je formulisana za regulisanje i smanjivanje akutnih crevnih apsorptivnih poremec\u0301aja. Sadr\u017ei koncentrat soka od dinje za neutralizaciju slobodnih radikala, divlji ke\u0161ten za podr\u0161ku crevima, ksilo-oligosaharide (XOS) za za\u0161titu crevne flore i povec\u0301an nivo elektrolita i visoko probavljivih sastojaka. Fit-aroma: napredna tehnologija procesa (fito-sastojci, divlji ke\u0161ten, oblo\u017een aromatskim masnim kiselinama). Hrana odgovara svim rasama &#8211; All Breeds.<\/p>\n<p><strong>Sastav:<\/strong> Su\u0161eno pilec\u0301e meso **, tapioka, krompir, \u017eivotinjska mast (pilec\u0301e ulje) *, su\u0161ena jaja **, hidrolizovani protein lososa, su\u0161eni gra\u0161ak, riblje ulje (lososovo ulje) *, su\u0161ena riba (inc\u0301una), roga\u010d u prahu, vlakna gra\u0161ka, su\u0161eno pa\u0161ko meso, pivski kvas, pulpa su\u0161ene repe, ksilo-oligosaharidi (KSOS 0,4%), minerali, su\u0161eni konjski ke\u0161ten (0,01%), proizvodi i nusproizvodi iz prerade svje\u017eeg voc\u0301a i povrc\u0301a (koncentrat soka od dinje &#8211; Cucumis melo cantalupensis &#8211; izvor superoksidizmutaze 0,005%), mle\u010dni protein u prahu. * pre\u010di\u0161c\u0301eno na 99,6%, konzervirano sa prirodnim antioksidansima. ** Vrlo svarljivi sastojci.<\/p>\n<p><strong>Analiti\u010dke komponente:<\/strong> Sirovi protein: 32% &#8211; Sirova vlakna: 2,3% &#8211; Sirova masnoc\u0301a: 18% &#8211; Sirovi pepeo: 6,7% &#8211; Natrijum: 0,2% &#8211; Kalijum: 1,1% &#8211; Hloridi: 0,5%. Prehrambeni dodaci \/ kg: Vitamin A (retinil acetat) 25.000 IU, vitamin D3 1.6 IU, selen (natrijum selenit 0,6 mg) 0,27 mg, mangan (mangan sulfat monohidrat 92 mg) 30 mg, cink (cinkov oksid 186 mg) 150 mg, Bakar (bakar (II) sulfat pentahidrat 47 mg) 12 mg, gvo\u017e\u0111e (gvo\u017e\u0111e (II) sulfat monohidrat 440 mg) 145 mg, jod (kalcijum jodat bezvodan 3,4 mg) 2,2 mg, L-karnitin: 200 mg, &#8211; taurin: 1000 mg.<\/p>\n<p><strong>Tehnolo\u0161ki aditivi:<\/strong> ekstrakti tokoferola iz biljnih ulja.<\/p>\n<p>Poslu\u017eiti hranu uz dostupnu sve\u017eu vodu.<br \/>\nFor your pet&#039;s health, consult a veterinarian regularly.<\/p>\n<div class=\"ccvoYb EjH7wc\">\n<div class=\"AxqVh\">\n<div class=\"OPPzxe\">\n<div class=\"QcsUad BDJ8fb BLojaf sMVRZe wneUed\">\n<div class=\"usGWQd\">\n<div class=\"KkbLmb\">\n<div class=\"VO9ucd\">\n<div class=\"aJIq1d\" data-language-code=\"sr\" data-language-name=\"srpski\" data-text=\"Vitamin A (retinil acetat) 3000 IU, vitamin D3 150 IU, vitamin E (all-rac-alfa-tokoferil acetat) 6 mg, taurin 500 mg.\" data-crosslingual-hint=\"\" data-location=\"2\" data-enable-toggle-playback-speed=\"true\" data-results-count=\"1\" data-result-index=\"1\">\n<div class=\"m0Qfkd\">\n<div class=\"VfPpkd-Bz112c-Jh9lGc\">Proizvo\u0111a\u010d: Monge &amp; C. S.p.a. Via Savigliano, Italy<br \/>\nZemlja porekla: Italija (EU)<\/div>\n<\/div>\n<\/div>\n<\/div>\n<\/div>\n<\/div>\n<\/div>\n<\/div>\n<\/div>\n<\/div>\n\n    <div class=\"xs_social_share_widget xs_share_url after_content \t\tmain_content  wslu-style-1 wslu-share-box-shaped wslu-fill-colored wslu-none wslu-share-horizontal wslu-theme-font-no wslu-main_content\">\n\n\t\t\n        <ul>\n\t\t\t        <\/ul>\n    <\/div>","protected":false},"excerpt":{"rendered":"<p class=\"product-headline\">Ishrana pasa sa gastrointestinalnim problemima<\/p>","protected":false},"featured_media":32342,"comment_status":"open","ping_status":"closed","template":"","meta":{"_acf_changed":false},"pwb-brand":[688,672],"product_cat":[705,48,47],"product_tag":[208,1251],"class_list":{"0":"post-32341","1":"product","2":"type-product","3":"status-publish","4":"has-post-thumbnail","6":"pwb-brand-monge-hrana-za-pse","7":"pwb-brand-monge","8":"product_cat-veterinarske-dijete-za-pse","9":"product_cat-hrana-za-pse","10":"product_cat-psi","11":"product_tag-bez-zitarica","12":"product_tag-veterinarske-dijete","14":"first","15":"instock","16":"taxable","17":"shipping-taxable","18":"purchasable","19":"product-type-variable","20":"has-default-attributes"},"acf":[],"brands":[{"id":672,"name":"Monge","slug":"monge"},{"id":688,"name":"Monge Dog Food","slug":"monge-hrana-za-pse"}],"_links":{"self":[{"href":"https:\/\/pawz.rs\/en\/wp-json\/wp\/v2\/product\/32341","targetHints":{"allow":["GET"]}}],"collection":[{"href":"https:\/\/pawz.rs\/en\/wp-json\/wp\/v2\/product"}],"about":[{"href":"https:\/\/pawz.rs\/en\/wp-json\/wp\/v2\/types\/product"}],"replies":[{"embeddable":true,"href":"https:\/\/pawz.rs\/en\/wp-json\/wp\/v2\/comments?post=32341"}],"wp:featuredmedia":[{"embeddable":true,"href":"https:\/\/pawz.rs\/en\/wp-json\/wp\/v2\/media\/32342"}],"wp:attachment":[{"href":"https:\/\/pawz.rs\/en\/wp-json\/wp\/v2\/media?parent=32341"}],"wp:term":[{"taxonomy":"pwb-brand","embeddable":true,"href":"https:\/\/pawz.rs\/en\/wp-json\/wp\/v2\/pwb-brand?post=32341"},{"taxonomy":"product_cat","embeddable":true,"href":"https:\/\/pawz.rs\/en\/wp-json\/wp\/v2\/product_cat?post=32341"},{"taxonomy":"product_tag","embeddable":true,"href":"https:\/\/pawz.rs\/en\/wp-json\/wp\/v2\/product_tag?post=32341"}],"curies":[{"name":"wp","href":"https:\/\/api.w.org\/{rel}","templated":true}]}}