{"id":32345,"date":"2024-10-08T15:48:33","date_gmt":"2024-10-08T13:48:33","guid":{"rendered":"https:\/\/pawz.rs\/?post_type=product&#038;p=32345"},"modified":"2026-02-12T20:22:03","modified_gmt":"2026-02-12T19:22:03","slug":"monge-vetsolution-dog-obesity","status":"publish","type":"product","link":"https:\/\/pawz.rs\/en\/monge-vetsolution-dog-obesity\/","title":{"rendered":"Monge VetSolution Dog Obesity"},"content":{"rendered":"<p><strong>Monge VetSolution Dog Obesity<\/strong><\/p>\n<p>Monge VetSolution Dog Obesity je kompletna dijetalna hrana za pse koja je formulisana za smanjenje prekomerne telesne te\u017eine. Sadr\u017ei koncentrat soka od dinje za neutralizaciju slobodnih radikala, seme indijske bokvice (Plantago) da odlo\u017ei pra\u017enjenje \u017eeluca i indukuje sitost, ksilo-oligosaharide (XOS) za obezbe\u0111ivanje crevne flore i formulisana je sa niskom gustinom energije. Fit-aroma: napredna tehnologija procesa (fito-sastojci, Plantago ovata, oblo\u017eena aromatskim masnim kiselinama). Hrana odgovara svim rasama &#8211; All Breeds.<\/p>\n<p><strong>Sastav:<\/strong> Su\u0161eno pilec\u0301e meso, tapioka, su\u0161ena riba (inc\u0301una), gra\u0161ak od gra\u0161ka, krompir, su\u0161ena jaja, riblje ulje (lososovo ulje) *, su\u0161eno pa\u0161ko meso, pivski kvas, seme plantagoa (1%), minerali, ksilo-oligosaharidi (KSOS 0,4%), proizvodi i nusprodukti prerade sve\u017eeg voc\u0301a i povrc\u0301a (koncentrat soka od dinje &#8211; Cucumis melo cantalupensis &#8211; izvor superoksidizmutaze 0,005%), mle\u010dni protein u prahu. * pre\u010di\u0161c\u0301eno na 99,6%, sa\u010duvano sa prirodnim antioksidantima.<\/p>\n<p><strong>Analiti\u010dke komponente:<\/strong> Sirovi protein: 34% &#8211; Sirova vlakna: 12% &#8211; Sirova masnoc\u0301a: 10% &#8211; Sirovi pepeo: 6,5% &#8211; Metabolizovana energetska vrednost 3.018 kcal \/ kg (izmenjena jedna\u010dina ATVATER-a). Prehrambeni dodaci \/ kg: vitamin A (retinil acetat) 18.000 IU, vitamin D3 1.000 IU, selen (natrijum selenit 0.96 mg) 0.44 mg, mangan (mangan-sulfat monohidrat 80 mg) 26 mg, cink (cink oksid 162 mg) 130 mg, Bakar (bakar (II) sulfat pentahidrat 39 mg) 10 mg, gvo\u017e\u0111e (gvo\u017e\u0111e (II) sulfat monohidrat 334 mg) 110 mg, jod (kalcijum jodat bezvodni 6 mg) 4 mg, L-karnitin: 260 mg.<\/p>\n<p><strong>Tehnolo\u0161ki aditivi:<\/strong> ekstrakti tokoferola iz biljnih ulja.<\/p>\n<p>Poslu\u017eiti hranu uz dostupnu sve\u017eu vodu.<br \/>\nFor your pet&#039;s health, consult a veterinarian regularly.<\/p>\n<div class=\"ccvoYb EjH7wc\">\n<div class=\"AxqVh\">\n<div class=\"OPPzxe\">\n<div class=\"QcsUad BDJ8fb BLojaf sMVRZe wneUed\">\n<div class=\"usGWQd\">\n<div class=\"KkbLmb\">\n<div class=\"VO9ucd\">\n<div class=\"aJIq1d\" data-language-code=\"sr\" data-language-name=\"srpski\" data-text=\"Vitamin A (retinil acetat) 3000 IU, vitamin D3 150 IU, vitamin E (all-rac-alfa-tokoferil acetat) 6 mg, taurin 500 mg.\" data-crosslingual-hint=\"\" data-location=\"2\" data-enable-toggle-playback-speed=\"true\" data-results-count=\"1\" data-result-index=\"1\">\n<div class=\"m0Qfkd\">\n<div class=\"VfPpkd-Bz112c-Jh9lGc\">Proizvo\u0111a\u010d: Monge &amp; C. S.p.a. Via Savigliano, Italy<br \/>\nZemlja porekla: Italija (EU)<\/div>\n<\/div>\n<\/div>\n<\/div>\n<\/div>\n<\/div>\n<\/div>\n<\/div>\n<\/div>\n<\/div>\n\n    <div class=\"xs_social_share_widget xs_share_url after_content \t\tmain_content  wslu-style-1 wslu-share-box-shaped wslu-fill-colored wslu-none wslu-share-horizontal wslu-theme-font-no wslu-main_content\">\n\n\t\t\n        <ul>\n\t\t\t        <\/ul>\n    <\/div>","protected":false},"excerpt":{"rendered":"<p class=\"product-headline\">Ishrana za redukciju i regulaciju telesne mase kod pasa<\/p>","protected":false},"featured_media":32346,"comment_status":"open","ping_status":"closed","template":"","meta":{"_acf_changed":false},"pwb-brand":[688,672],"product_cat":[705,48,47],"product_tag":[208,1251],"class_list":{"0":"post-32345","1":"product","2":"type-product","3":"status-publish","4":"has-post-thumbnail","6":"pwb-brand-monge-hrana-za-pse","7":"pwb-brand-monge","8":"product_cat-veterinarske-dijete-za-pse","9":"product_cat-hrana-za-pse","10":"product_cat-psi","11":"product_tag-bez-zitarica","12":"product_tag-veterinarske-dijete","14":"first","15":"instock","16":"taxable","17":"shipping-taxable","18":"purchasable","19":"product-type-variable","20":"has-default-attributes"},"acf":[],"brands":[{"id":672,"name":"Monge","slug":"monge"},{"id":688,"name":"Monge Dog Food","slug":"monge-hrana-za-pse"}],"_links":{"self":[{"href":"https:\/\/pawz.rs\/en\/wp-json\/wp\/v2\/product\/32345","targetHints":{"allow":["GET"]}}],"collection":[{"href":"https:\/\/pawz.rs\/en\/wp-json\/wp\/v2\/product"}],"about":[{"href":"https:\/\/pawz.rs\/en\/wp-json\/wp\/v2\/types\/product"}],"replies":[{"embeddable":true,"href":"https:\/\/pawz.rs\/en\/wp-json\/wp\/v2\/comments?post=32345"}],"wp:featuredmedia":[{"embeddable":true,"href":"https:\/\/pawz.rs\/en\/wp-json\/wp\/v2\/media\/32346"}],"wp:attachment":[{"href":"https:\/\/pawz.rs\/en\/wp-json\/wp\/v2\/media?parent=32345"}],"wp:term":[{"taxonomy":"pwb-brand","embeddable":true,"href":"https:\/\/pawz.rs\/en\/wp-json\/wp\/v2\/pwb-brand?post=32345"},{"taxonomy":"product_cat","embeddable":true,"href":"https:\/\/pawz.rs\/en\/wp-json\/wp\/v2\/product_cat?post=32345"},{"taxonomy":"product_tag","embeddable":true,"href":"https:\/\/pawz.rs\/en\/wp-json\/wp\/v2\/product_tag?post=32345"}],"curies":[{"name":"wp","href":"https:\/\/api.w.org\/{rel}","templated":true}]}}