{"id":32354,"date":"2024-10-08T16:15:16","date_gmt":"2024-10-08T14:15:16","guid":{"rendered":"https:\/\/pawz.rs\/?post_type=product&#038;p=32354"},"modified":"2026-02-12T20:22:03","modified_gmt":"2026-02-12T19:22:03","slug":"monge-vetsolution-dog-joint-mobility","status":"publish","type":"product","link":"https:\/\/pawz.rs\/en\/monge-vetsolution-dog-joint-mobility\/","title":{"rendered":"Monge VetSolution Dog Joint Mobility"},"content":{"rendered":"<p><strong>Monge VetSolution Dog Joint Mobility<\/strong><\/p>\n<p>Monge VetSolution Dog Joint Mobility je kompletna dijetalna hrana za pse koja je formulisana za podr\u0161ku metabolizmu zglobova u slu\u010daju osteoartritisa. Sadr\u017ei koncentrat soka od dinje za neutralizaciju slobodnih radikala, Bosvellia serrata za podr\u0161ku zglobovima, ksilo-oligosaharide (XOS 0.4%) za osiguranje crevne flore, a formulu karakteri\u0161e minimalni udeo suve materije u omega-3 masnim kiselinama (ukupno 3,3%) i eikosapentaenoi\u010dna kiselina (EPA) 0,38% i adekvatan nivo vitamina E. Fit-aroma: napredna tehnologija procesa (fito-sastojci, Bosvellia serrata, oblo\u017eena aromatskim masnim kiselinama). Hrana odgovara svim rasama &#8211; All Breeds.<\/p>\n<p><strong>Sastav:<\/strong> Hidrolizovani proteini lososa, tapioka, krompir, riblje ulje (lososovo ulje 7%) *, \u017eivotinjska mast (patkino ulje) *, pulpa su\u0161ene repe, hidrolizovani \u017eivotinjski proteini, minerali, pivski kvasac, vlakna gra\u0161ka, ksilo-oligosaharid (KSOS 0,4% ), proizvodi prerade biljaka (Bosvellia serrata) 0,23%, glukozamin (0,057%), hondroitin sulfat (0,04%), proizvodi i nusprodukti prerade sve\u017eeg voc\u0301a i povrc\u0301a (koncentrat soka od dinje &#8211; Cucumis melo cantalupensis &#8211; izvor superoksidizamutaza 0,005%). * pre\u010di\u0161c\u0301eno na 99,6%, sa\u010duvano sa prirodnim antioksidantima.<\/p>\n<p><strong>Analiti\u010dke komponente:<\/strong> Sirovi protein: 25% &#8211; Sirova vlakna 2,50% &#8211; Sirova masnoc\u0301a 15% &#8211; Sirovi pepeo 5,50% &#8211; Kalcijum 1% &#8211; Fosfor 0,70% &#8211; Ukupna omega 3 masne kiseline 3,4% &#8211; Ukupno EPA 0,4% &#8211; Ukupan vitamin E 750 mg \/ kg. Prehrambeni dodaci \/ kg: Vitamin A (retinil acetat) 15 000 IU, vitamin D3: 1,050 IU, vitamin E (all-racalpha tokoferil acetat) 745 mg, selen (natrijum selenit 0,22 mg) 0,1 mg, mangan (mangan-sulfat monohidrat 30 mg) 10 mg, Cink (cink oksid 150 mg) 120,5 mg, Bakar (bakar (II) sulfat pentahidrat 13 mg) 3,3 mg, Gvo\u017e\u0111e (Gvo\u017e\u0111e (II) sulfat monohidrat 107 mg) 35,4 mg, Jod (kalcijum jodat bezvodan 1,7 mg) 1,1 mg, L-karnitin: 500 mg.<\/p>\n<p><strong>Tehnolo\u0161ki aditivi:<\/strong> ekstrakti tokoferola iz biljnih ulja.<\/p>\n<p>Poslu\u017eiti hranu uz dostupnu sve\u017eu vodu.<br \/>\nFor your pet&#039;s health, consult a veterinarian regularly.<\/p>\n<div class=\"ccvoYb EjH7wc\">\n<div class=\"AxqVh\">\n<div class=\"OPPzxe\">\n<div class=\"QcsUad BDJ8fb BLojaf sMVRZe wneUed\">\n<div class=\"usGWQd\">\n<div class=\"KkbLmb\">\n<div class=\"VO9ucd\">\n<div class=\"aJIq1d\" data-language-code=\"sr\" data-language-name=\"srpski\" data-text=\"Vitamin A (retinil acetat) 3000 IU, vitamin D3 150 IU, vitamin E (all-rac-alfa-tokoferil acetat) 6 mg, taurin 500 mg.\" data-crosslingual-hint=\"\" data-location=\"2\" data-enable-toggle-playback-speed=\"true\" data-results-count=\"1\" data-result-index=\"1\">\n<div class=\"m0Qfkd\">\n<div class=\"VfPpkd-Bz112c-Jh9lGc\">Proizvo\u0111a\u010d: Monge &amp; C. S.p.a. Via Savigliano, Italy<br \/>\nZemlja porekla: Italija (EU)<\/div>\n<\/div>\n<\/div>\n<\/div>\n<\/div>\n<\/div>\n<\/div>\n<\/div>\n<\/div>\n<\/div>\n\n    <div class=\"xs_social_share_widget xs_share_url after_content \t\tmain_content  wslu-style-1 wslu-share-box-shaped wslu-fill-colored wslu-none wslu-share-horizontal wslu-theme-font-no wslu-main_content\">\n\n\t\t\n        <ul>\n\t\t\t        <\/ul>\n    <\/div>","protected":false},"excerpt":{"rendered":"<p class=\"product-headline\">Ishrana pasa sa oboljenjima zglobova<\/p>","protected":false},"featured_media":32355,"comment_status":"open","ping_status":"closed","template":"","meta":{"_acf_changed":false},"pwb-brand":[688,672],"product_cat":[705,48,47],"product_tag":[208,1251],"class_list":{"0":"post-32354","1":"product","2":"type-product","3":"status-publish","4":"has-post-thumbnail","6":"pwb-brand-monge-hrana-za-pse","7":"pwb-brand-monge","8":"product_cat-veterinarske-dijete-za-pse","9":"product_cat-hrana-za-pse","10":"product_cat-psi","11":"product_tag-bez-zitarica","12":"product_tag-veterinarske-dijete","14":"first","15":"instock","16":"taxable","17":"shipping-taxable","18":"purchasable","19":"product-type-variable","20":"has-default-attributes"},"acf":[],"brands":[{"id":672,"name":"Monge","slug":"monge"},{"id":688,"name":"Monge Dog Food","slug":"monge-hrana-za-pse"}],"_links":{"self":[{"href":"https:\/\/pawz.rs\/en\/wp-json\/wp\/v2\/product\/32354","targetHints":{"allow":["GET"]}}],"collection":[{"href":"https:\/\/pawz.rs\/en\/wp-json\/wp\/v2\/product"}],"about":[{"href":"https:\/\/pawz.rs\/en\/wp-json\/wp\/v2\/types\/product"}],"replies":[{"embeddable":true,"href":"https:\/\/pawz.rs\/en\/wp-json\/wp\/v2\/comments?post=32354"}],"wp:featuredmedia":[{"embeddable":true,"href":"https:\/\/pawz.rs\/en\/wp-json\/wp\/v2\/media\/32355"}],"wp:attachment":[{"href":"https:\/\/pawz.rs\/en\/wp-json\/wp\/v2\/media?parent=32354"}],"wp:term":[{"taxonomy":"pwb-brand","embeddable":true,"href":"https:\/\/pawz.rs\/en\/wp-json\/wp\/v2\/pwb-brand?post=32354"},{"taxonomy":"product_cat","embeddable":true,"href":"https:\/\/pawz.rs\/en\/wp-json\/wp\/v2\/product_cat?post=32354"},{"taxonomy":"product_tag","embeddable":true,"href":"https:\/\/pawz.rs\/en\/wp-json\/wp\/v2\/product_tag?post=32354"}],"curies":[{"name":"wp","href":"https:\/\/api.w.org\/{rel}","templated":true}]}}