{"id":32358,"date":"2024-10-08T16:23:57","date_gmt":"2024-10-08T14:23:57","guid":{"rendered":"https:\/\/pawz.rs\/?post_type=product&#038;p=32358"},"modified":"2026-02-12T20:22:03","modified_gmt":"2026-02-12T19:22:03","slug":"monge-vetsolution-dog-renal-oxalate","status":"publish","type":"product","link":"https:\/\/pawz.rs\/en\/monge-vetsolution-dog-renal-oxalate\/","title":{"rendered":"Monge VetSolution Dog Renal &#038; Oxalate"},"content":{"rendered":"<p><strong>Monge VetSolution Dog Renal &amp; Oxalate<\/strong><\/p>\n<p>Monge VetSolution Renal i Oxalate je kompletna dijetalna hrana za pse koja je formulisana za podr\u0161ku bubre\u017ene funkcije u slu\u010daju hroni\u010dne ili privremene bubre\u017ene insuficijencije. Sadr\u017ei koncentrat soka od dinje za neutralizaciju slobodnih radikala, zeleni \u010daj za podr\u0161ku radu bubrega, ksilo-oligosaharide za osiguranje crevne flore, a formulu karakteri\u0161e nizak nivo fosfora i ograni\u010den nivo proteina, ali visokog kvaliteta. Fit-aroma: napredna tehnologija procesa (fito-sastojci, Camellia sinensis, oblo\u017eena aromatskim masnim kiselinama). Hrana odgovara svim rasama &#8211; All Breeds.<\/p>\n<p><strong>Sastav:<\/strong> Su\u0161eno pilec\u0301e meso (23%) **, tapioka, \u017eivotinjska mast (patkino ulje) *, krompir, su\u0161ena \u0161argarepa, \u017eivotinjska mast (pilec\u0301e ulje) *, su\u0161ena pulpa repe, su\u0161eni ananas, su\u0161ena pulpa citrusa, su\u0161ena riba (inc\u0301una) * *, riblje ulje (lososovo ulje) *, su\u0161eno patkinje meso **, minerali, ka\u0161a od paradajza, pivski kvas, gra\u0161ak, ksilo-oligosaharidi (KSOS 0,4%), su\u0161eni listovi zelenog \u010daja (0,15%), proizvodi i proizvodi od prerade svje\u017eeg voc\u0301a i povrc\u0301a (koncentrat soka od dinje &#8211; Cucumis melo cantalupensis &#8211; izvor superoksidizmutaze 0,005%), mle\u010dni protein u prahu. * pre\u010di\u0161c\u0301eno na 99,6%, sa\u010duvano sa prirodnim antioksidantima. ** Izvori proteina (probavljivost&gt; 85%).<\/p>\n<p><strong>Analiti\u010dke komponente:<\/strong> Sirovi protein: 19% &#8211; Sirova vlakna: 3,7% &#8211; Sirova masnoc\u0301a: 19% &#8211; Neorganske materije: 5,7% &#8211; Kalcijum: 0,6% &#8211; Fosfor: 0,36% &#8211; Kalijum: 0,8% &#8211; Natrijum: 0,18% &#8211; n-3 masne kiseline: 0,65% &#8211; n-6 masnih kiselina: 3,85%. Prehrambeni dodaci \/ kg: Vitamin A (retinil acetat) 25 000 IU, vitamin D3 1600 IU, selen (Natrijum selenit 0,87 mg) 0,4 mg, Mangan (mangan sulfat monohidrat 160 mg) 52 mg, Cink (Cink oksid 249 mg) 200 mg, Bakar (bakar (II) sulfat pentahidrat 70 mg) 18 mg, gvo\u017e\u0111e (gvo\u017e\u0111e (II) sulfat monohidrat 486 mg) 160 mg, jod (kalcijum jodat bezvodni 10,8 mg) 7 mg, L-karnitin: 260 mg.<\/p>\n<p><strong>Tehnolo\u0161ki aditivi:<\/strong> ekstrakti tokoferola iz biljnih ulja.<\/p>\n<p>Poslu\u017eiti hranu uz dostupnu sve\u017eu vodu.<br \/>\nFor your pet&#039;s health, consult a veterinarian regularly.<\/p>\n<div class=\"ccvoYb EjH7wc\">\n<div class=\"AxqVh\">\n<div class=\"OPPzxe\">\n<div class=\"QcsUad BDJ8fb BLojaf sMVRZe wneUed\">\n<div class=\"usGWQd\">\n<div class=\"KkbLmb\">\n<div class=\"VO9ucd\">\n<div class=\"aJIq1d\" data-language-code=\"sr\" data-language-name=\"srpski\" data-text=\"Vitamin A (retinil acetat) 3000 IU, vitamin D3 150 IU, vitamin E (all-rac-alfa-tokoferil acetat) 6 mg, taurin 500 mg.\" data-crosslingual-hint=\"\" data-location=\"2\" data-enable-toggle-playback-speed=\"true\" data-results-count=\"1\" data-result-index=\"1\">\n<div class=\"m0Qfkd\">\n<div class=\"VfPpkd-Bz112c-Jh9lGc\">Proizvo\u0111a\u010d: Monge &amp; C. S.p.a. Via Savigliano, Italy<br \/>\nZemlja porekla: Italija (EU)<\/div>\n<\/div>\n<\/div>\n<\/div>\n<\/div>\n<\/div>\n<\/div>\n<\/div>\n<\/div>\n<\/div>\n\n    <div class=\"xs_social_share_widget xs_share_url after_content \t\tmain_content  wslu-style-1 wslu-share-box-shaped wslu-fill-colored wslu-none wslu-share-horizontal wslu-theme-font-no wslu-main_content\">\n\n\t\t\n        <ul>\n\t\t\t        <\/ul>\n    <\/div>","protected":false},"excerpt":{"rendered":"<p class=\"product-headline\">Ishrana pasa sa oboljenjima bubrega<\/p>","protected":false},"featured_media":32359,"comment_status":"open","ping_status":"closed","template":"","meta":{"_acf_changed":false},"pwb-brand":[688,672],"product_cat":[705,48,47],"product_tag":[208,1251],"class_list":{"0":"post-32358","1":"product","2":"type-product","3":"status-publish","4":"has-post-thumbnail","6":"pwb-brand-monge-hrana-za-pse","7":"pwb-brand-monge","8":"product_cat-veterinarske-dijete-za-pse","9":"product_cat-hrana-za-pse","10":"product_cat-psi","11":"product_tag-bez-zitarica","12":"product_tag-veterinarske-dijete","14":"first","15":"instock","16":"taxable","17":"shipping-taxable","18":"purchasable","19":"product-type-variable","20":"has-default-attributes"},"acf":[],"brands":[{"id":672,"name":"Monge","slug":"monge"},{"id":688,"name":"Monge Dog Food","slug":"monge-hrana-za-pse"}],"_links":{"self":[{"href":"https:\/\/pawz.rs\/en\/wp-json\/wp\/v2\/product\/32358","targetHints":{"allow":["GET"]}}],"collection":[{"href":"https:\/\/pawz.rs\/en\/wp-json\/wp\/v2\/product"}],"about":[{"href":"https:\/\/pawz.rs\/en\/wp-json\/wp\/v2\/types\/product"}],"replies":[{"embeddable":true,"href":"https:\/\/pawz.rs\/en\/wp-json\/wp\/v2\/comments?post=32358"}],"wp:featuredmedia":[{"embeddable":true,"href":"https:\/\/pawz.rs\/en\/wp-json\/wp\/v2\/media\/32359"}],"wp:attachment":[{"href":"https:\/\/pawz.rs\/en\/wp-json\/wp\/v2\/media?parent=32358"}],"wp:term":[{"taxonomy":"pwb-brand","embeddable":true,"href":"https:\/\/pawz.rs\/en\/wp-json\/wp\/v2\/pwb-brand?post=32358"},{"taxonomy":"product_cat","embeddable":true,"href":"https:\/\/pawz.rs\/en\/wp-json\/wp\/v2\/product_cat?post=32358"},{"taxonomy":"product_tag","embeddable":true,"href":"https:\/\/pawz.rs\/en\/wp-json\/wp\/v2\/product_tag?post=32358"}],"curies":[{"name":"wp","href":"https:\/\/api.w.org\/{rel}","templated":true}]}}