{"id":32362,"date":"2024-10-08T16:30:48","date_gmt":"2024-10-08T14:30:48","guid":{"rendered":"https:\/\/pawz.rs\/?post_type=product&#038;p=32362"},"modified":"2026-02-12T20:22:12","modified_gmt":"2026-02-12T19:22:12","slug":"monge-vetsolution-dog-hepatic","status":"publish","type":"product","link":"https:\/\/pawz.rs\/en\/monge-vetsolution-dog-hepatic\/","title":{"rendered":"Monge VetSolution Dog Hepatic"},"content":{"rendered":"<p><strong>Monge VetSolution Dog Hepatic<\/strong><\/p>\n<p>Monge VetSolution Dog Hepatic je kompletna dijetalna hrana za pse koja je formulisana za podr\u0161ku jetrenoj funkciji u slu\u010daju hroni\u010dne insuficijencije jetre i smanjenja bakra u jetri. Sadr\u017ei koncentrat soka od dinje za neutralizaciju slobodnih radikala, seme \u010di\u010dka za jetrenu podr\u0161ku, ksilo-oligosaharide (XOS) za obezbe\u0111ivanje crevne flore, a formulu karakteri\u0161e visok kvalitet proteina, visok nivo esencijalnih masnih kiselina, visok nivo visoko probavljivih ugljenih hidrata i ograni\u010deni nivo bakra. Fit-aroma: napredna tehnologija procesa (fito-sastojci, seme \u010di\u010dka, oblo\u017een aromatskim masnim kiselinama). Hrana odgovara svim rasama &#8211; All Breeds.<\/p>\n<p><strong>Sastav:<\/strong> Su\u0161eni gra\u0161ak (28%) **, tapioka\u00a7, krompir\u00a7, \u017eivotinjska mast (pilec\u0301e ulje) *, su\u0161ena riba (tuna, 6%) **, \u017eivotinjska mast (loj) *, su\u0161eno pilec\u0301e meso **, minerali, riba ulje (lososovo ulje) *, gra\u0161no vlakno, pivski kvas, su\u0161ena pulpa repe, Ksilo-Oligosaharidi (KSOS 0,4%), Yucca schidigera, seme \u010di\u010dka (0,02%), proizvodi i nusproizvodi iz prerade sve\u017eeg voc\u0301a i povrc\u0301a (dinja koncentrat soka &#8211; Cucumis melo cantalupensis &#8211; izvor superoksidizmutaze 0,005%), mle\u010dni protein u prahu. * pre\u010di\u0161c\u0301eno na 99,6%, sa\u010duvano sa prirodnim antioksidantima. ** Izvori proteina \u00a7 Visoko svarljivi ugljeni hidrati.<\/p>\n<p><strong>Analiti\u010dke komponente:<\/strong> Sirovi protein: 18% &#8211; Sirova vlakna: 3,5% &#8211; Sirova masnoc\u0301a: 18% &#8211; Sirovi pepeo: 5% &#8211; n-3 masne kiseline: 0,65% &#8211; n-6 masne kiseline: 3,23% &#8211; Natrijum: 0,27% &#8211; Ukupan bakar: 4 mg. Prehrambeni dodaci \/ kg: Vitamin A (retinil acetat) 17.000 IU, vitamin D3 1.000 IU, selen (natrijum selenit 0,6 mg) 0,27 mg, mangan (mangan sulfat monohidrat 67 mg) 22 mg, cink (cinkov oksid 118 mg) 95 mg, Bakar (Bakar (II) sulfat pentahidrat 15,7 mg) 4 mg, Gvo\u017e\u0111e (Gvo\u017e\u0111e (II) sulfat monohidrat 440 mg) 145 mg, Jod (Kalcijum jodat bezvodni 5,2 mg) 3,4 mg, L-karnitin: 200 mg.<\/p>\n<p><strong>Tehnolo\u0161ki aditivi:<\/strong> ekstrakti tokoferola iz biljnih ulja.<\/p>\n<p>Poslu\u017eiti hranu uz dostupnu sve\u017eu vodu.<br \/>\nFor your pet&#039;s health, consult a veterinarian regularly.<\/p>\n<div class=\"ccvoYb EjH7wc\">\n<div class=\"AxqVh\">\n<div class=\"OPPzxe\">\n<div class=\"QcsUad BDJ8fb BLojaf sMVRZe wneUed\">\n<div class=\"usGWQd\">\n<div class=\"KkbLmb\">\n<div class=\"VO9ucd\">\n<div class=\"aJIq1d\" data-language-code=\"sr\" data-language-name=\"srpski\" data-text=\"Vitamin A (retinil acetat) 3000 IU, vitamin D3 150 IU, vitamin E (all-rac-alfa-tokoferil acetat) 6 mg, taurin 500 mg.\" data-crosslingual-hint=\"\" data-location=\"2\" data-enable-toggle-playback-speed=\"true\" data-results-count=\"1\" data-result-index=\"1\">\n<div class=\"m0Qfkd\">\n<div class=\"VfPpkd-Bz112c-Jh9lGc\">Proizvo\u0111a\u010d: Monge &amp; C. S.p.a. Via Savigliano, Italy<br \/>\nZemlja porekla: Italija (EU)<\/div>\n<\/div>\n<\/div>\n<\/div>\n<\/div>\n<\/div>\n<\/div>\n<\/div>\n<\/div>\n<\/div>\n\n    <div class=\"xs_social_share_widget xs_share_url after_content \t\tmain_content  wslu-style-1 wslu-share-box-shaped wslu-fill-colored wslu-none wslu-share-horizontal wslu-theme-font-no wslu-main_content\">\n\n\t\t\n        <ul>\n\t\t\t        <\/ul>\n    <\/div>","protected":false},"excerpt":{"rendered":"<p class=\"product-headline\">Ishrana pasa sa oboljenjima jetre<\/p>","protected":false},"featured_media":32365,"comment_status":"open","ping_status":"closed","template":"","meta":{"_acf_changed":false},"pwb-brand":[688,672],"product_cat":[705,48,47],"product_tag":[208,1251],"class_list":{"0":"post-32362","1":"product","2":"type-product","3":"status-publish","4":"has-post-thumbnail","6":"pwb-brand-monge-hrana-za-pse","7":"pwb-brand-monge","8":"product_cat-veterinarske-dijete-za-pse","9":"product_cat-hrana-za-pse","10":"product_cat-psi","11":"product_tag-bez-zitarica","12":"product_tag-veterinarske-dijete","14":"first","15":"instock","16":"taxable","17":"shipping-taxable","18":"purchasable","19":"product-type-variable","20":"has-default-attributes"},"acf":[],"brands":[{"id":672,"name":"Monge","slug":"monge"},{"id":688,"name":"Monge Dog Food","slug":"monge-hrana-za-pse"}],"_links":{"self":[{"href":"https:\/\/pawz.rs\/en\/wp-json\/wp\/v2\/product\/32362","targetHints":{"allow":["GET"]}}],"collection":[{"href":"https:\/\/pawz.rs\/en\/wp-json\/wp\/v2\/product"}],"about":[{"href":"https:\/\/pawz.rs\/en\/wp-json\/wp\/v2\/types\/product"}],"replies":[{"embeddable":true,"href":"https:\/\/pawz.rs\/en\/wp-json\/wp\/v2\/comments?post=32362"}],"wp:featuredmedia":[{"embeddable":true,"href":"https:\/\/pawz.rs\/en\/wp-json\/wp\/v2\/media\/32365"}],"wp:attachment":[{"href":"https:\/\/pawz.rs\/en\/wp-json\/wp\/v2\/media?parent=32362"}],"wp:term":[{"taxonomy":"pwb-brand","embeddable":true,"href":"https:\/\/pawz.rs\/en\/wp-json\/wp\/v2\/pwb-brand?post=32362"},{"taxonomy":"product_cat","embeddable":true,"href":"https:\/\/pawz.rs\/en\/wp-json\/wp\/v2\/product_cat?post=32362"},{"taxonomy":"product_tag","embeddable":true,"href":"https:\/\/pawz.rs\/en\/wp-json\/wp\/v2\/product_tag?post=32362"}],"curies":[{"name":"wp","href":"https:\/\/api.w.org\/{rel}","templated":true}]}}