{"id":32386,"date":"2024-10-08T18:37:48","date_gmt":"2024-10-08T16:37:48","guid":{"rendered":"https:\/\/pawz.rs\/?post_type=product&#038;p=32386"},"modified":"2026-01-30T07:33:52","modified_gmt":"2026-01-30T06:33:52","slug":"monge-vetsolution-dog-recovery-wet","status":"publish","type":"product","link":"https:\/\/pawz.rs\/en\/monge-vetsolution-dog-recovery-wet\/","title":{"rendered":"Monge VetSolution Dog Recovery Wet"},"content":{"rendered":"<p><strong>Monge VetSolution Dog Recovery Wet Food 24 x 150g<\/strong><\/p>\n<p>Monge VetSolution Dog Recovery Wet je kompletna vla\u017ena dijetna hrana za kuc\u0301ne ljubimce formulisana za pobolj\u0161anje ishrane, obnavljanje. Sadr\u017ei nukleotide za podr\u0161ku imunolo\u0161kom sistemu, seme \u010di\u010dka za podr\u0161ku rekonvalescenciji, ksilo-oligosaharide (XOS) za obezbe\u0111ivanje crevne flore, a karakteri\u0161e ih visoka gustina energije, visoke koncentracije esencijalnih hranljivih materija i lako svarljivi sastojci.<\/p>\n<p><strong>Sastav:<\/strong> Pilec\u0301a jetra (20%), svinjsko meso, krompir proteini, su\u0161ena jaja (4%), tapioka, minerali, riblje ulje (lososovo ulje pre\u010di\u0161c\u0301eno na 99,5%), \u017eivotinjska mast (svinjska mast pro\u010di\u0161c\u0301ena na 99,5%), hidrolizovani kvasci 1% (od kojih 44% slobodnih nukleotida), ksilo-oligosaharid (0,4%), seme \u010di\u010dka (0,03%). Visoko svarljivi sastojci: pilec\u0301a jetra i jaja.<\/p>\n<p><strong>Analiti\u010dke komponente:<\/strong> Sirovi protein: 10,1% &#8211; Sirova vlakna: 0,3% &#8211; Sirova masnoc\u0301a: 7,1% &#8211; Sirovi pepeo: 1,4% &#8211; Vlaga: 76% &#8211; n-3 masne kiseline: 0,2% &#8211; n-6 masne kiseline: 1,3%. Metabolizabilna energija: 1230 Kcal \/ kg. Prehrambeni dodaci \/ kg: vitamin D3 450 IU \/ kg, vitamin E (all-rac-alfa-tokoferil-acetat) 50 mg, selen (natrijum selenit 0,08 mg \/ kg) 0,04 mg, mangan (mangan-sulfat monohidrat 27,6 mg \/ kg) 9 mg, cink (cinkov oksid 52 mg \/ kg) 42 mg, bakar (bakar (II) sulfat pentahidrat 13 mg \/ kg) 3 mg, gvo\u017e\u0111e (gvo\u017e\u0111e (II)) sulfat monohidrat 42 mg \/ kg) 14 mg, jod (kalcijum jod bezvodni 2,7 mg \/ kg) 1,8 mg, L-cistin: 600 mg, L-metionin tehni\u010dki \u010dist: 300 mg, L-karnitin: 300 mg, taurin: 200 mg.<\/p>\n<p>Poslu\u017eiti hranu uz dostupnu sve\u017eu vodu.<br \/>\nFor your pet&#039;s health, consult a veterinarian regularly.<\/p>\n<div class=\"ccvoYb EjH7wc\">\n<div class=\"AxqVh\">\n<div class=\"OPPzxe\">\n<div class=\"QcsUad BDJ8fb BLojaf sMVRZe wneUed\">\n<div class=\"usGWQd\">\n<div class=\"KkbLmb\">\n<div class=\"VO9ucd\">\n<div class=\"aJIq1d\" data-language-code=\"sr\" data-language-name=\"srpski\" data-text=\"Vitamin A (retinil acetat) 3000 IU, vitamin D3 150 IU, vitamin E (all-rac-alfa-tokoferil acetat) 6 mg, taurin 500 mg.\" data-crosslingual-hint=\"\" data-location=\"2\" data-enable-toggle-playback-speed=\"true\" data-results-count=\"1\" data-result-index=\"1\">\n<div class=\"m0Qfkd\">\n<div class=\"VfPpkd-Bz112c-Jh9lGc\">Proizvo\u0111a\u010d: Monge &amp; C. S.p.a. Via Savigliano, Italy<br \/>\nZemlja porekla: Italija (EU)<\/div>\n<\/div>\n<\/div>\n<\/div>\n<\/div>\n<\/div>\n<\/div>\n<\/div>\n<\/div>\n<\/div>\n\n    <div class=\"xs_social_share_widget xs_share_url after_content \t\tmain_content  wslu-style-1 wslu-share-box-shaped wslu-fill-colored wslu-none wslu-share-horizontal wslu-theme-font-no wslu-main_content\">\n\n\t\t\n        <ul>\n\t\t\t        <\/ul>\n    <\/div>","protected":false},"excerpt":{"rendered":"<p class=\"product-headline\">Te\u010dna postoperativna hrana za pse<\/p>","protected":false},"featured_media":32395,"comment_status":"open","ping_status":"closed","template":"","meta":{"_acf_changed":false},"pwb-brand":[688,672],"product_cat":[705,48,47],"product_tag":[208,1251],"class_list":{"0":"post-32386","1":"product","2":"type-product","3":"status-publish","4":"has-post-thumbnail","6":"pwb-brand-monge-hrana-za-pse","7":"pwb-brand-monge","8":"product_cat-veterinarske-dijete-za-pse","9":"product_cat-hrana-za-pse","10":"product_cat-psi","11":"product_tag-bez-zitarica","12":"product_tag-veterinarske-dijete","14":"first","15":"instock","16":"taxable","17":"shipping-taxable","18":"purchasable","19":"product-type-simple"},"acf":[],"brands":[{"id":672,"name":"Monge","slug":"monge"},{"id":688,"name":"Monge Dog Food","slug":"monge-hrana-za-pse"}],"_links":{"self":[{"href":"https:\/\/pawz.rs\/en\/wp-json\/wp\/v2\/product\/32386","targetHints":{"allow":["GET"]}}],"collection":[{"href":"https:\/\/pawz.rs\/en\/wp-json\/wp\/v2\/product"}],"about":[{"href":"https:\/\/pawz.rs\/en\/wp-json\/wp\/v2\/types\/product"}],"replies":[{"embeddable":true,"href":"https:\/\/pawz.rs\/en\/wp-json\/wp\/v2\/comments?post=32386"}],"wp:featuredmedia":[{"embeddable":true,"href":"https:\/\/pawz.rs\/en\/wp-json\/wp\/v2\/media\/32395"}],"wp:attachment":[{"href":"https:\/\/pawz.rs\/en\/wp-json\/wp\/v2\/media?parent=32386"}],"wp:term":[{"taxonomy":"pwb-brand","embeddable":true,"href":"https:\/\/pawz.rs\/en\/wp-json\/wp\/v2\/pwb-brand?post=32386"},{"taxonomy":"product_cat","embeddable":true,"href":"https:\/\/pawz.rs\/en\/wp-json\/wp\/v2\/product_cat?post=32386"},{"taxonomy":"product_tag","embeddable":true,"href":"https:\/\/pawz.rs\/en\/wp-json\/wp\/v2\/product_tag?post=32386"}],"curies":[{"name":"wp","href":"https:\/\/api.w.org\/{rel}","templated":true}]}}