{"id":32388,"date":"2024-10-08T18:44:42","date_gmt":"2024-10-08T16:44:42","guid":{"rendered":"https:\/\/pawz.rs\/?post_type=product&#038;p=32388"},"modified":"2026-01-30T07:33:52","modified_gmt":"2026-01-30T06:33:52","slug":"monge-vetsolution-dog-gastrointestinal-wet","status":"publish","type":"product","link":"https:\/\/pawz.rs\/en\/monge-vetsolution-dog-gastrointestinal-wet\/","title":{"rendered":"Monge VetSolution Dog Gastrointestinal Wet"},"content":{"rendered":"<p><strong>Monge VetSolution Dog Gastrointestinal Wet Food 24 x 150g<\/strong><\/p>\n<p>Monge VetSolution Dog Gastrointestinal Wet za odrasle pse je kompletna dijetalna vla\u017ena hrana za pse koja je formulisana za regulisanje i smanjivanje akutnih crevnih apsorptivnih poremec\u0301aja. Sadr\u017ei koncentrat soka od dinje za neutralizaciju slobodnih radikala, divlji ke\u0161ten za podr\u0161ku crevima, ksilo-oligosaharide (XOS) za za\u0161titu crevne flore i povec\u0301an nivo elektrolita i visoko probavljivih sastojaka. Fit-aroma: napredna tehnologija procesa (fito-sastojci, divlji ke\u0161ten, oblo\u017een aromatskim masnim kiselinama).<\/p>\n<p><strong>Sastav:<\/strong> Svinjska jetra (20%), su\u0161eni gra\u0161ak, su\u0161ena jaja (4%), tapioka, minerali, riblje ulje (lososovo ulje pre\u010di\u0161c\u0301eno na 99,5%), protein krompira, hidrolizovani kvasci 1% (od \u010dega slobodni nukleotidi 44%), seme plantago (0,5%), ksilo-oligosaharid (0,4%), gra\u0161ak od gra\u0161ka, su\u0161eni konjski ke\u0161ten (0,01%). Lako probavljivi sastojci: svinjska jetra i jaja. Izvor sluzavih supstanci: seme plantago.<\/p>\n<p><strong>Analiti\u010dke komponente:<\/strong> Sirovi protein: 6,5% &#8211; Sirova vlakna: 0,5% &#8211; Sirova masnoc\u0301a: 3,6% &#8211; Sirovi pepeo: 0,9% &#8211; Vlaga: 76% &#8211; Natrijum: 0,09% &#8211; Kalijum: 0,2%. Prehrambeni dodaci \/ kg: vitamin D3 450 IU \/ kg, vitamin E (all-rac-alfa-tokoferil-acetat) 50 mg, selen (natrijum selenit 0,08 mg \/ kg) 0,04 mg, mangan (mangan-sulfat monohidrat 27,6 mg \/ kg) 9 mg, Cink (Cink oksid 52 mg \/ kg) 42 mg, Bakar (Bakar (II) sulfat pentahidrat 13 mg \/ kg) 3 mg, Gvo\u017e\u0111e (Gvo\u017e\u0111e (II) sulfat monohidrat 42 mg \/ kg) 14 mg, Jod (Kalcijum bezvodni jodat 2,7 mg \/ kg) 1,8 mg, L-cistin: 600 mg, DL-metionin tehni\u010dki \u010dist: 300 mg, L-karnitin: 300 mg, taurin: 200 mg.<\/p>\n<p>Poslu\u017eiti hranu uz dostupnu sve\u017eu vodu.<br \/>\nFor your pet&#039;s health, consult a veterinarian regularly.<\/p>\n<div class=\"ccvoYb EjH7wc\">\n<div class=\"AxqVh\">\n<div class=\"OPPzxe\">\n<div class=\"QcsUad BDJ8fb BLojaf sMVRZe wneUed\">\n<div class=\"usGWQd\">\n<div class=\"KkbLmb\">\n<div class=\"VO9ucd\">\n<div class=\"aJIq1d\" data-language-code=\"sr\" data-language-name=\"srpski\" data-text=\"Vitamin A (retinil acetat) 3000 IU, vitamin D3 150 IU, vitamin E (all-rac-alfa-tokoferil acetat) 6 mg, taurin 500 mg.\" data-crosslingual-hint=\"\" data-location=\"2\" data-enable-toggle-playback-speed=\"true\" data-results-count=\"1\" data-result-index=\"1\">\n<div class=\"m0Qfkd\">\n<div class=\"VfPpkd-Bz112c-Jh9lGc\">Proizvo\u0111a\u010d: Monge &amp; C. S.p.a. Via Savigliano, Italy<br \/>\nZemlja porekla: Italija (EU)<\/div>\n<\/div>\n<\/div>\n<\/div>\n<\/div>\n<\/div>\n<\/div>\n<\/div>\n<\/div>\n<\/div>\n\n    <div class=\"xs_social_share_widget xs_share_url after_content \t\tmain_content  wslu-style-1 wslu-share-box-shaped wslu-fill-colored wslu-none wslu-share-horizontal wslu-theme-font-no wslu-main_content\">\n\n\t\t\n        <ul>\n\t\t\t        <\/ul>\n    <\/div>","protected":false},"excerpt":{"rendered":"<p class=\"product-headline\">Vla\u017ena hrana za pse sa\u00a0 gastrointestinalnim poreme\u0107ajima<\/p>","protected":false},"featured_media":32397,"comment_status":"open","ping_status":"closed","template":"","meta":{"_acf_changed":false},"pwb-brand":[688,672],"product_cat":[705,48,47],"product_tag":[208,1251],"class_list":{"0":"post-32388","1":"product","2":"type-product","3":"status-publish","4":"has-post-thumbnail","6":"pwb-brand-monge-hrana-za-pse","7":"pwb-brand-monge","8":"product_cat-veterinarske-dijete-za-pse","9":"product_cat-hrana-za-pse","10":"product_cat-psi","11":"product_tag-bez-zitarica","12":"product_tag-veterinarske-dijete","14":"first","15":"instock","16":"taxable","17":"shipping-taxable","18":"purchasable","19":"product-type-simple"},"acf":[],"brands":[{"id":672,"name":"Monge","slug":"monge"},{"id":688,"name":"Monge Dog Food","slug":"monge-hrana-za-pse"}],"_links":{"self":[{"href":"https:\/\/pawz.rs\/en\/wp-json\/wp\/v2\/product\/32388","targetHints":{"allow":["GET"]}}],"collection":[{"href":"https:\/\/pawz.rs\/en\/wp-json\/wp\/v2\/product"}],"about":[{"href":"https:\/\/pawz.rs\/en\/wp-json\/wp\/v2\/types\/product"}],"replies":[{"embeddable":true,"href":"https:\/\/pawz.rs\/en\/wp-json\/wp\/v2\/comments?post=32388"}],"wp:featuredmedia":[{"embeddable":true,"href":"https:\/\/pawz.rs\/en\/wp-json\/wp\/v2\/media\/32397"}],"wp:attachment":[{"href":"https:\/\/pawz.rs\/en\/wp-json\/wp\/v2\/media?parent=32388"}],"wp:term":[{"taxonomy":"pwb-brand","embeddable":true,"href":"https:\/\/pawz.rs\/en\/wp-json\/wp\/v2\/pwb-brand?post=32388"},{"taxonomy":"product_cat","embeddable":true,"href":"https:\/\/pawz.rs\/en\/wp-json\/wp\/v2\/product_cat?post=32388"},{"taxonomy":"product_tag","embeddable":true,"href":"https:\/\/pawz.rs\/en\/wp-json\/wp\/v2\/product_tag?post=32388"}],"curies":[{"name":"wp","href":"https:\/\/api.w.org\/{rel}","templated":true}]}}