{"id":32576,"date":"2024-10-10T17:23:13","date_gmt":"2024-10-10T15:23:13","guid":{"rendered":"https:\/\/pawz.rs\/?post_type=product&#038;p=32576"},"modified":"2025-06-29T19:53:06","modified_gmt":"2025-06-29T17:53:06","slug":"trixie-lezaljka-za-hladjenje-50x40cm","status":"publish","type":"product","link":"https:\/\/pawz.rs\/en\/trixie-lezaljka-za-hladjenje-50x40cm\/","title":{"rendered":"Trixie Le\u017ealjka Za Hladjenje 50x40cm"},"content":{"rendered":"<p><strong>Trixie Le\u017ealjka Za Hladjenje 50x40cm<\/strong><\/p>\n<ul>\n<li>kao najlon (poliester)<\/li>\n<li>podr\u017eava termoregulaciju<\/li>\n<li>efekat hladenja kontaktom tela<\/li>\n<li>radi bez dodatnog hladenja, struje ili vode<\/li>\n<li>hladi nekoliko sati<\/li>\n<li>nakon kratkog prekida spremno za ponovnu upotrebu<\/li>\n<li>mo\u017ee se koristiti na krevetima, u odgajivacnicama za pse ili u kolima<\/li>\n<li>jednostavno brisanje<\/li>\n<\/ul>\n<p><strong>Sastojci rashladne tecnosti:<\/strong> 96,8 % vode, 3,0 % natrijum karboksimetilceluloze, 0,2 % konzervansa<\/p>\n<p><strong>Savet:<\/strong> Ne koristiti na suncu. Ne koristiti niti cuvati na temperaturama iznad 45 \u00b0C. Gel se pregrevanjem mo\u017ee pretvoriti u tecnost i kao rezultat toga gubi se efekt hladenja.<\/p>\n<p>Zbog temperaturnih fluktuacija mo\u017ee se formirati vlaga na rashladnoj prostirci. Zbog toga preporu\u010dujemo da se prostirka ne presavija ili skladi\u0161ti u originalnom kartonu, vec ako je potrebno da se ra\u0161iri i osu\u0161i krpom.<\/p>\n<p>Vek trajanja zavisi od nacina skladi\u0161tenja i tretmana proizvoda.<\/p>\n<p>Proizvo\u0111a\u010d: TRIXIE Pet Products, Inc<br \/>\nZemlja Porekla: Nema\u010dka<\/p>\n\n    <div class=\"xs_social_share_widget xs_share_url after_content \t\tmain_content  wslu-style-1 wslu-share-box-shaped wslu-fill-colored wslu-none wslu-share-horizontal wslu-theme-font-no wslu-main_content\">\n\n\t\t\n        <ul>\n\t\t\t        <\/ul>\n    <\/div>","protected":false},"excerpt":{"rendered":"<p>Trixie Le\u017ealjka Za Hladjenje 50x40cm<\/p>","protected":false},"featured_media":32577,"comment_status":"open","ping_status":"closed","template":"","meta":{"_acf_changed":false},"pwb-brand":[465],"product_cat":[763,202,47],"product_tag":[],"class_list":{"0":"post-32576","1":"product","2":"type-product","3":"status-publish","4":"has-post-thumbnail","6":"pwb-brand-trixie","7":"product_cat-krevetici-i-transporteri","8":"product_cat-oprema-za-pse","9":"product_cat-psi","11":"first","12":"instock","13":"taxable","14":"shipping-taxable","15":"purchasable","16":"product-type-simple"},"acf":[],"brands":[{"id":465,"name":"Trixie","slug":"trixie"}],"_links":{"self":[{"href":"https:\/\/pawz.rs\/en\/wp-json\/wp\/v2\/product\/32576","targetHints":{"allow":["GET"]}}],"collection":[{"href":"https:\/\/pawz.rs\/en\/wp-json\/wp\/v2\/product"}],"about":[{"href":"https:\/\/pawz.rs\/en\/wp-json\/wp\/v2\/types\/product"}],"replies":[{"embeddable":true,"href":"https:\/\/pawz.rs\/en\/wp-json\/wp\/v2\/comments?post=32576"}],"wp:featuredmedia":[{"embeddable":true,"href":"https:\/\/pawz.rs\/en\/wp-json\/wp\/v2\/media\/32577"}],"wp:attachment":[{"href":"https:\/\/pawz.rs\/en\/wp-json\/wp\/v2\/media?parent=32576"}],"wp:term":[{"taxonomy":"pwb-brand","embeddable":true,"href":"https:\/\/pawz.rs\/en\/wp-json\/wp\/v2\/pwb-brand?post=32576"},{"taxonomy":"product_cat","embeddable":true,"href":"https:\/\/pawz.rs\/en\/wp-json\/wp\/v2\/product_cat?post=32576"},{"taxonomy":"product_tag","embeddable":true,"href":"https:\/\/pawz.rs\/en\/wp-json\/wp\/v2\/product_tag?post=32576"}],"curies":[{"name":"wp","href":"https:\/\/api.w.org\/{rel}","templated":true}]}}