{"id":32704,"date":"2024-10-10T17:23:49","date_gmt":"2024-10-10T15:23:49","guid":{"rendered":"https:\/\/pawz.rs\/?post_type=product&#038;p=32704"},"modified":"2025-06-29T19:53:06","modified_gmt":"2025-06-29T17:53:06","slug":"trixie-kucica-za-spavanje-38x35x37cm","status":"publish","type":"product","link":"https:\/\/pawz.rs\/en\/trixie-kucica-za-spavanje-38x35x37cm\/","title":{"rendered":"Trixie Ku\u0107ica Za Spavanje 38x35x37cm"},"content":{"rendered":"<p><strong>Trixie Ku\u0107ica Za Spavanje 38x35x37cm<\/strong><\/p>\n<ul>\n<li>pil\u0161 (poliester)<\/li>\n<li>stabilan oblik<\/li>\n<li>jastuk sa pli\u0161anim pokriva\u010dem(poliester) i ispuna od pli\u0161a od poliestera, pro\u0161iveno<\/li>\n<li>sa rajsfer\u0161lusom<\/li>\n<\/ul>\n<p>Proizvo\u0111a\u010d: TRIXIE Pet Products, Inc<br \/>\nZemlja Porekla: Nema\u010dka<\/p>\n\n    <div class=\"xs_social_share_widget xs_share_url after_content \t\tmain_content  wslu-style-1 wslu-share-box-shaped wslu-fill-colored wslu-none wslu-share-horizontal wslu-theme-font-no wslu-main_content\">\n\n\t\t\n        <ul>\n\t\t\t        <\/ul>\n    <\/div>","protected":false},"excerpt":{"rendered":"<p>Trixie Ku\u0107ica Za Spavanje 38x35x37cm<\/p>","protected":false},"featured_media":32705,"comment_status":"open","ping_status":"closed","template":"","meta":{"_acf_changed":false},"pwb-brand":[465],"product_cat":[763,23,765,202,47,769],"product_tag":[],"class_list":{"0":"post-32704","1":"product","2":"type-product","3":"status-publish","4":"has-post-thumbnail","6":"pwb-brand-trixie","7":"product_cat-krevetici-i-transporteri","8":"product_cat-macke","9":"product_cat-oprema-za-macke","10":"product_cat-oprema-za-pse","11":"product_cat-psi","12":"product_cat-krevetici-i-transporteri-macke","14":"first","15":"instock","16":"taxable","17":"shipping-taxable","18":"purchasable","19":"product-type-simple"},"acf":[],"brands":[{"id":465,"name":"Trixie","slug":"trixie"}],"_links":{"self":[{"href":"https:\/\/pawz.rs\/en\/wp-json\/wp\/v2\/product\/32704","targetHints":{"allow":["GET"]}}],"collection":[{"href":"https:\/\/pawz.rs\/en\/wp-json\/wp\/v2\/product"}],"about":[{"href":"https:\/\/pawz.rs\/en\/wp-json\/wp\/v2\/types\/product"}],"replies":[{"embeddable":true,"href":"https:\/\/pawz.rs\/en\/wp-json\/wp\/v2\/comments?post=32704"}],"wp:featuredmedia":[{"embeddable":true,"href":"https:\/\/pawz.rs\/en\/wp-json\/wp\/v2\/media\/32705"}],"wp:attachment":[{"href":"https:\/\/pawz.rs\/en\/wp-json\/wp\/v2\/media?parent=32704"}],"wp:term":[{"taxonomy":"pwb-brand","embeddable":true,"href":"https:\/\/pawz.rs\/en\/wp-json\/wp\/v2\/pwb-brand?post=32704"},{"taxonomy":"product_cat","embeddable":true,"href":"https:\/\/pawz.rs\/en\/wp-json\/wp\/v2\/product_cat?post=32704"},{"taxonomy":"product_tag","embeddable":true,"href":"https:\/\/pawz.rs\/en\/wp-json\/wp\/v2\/product_tag?post=32704"}],"curies":[{"name":"wp","href":"https:\/\/api.w.org\/{rel}","templated":true}]}}