{"id":32726,"date":"2024-10-10T17:23:58","date_gmt":"2024-10-10T15:23:58","guid":{"rendered":"https:\/\/pawz.rs\/?post_type=product&#038;p=32726"},"modified":"2025-07-15T11:09:39","modified_gmt":"2025-07-15T09:09:39","slug":"trixie-kucica-116x76x82cm","status":"publish","type":"product","link":"https:\/\/pawz.rs\/en\/trixie-kucica-116x76x82cm\/","title":{"rendered":"Trixie Ku\u0107ica 116x76x82cm"},"content":{"rendered":"<p><strong>Trixie Ku\u0107ica 116x76x82cm<\/strong><\/p>\n<ul>\n<li>koji se preklapa<\/li>\n<li>\u0161tite noge od vlage i hladnoce od zemlje i obezbedjuju dobru cirkulaciju vazduha<\/li>\n<li>podesive noge<\/li>\n<li>od borovog drveta, zastakljeno\/krovne folije<\/li>\n<\/ul>\n<p>Tretirano netoksi\u010dnom glazurom i tako optimalno za\u0161ticeno od vremenskih uslova. Da biste odr\u017eali za\u0161titu, preporu\u010dujemo farbanje drveta svake 1-3 godine netoksi\u010dnom glazurom za drvo ili bojom (na bazi vode, pogodno za spolja\u0161nju upotrebu).<\/p>\n<p>Treba redovno proveravati da li ima znakova grickanja iznutra i po potrebi popraviti zahvacena podru\u010dja tako da va\u0161 ljubimac bude i dalje dobro za\u0161ticen i be\u017ebedan. Na taj na\u010din cete vi i va\u0161 ljubimac dugo u\u017eivati u ovoj ku\u0107ici.<\/p>\n<p>Proizvo\u0111a\u010d: TRIXIE Pet Products, Inc<br \/>\nZemlja Porekla: Nema\u010dka<\/p>\n\n    <div class=\"xs_social_share_widget xs_share_url after_content \t\tmain_content  wslu-style-1 wslu-share-box-shaped wslu-fill-colored wslu-none wslu-share-horizontal wslu-theme-font-no wslu-main_content\">\n\n\t\t\n        <ul>\n\t\t\t        <\/ul>\n    <\/div>","protected":false},"excerpt":{"rendered":"<p>Trixie Ku\u0107ica 116x76x82cm<\/p>","protected":false},"featured_media":41653,"comment_status":"open","ping_status":"closed","template":"","meta":{"_acf_changed":false},"pwb-brand":[465],"product_cat":[763,202,47],"product_tag":[],"class_list":{"0":"post-32726","1":"product","2":"type-product","3":"status-publish","4":"has-post-thumbnail","6":"pwb-brand-trixie","7":"product_cat-krevetici-i-transporteri","8":"product_cat-oprema-za-pse","9":"product_cat-psi","10":"product_shipping_class-skupa-roba","12":"first","13":"instock","14":"taxable","15":"shipping-taxable","16":"purchasable","17":"product-type-simple"},"acf":[],"brands":[{"id":465,"name":"Trixie","slug":"trixie"}],"_links":{"self":[{"href":"https:\/\/pawz.rs\/en\/wp-json\/wp\/v2\/product\/32726","targetHints":{"allow":["GET"]}}],"collection":[{"href":"https:\/\/pawz.rs\/en\/wp-json\/wp\/v2\/product"}],"about":[{"href":"https:\/\/pawz.rs\/en\/wp-json\/wp\/v2\/types\/product"}],"replies":[{"embeddable":true,"href":"https:\/\/pawz.rs\/en\/wp-json\/wp\/v2\/comments?post=32726"}],"wp:featuredmedia":[{"embeddable":true,"href":"https:\/\/pawz.rs\/en\/wp-json\/wp\/v2\/media\/41653"}],"wp:attachment":[{"href":"https:\/\/pawz.rs\/en\/wp-json\/wp\/v2\/media?parent=32726"}],"wp:term":[{"taxonomy":"pwb-brand","embeddable":true,"href":"https:\/\/pawz.rs\/en\/wp-json\/wp\/v2\/pwb-brand?post=32726"},{"taxonomy":"product_cat","embeddable":true,"href":"https:\/\/pawz.rs\/en\/wp-json\/wp\/v2\/product_cat?post=32726"},{"taxonomy":"product_tag","embeddable":true,"href":"https:\/\/pawz.rs\/en\/wp-json\/wp\/v2\/product_tag?post=32726"}],"curies":[{"name":"wp","href":"https:\/\/api.w.org\/{rel}","templated":true}]}}