{"id":32760,"date":"2024-10-10T17:24:50","date_gmt":"2024-10-10T15:24:50","guid":{"rendered":"https:\/\/pawz.rs\/?post_type=product&#038;p=32760"},"modified":"2025-06-29T19:52:07","modified_gmt":"2025-06-29T17:52:07","slug":"trixie-krevet-leni-bed-square-80x60-cm-pesak-siva","status":"publish","type":"product","link":"https:\/\/pawz.rs\/en\/trixie-krevet-leni-bed-square-80x60-cm-pesak-siva\/","title":{"rendered":"Trixie Krevet Leni bed square 80&#215;60 cm pesak siva"},"content":{"rendered":"<p>Trixie Krevet Leni bed square 80&#215;60 cm pesak siva<\/p>\n<ul>\n<li>od velura<\/li>\n<li>pokriva\u010d od poliestera<\/li>\n<li>punjenje od poliesterskog flisa<\/li>\n<li>sa \u010dvrsto pri\u010dvr\u0161\u0107enim jastukom<\/li>\n<li>poklopac koji se mo\u017ee ukloniti<\/li>\n<li>neklizaju\u0107e dno<\/li>\n<\/ul>\n<p>Proizvo\u0111a\u010d: TRIXIE Pet Products, Inc<br \/>\nZemlja Porekla: Nema\u010dka<\/p>\n\n    <div class=\"xs_social_share_widget xs_share_url after_content \t\tmain_content  wslu-style-1 wslu-share-box-shaped wslu-fill-colored wslu-none wslu-share-horizontal wslu-theme-font-no wslu-main_content\">\n\n\t\t\n        <ul>\n\t\t\t        <\/ul>\n    <\/div>","protected":false},"excerpt":{"rendered":"<p>Trixie Krevet Leni bed square 80&#215;60 cm pesak siva<\/p>","protected":false},"featured_media":32853,"comment_status":"open","ping_status":"closed","template":"","meta":{"_acf_changed":false},"pwb-brand":[465],"product_cat":[769,763,23,765,202,47],"product_tag":[],"class_list":{"0":"post-32760","1":"product","2":"type-product","3":"status-publish","4":"has-post-thumbnail","6":"pwb-brand-trixie","7":"product_cat-krevetici-i-transporteri-macke","8":"product_cat-krevetici-i-transporteri","9":"product_cat-macke","10":"product_cat-oprema-za-macke","11":"product_cat-oprema-za-pse","12":"product_cat-psi","14":"first","15":"instock","16":"taxable","17":"shipping-taxable","18":"purchasable","19":"product-type-simple"},"acf":[],"brands":[{"id":465,"name":"Trixie","slug":"trixie"}],"_links":{"self":[{"href":"https:\/\/pawz.rs\/en\/wp-json\/wp\/v2\/product\/32760","targetHints":{"allow":["GET"]}}],"collection":[{"href":"https:\/\/pawz.rs\/en\/wp-json\/wp\/v2\/product"}],"about":[{"href":"https:\/\/pawz.rs\/en\/wp-json\/wp\/v2\/types\/product"}],"replies":[{"embeddable":true,"href":"https:\/\/pawz.rs\/en\/wp-json\/wp\/v2\/comments?post=32760"}],"wp:featuredmedia":[{"embeddable":true,"href":"https:\/\/pawz.rs\/en\/wp-json\/wp\/v2\/media\/32853"}],"wp:attachment":[{"href":"https:\/\/pawz.rs\/en\/wp-json\/wp\/v2\/media?parent=32760"}],"wp:term":[{"taxonomy":"pwb-brand","embeddable":true,"href":"https:\/\/pawz.rs\/en\/wp-json\/wp\/v2\/pwb-brand?post=32760"},{"taxonomy":"product_cat","embeddable":true,"href":"https:\/\/pawz.rs\/en\/wp-json\/wp\/v2\/product_cat?post=32760"},{"taxonomy":"product_tag","embeddable":true,"href":"https:\/\/pawz.rs\/en\/wp-json\/wp\/v2\/product_tag?post=32760"}],"curies":[{"name":"wp","href":"https:\/\/api.w.org\/{rel}","templated":true}]}}