{"id":32791,"date":"2024-10-10T17:24:22","date_gmt":"2024-10-10T15:24:22","guid":{"rendered":"https:\/\/pawz.rs\/?post_type=product&#038;p=32791"},"modified":"2025-10-01T15:56:34","modified_gmt":"2025-10-01T13:56:34","slug":"trixie-plasticni-krevet-sleeper","status":"publish","type":"product","link":"https:\/\/pawz.rs\/en\/trixie-plasticni-krevet-sleeper\/","title":{"rendered":"Trixie Plasti\u010dni Krevet Sleeper"},"content":{"rendered":"<p><strong>Trixie Plasti\u010dni Krevet Sleeper<\/strong><\/p>\n<ul>\n<li>odr\u017eiv zahvaljuju\u0107i recikliranoj plasti\u010di<\/li>\n<li>sa ventilacionim otvorima<\/li>\n<li>higijenski, lako se \u010disti<\/li>\n<li>neklizaju\u0107e<\/li>\n<li>Boja: antracit (Siva)<\/li>\n<\/ul>\n<p><strong>Veli\u010dine:<br \/>\n<\/strong>#1 &#8211; 33 x 41 cm<strong><br \/>\n<\/strong>#2 &#8211; 68 x 47 cm<br \/>\n#3 &#8211; 80 x 53 cm<br \/>\n#4 &#8211; 88 x 62 cm<br \/>\n#5 &#8211; 96 x 66 cm<br \/>\n#6 &#8211; 117 x 77 cm<\/p>\n<p>Proizvo\u0111a\u010d: TRIXIE Pet Products, Inc<br \/>\nZemlja Porekla: Nema\u010dka<\/p>\n\n    <div class=\"xs_social_share_widget xs_share_url after_content \t\tmain_content  wslu-style-1 wslu-share-box-shaped wslu-fill-colored wslu-none wslu-share-horizontal wslu-theme-font-no wslu-main_content\">\n\n\t\t\n        <ul>\n\t\t\t        <\/ul>\n    <\/div>","protected":false},"excerpt":{"rendered":"<p>Trixie Plasti\u010dni Krevet Sleeper<\/p>","protected":false},"featured_media":32792,"comment_status":"open","ping_status":"closed","template":"","meta":{"_acf_changed":false,"_aa_vp_cena":"","_aa_online_cena":""},"pwb-brand":[465],"product_cat":[763,23,765,202,47,769],"product_tag":[],"class_list":{"0":"post-32791","1":"product","2":"type-product","3":"status-publish","4":"has-post-thumbnail","6":"pwb-brand-trixie","7":"product_cat-krevetici-i-transporteri","8":"product_cat-macke","9":"product_cat-oprema-za-macke","10":"product_cat-oprema-za-pse","11":"product_cat-psi","12":"product_cat-krevetici-i-transporteri-macke","14":"first","15":"instock","16":"taxable","17":"shipping-taxable","18":"purchasable","19":"product-type-variable","20":"has-default-attributes"},"acf":[],"brands":[{"id":465,"name":"Trixie","slug":"trixie"}],"_links":{"self":[{"href":"https:\/\/pawz.rs\/en\/wp-json\/wp\/v2\/product\/32791","targetHints":{"allow":["GET"]}}],"collection":[{"href":"https:\/\/pawz.rs\/en\/wp-json\/wp\/v2\/product"}],"about":[{"href":"https:\/\/pawz.rs\/en\/wp-json\/wp\/v2\/types\/product"}],"replies":[{"embeddable":true,"href":"https:\/\/pawz.rs\/en\/wp-json\/wp\/v2\/comments?post=32791"}],"wp:featuredmedia":[{"embeddable":true,"href":"https:\/\/pawz.rs\/en\/wp-json\/wp\/v2\/media\/32792"}],"wp:attachment":[{"href":"https:\/\/pawz.rs\/en\/wp-json\/wp\/v2\/media?parent=32791"}],"wp:term":[{"taxonomy":"pwb-brand","embeddable":true,"href":"https:\/\/pawz.rs\/en\/wp-json\/wp\/v2\/pwb-brand?post=32791"},{"taxonomy":"product_cat","embeddable":true,"href":"https:\/\/pawz.rs\/en\/wp-json\/wp\/v2\/product_cat?post=32791"},{"taxonomy":"product_tag","embeddable":true,"href":"https:\/\/pawz.rs\/en\/wp-json\/wp\/v2\/product_tag?post=32791"}],"curies":[{"name":"wp","href":"https:\/\/api.w.org\/{rel}","templated":true}]}}