{"id":32799,"date":"2024-10-10T17:24:22","date_gmt":"2024-10-10T15:24:22","guid":{"rendered":"https:\/\/pawz.rs\/?post_type=product&#038;p=32799"},"modified":"2025-06-29T19:52:15","modified_gmt":"2025-06-29T17:52:15","slug":"trixie-prostirka-za-hladjenje","status":"publish","type":"product","link":"https:\/\/pawz.rs\/en\/trixie-prostirka-za-hladjenje\/","title":{"rendered":"Trixie Prostirka za Hladjenje"},"content":{"rendered":"<p><strong>Trixie Prostirka za hladjenje<\/strong><\/p>\n<ul>\n<li>kao najlon (poliester)<\/li>\n<li>podr\u017eava termoregulaciju<\/li>\n<li>efekat hladenja kontaktom tela<\/li>\n<li>radi bez dodatnog hladenja, struje ili vode<\/li>\n<li>hladi nekoliko sati<\/li>\n<li>spreman za ponovnu upotrebu nakon kratkog prekida<\/li>\n<li>mo\u017ee se koristiti i npr. na krevetima, u odgajivacnicama za pse ili u kolima<\/li>\n<li>jednostavno brisanje<\/li>\n<li>u skladu sa Odeljkom o dobrobiti \u017eivotinja 18 (AT)<\/li>\n<li><strong>Sastojci rashladne tecnosti:<\/strong> 96,8 % vode, 3,0 % natrijum karboksimetilceluloze, 0,2 % konzervansa<\/li>\n<\/ul>\n<p><strong>Savet:<\/strong> Ne koristiti na suncu. Ne koristiti niti cuvati na temperaturama vecim od 45 \u00b0C. Gel se mo\u017ee previ\u0161e zagrejati i pretvoriti u tecnost i kao rezultat toga gubi se efekat hladenja.<\/p>\n<p>Zbog temperaturnih fluktuacija vlaga se mo\u017ee formirati na rashladnoj prostirci. Zbog toga preporu\u010dujemo da se prostirka ne presavija ili skladi\u0161ti u originalnom kartonu, vec da se ra\u0161iri i osu\u0161i krpom.<\/p>\n<p>Vek trajanja zavisi od nacina skladi\u0161tenja i tretmana proizvoda.<\/p>\n<p>Proizvo\u0111a\u010d: TRIXIE Pet Products, Inc<br \/>\nZemlja Porekla: Nema\u010dka<\/p>\n\n    <div class=\"xs_social_share_widget xs_share_url after_content \t\tmain_content  wslu-style-1 wslu-share-box-shaped wslu-fill-colored wslu-none wslu-share-horizontal wslu-theme-font-no wslu-main_content\">\n\n\t\t\n        <ul>\n\t\t\t        <\/ul>\n    <\/div>","protected":false},"excerpt":{"rendered":"<p>Trixie Prostirka za hladjenje<\/p>","protected":false},"featured_media":32573,"comment_status":"open","ping_status":"closed","template":"","meta":{"_acf_changed":false},"pwb-brand":[465],"product_cat":[202,763,47],"product_tag":[],"class_list":{"0":"post-32799","1":"product","2":"type-product","3":"status-publish","4":"has-post-thumbnail","6":"pwb-brand-trixie","7":"product_cat-oprema-za-pse","8":"product_cat-krevetici-i-transporteri","9":"product_cat-psi","11":"first","12":"instock","13":"taxable","14":"shipping-taxable","15":"purchasable","16":"product-type-variable","17":"has-default-attributes"},"acf":[],"brands":[{"id":465,"name":"Trixie","slug":"trixie"}],"_links":{"self":[{"href":"https:\/\/pawz.rs\/en\/wp-json\/wp\/v2\/product\/32799","targetHints":{"allow":["GET"]}}],"collection":[{"href":"https:\/\/pawz.rs\/en\/wp-json\/wp\/v2\/product"}],"about":[{"href":"https:\/\/pawz.rs\/en\/wp-json\/wp\/v2\/types\/product"}],"replies":[{"embeddable":true,"href":"https:\/\/pawz.rs\/en\/wp-json\/wp\/v2\/comments?post=32799"}],"wp:featuredmedia":[{"embeddable":true,"href":"https:\/\/pawz.rs\/en\/wp-json\/wp\/v2\/media\/32573"}],"wp:attachment":[{"href":"https:\/\/pawz.rs\/en\/wp-json\/wp\/v2\/media?parent=32799"}],"wp:term":[{"taxonomy":"pwb-brand","embeddable":true,"href":"https:\/\/pawz.rs\/en\/wp-json\/wp\/v2\/pwb-brand?post=32799"},{"taxonomy":"product_cat","embeddable":true,"href":"https:\/\/pawz.rs\/en\/wp-json\/wp\/v2\/product_cat?post=32799"},{"taxonomy":"product_tag","embeddable":true,"href":"https:\/\/pawz.rs\/en\/wp-json\/wp\/v2\/product_tag?post=32799"}],"curies":[{"name":"wp","href":"https:\/\/api.w.org\/{rel}","templated":true}]}}