{"id":32819,"date":"2024-10-10T17:24:31","date_gmt":"2024-10-10T15:24:31","guid":{"rendered":"https:\/\/pawz.rs\/?post_type=product&#038;p=32819"},"modified":"2025-06-29T19:52:14","modified_gmt":"2025-06-29T17:52:14","slug":"trixie-prostirka-samoa","status":"publish","type":"product","link":"https:\/\/pawz.rs\/en\/trixie-prostirka-samoa\/","title":{"rendered":"Trixie Prostirka Samoa"},"content":{"rendered":"<p><strong>Trixie Prostirka Samoa<\/strong><\/p>\n<ul>\n<li>kao najlon<\/li>\n<li>izdr\u017eljiva i meka navlaka od poliestera<\/li>\n<li>plis od poliestera, 3 cm<\/li>\n<li>sa ru\u010dkom<\/li>\n<li>kod skladi\u0161tenja savijte i pri\u010dvrstite elasti\u010dnim trakama \u010dime se \u0161tedi prostor<\/li>\n<li>dodatni poklopac sa patent zatvara\u010dem za umetanje rashladne prostirke (posebno dostupno)<\/li>\n<\/ul>\n<p>Proizvo\u0111a\u010d: TRIXIE Pet Products, Inc<br \/>\nZemlja Porekla: Nema\u010dka<\/p>\n\n    <div class=\"xs_social_share_widget xs_share_url after_content \t\tmain_content  wslu-style-1 wslu-share-box-shaped wslu-fill-colored wslu-none wslu-share-horizontal wslu-theme-font-no wslu-main_content\">\n\n\t\t\n        <ul>\n\t\t\t        <\/ul>\n    <\/div>","protected":false},"excerpt":{"rendered":"<p>Trixie Prostirka Samoa<\/p>","protected":false},"featured_media":32820,"comment_status":"open","ping_status":"closed","template":"","meta":{"_acf_changed":false},"pwb-brand":[465],"product_cat":[763,202,47],"product_tag":[],"class_list":{"0":"post-32819","1":"product","2":"type-product","3":"status-publish","4":"has-post-thumbnail","6":"pwb-brand-trixie","7":"product_cat-krevetici-i-transporteri","8":"product_cat-oprema-za-pse","9":"product_cat-psi","11":"first","12":"instock","13":"taxable","14":"shipping-taxable","15":"purchasable","16":"product-type-variable","17":"has-default-attributes"},"acf":[],"brands":[{"id":465,"name":"Trixie","slug":"trixie"}],"_links":{"self":[{"href":"https:\/\/pawz.rs\/en\/wp-json\/wp\/v2\/product\/32819","targetHints":{"allow":["GET"]}}],"collection":[{"href":"https:\/\/pawz.rs\/en\/wp-json\/wp\/v2\/product"}],"about":[{"href":"https:\/\/pawz.rs\/en\/wp-json\/wp\/v2\/types\/product"}],"replies":[{"embeddable":true,"href":"https:\/\/pawz.rs\/en\/wp-json\/wp\/v2\/comments?post=32819"}],"wp:featuredmedia":[{"embeddable":true,"href":"https:\/\/pawz.rs\/en\/wp-json\/wp\/v2\/media\/32820"}],"wp:attachment":[{"href":"https:\/\/pawz.rs\/en\/wp-json\/wp\/v2\/media?parent=32819"}],"wp:term":[{"taxonomy":"pwb-brand","embeddable":true,"href":"https:\/\/pawz.rs\/en\/wp-json\/wp\/v2\/pwb-brand?post=32819"},{"taxonomy":"product_cat","embeddable":true,"href":"https:\/\/pawz.rs\/en\/wp-json\/wp\/v2\/product_cat?post=32819"},{"taxonomy":"product_tag","embeddable":true,"href":"https:\/\/pawz.rs\/en\/wp-json\/wp\/v2\/product_tag?post=32819"}],"curies":[{"name":"wp","href":"https:\/\/api.w.org\/{rel}","templated":true}]}}