{"id":33473,"date":"2024-10-20T14:32:30","date_gmt":"2024-10-20T12:32:30","guid":{"rendered":"https:\/\/pawz.rs\/?post_type=product&#038;p=33473"},"modified":"2025-09-20T17:48:06","modified_gmt":"2025-09-20T15:48:06","slug":"trixie-lezaljka-za-macke-za-radijator-48x26x30-cm","status":"publish","type":"product","link":"https:\/\/pawz.rs\/en\/trixie-lezaljka-za-macke-za-radijator-48x26x30-cm\/","title":{"rendered":"Trixie Le\u017ealjka za ma\u010dke za radijator 48\u00d726\u00d730 cm"},"content":{"rendered":"<p><strong>Trixie Le\u017ealjka za ma\u010dke za radijator 48\u00d726\u00d730 cm<\/strong><\/p>\n<ul>\n<li>pli\u0161 pokriva\u010d se mo\u017ee ukloniti (poliester)<\/li>\n<li>stabilan metalni okvir<\/li>\n<li>sa podesivim dr\u017ea\u010dem (10-12 cm)<\/li>\n<li>za sve tipove radijatora<\/li>\n<li>do 5 kg<\/li>\n<\/ul>\n<p>Proizvo\u0111a\u010d: TRIXIE Pet Products, Inc<br \/>\nZemlja Porekla: Nema\u010dka<\/p>\n<p>Trixie<\/p>\n<p>4011905432014<\/p>\n\n    <div class=\"xs_social_share_widget xs_share_url after_content \t\tmain_content  wslu-style-1 wslu-share-box-shaped wslu-fill-colored wslu-none wslu-share-horizontal wslu-theme-font-no wslu-main_content\">\n\n\t\t\n        <ul>\n\t\t\t        <\/ul>\n    <\/div>","protected":false},"excerpt":{"rendered":"<p>Trixie Le\u017ealjka za ma\u010dke za radijator 48\u00d726\u00d730 cm<\/p>","protected":false},"featured_media":33474,"comment_status":"open","ping_status":"closed","template":"","meta":{"_acf_changed":false},"pwb-brand":[465],"product_cat":[23,765,769],"product_tag":[1521],"class_list":{"0":"post-33473","1":"product","2":"type-product","3":"status-publish","4":"has-post-thumbnail","6":"pwb-brand-trixie","7":"product_cat-macke","8":"product_cat-oprema-za-macke","9":"product_cat-krevetici-i-transporteri-macke","10":"product_tag-jesen-zima","12":"first","13":"instock","14":"taxable","15":"shipping-taxable","16":"purchasable","17":"product-type-simple"},"acf":[],"brands":[{"id":465,"name":"Trixie","slug":"trixie"}],"_links":{"self":[{"href":"https:\/\/pawz.rs\/en\/wp-json\/wp\/v2\/product\/33473","targetHints":{"allow":["GET"]}}],"collection":[{"href":"https:\/\/pawz.rs\/en\/wp-json\/wp\/v2\/product"}],"about":[{"href":"https:\/\/pawz.rs\/en\/wp-json\/wp\/v2\/types\/product"}],"replies":[{"embeddable":true,"href":"https:\/\/pawz.rs\/en\/wp-json\/wp\/v2\/comments?post=33473"}],"wp:featuredmedia":[{"embeddable":true,"href":"https:\/\/pawz.rs\/en\/wp-json\/wp\/v2\/media\/33474"}],"wp:attachment":[{"href":"https:\/\/pawz.rs\/en\/wp-json\/wp\/v2\/media?parent=33473"}],"wp:term":[{"taxonomy":"pwb-brand","embeddable":true,"href":"https:\/\/pawz.rs\/en\/wp-json\/wp\/v2\/pwb-brand?post=33473"},{"taxonomy":"product_cat","embeddable":true,"href":"https:\/\/pawz.rs\/en\/wp-json\/wp\/v2\/product_cat?post=33473"},{"taxonomy":"product_tag","embeddable":true,"href":"https:\/\/pawz.rs\/en\/wp-json\/wp\/v2\/product_tag?post=33473"}],"curies":[{"name":"wp","href":"https:\/\/api.w.org\/{rel}","templated":true}]}}