{"id":33720,"date":"2025-03-07T18:06:02","date_gmt":"2025-03-07T17:06:02","guid":{"rendered":"https:\/\/pawz.rs\/?post_type=product&#038;p=33720"},"modified":"2026-05-04T19:44:13","modified_gmt":"2026-05-04T17:44:13","slug":"hills-prescription-diet-metabolic-piletina-1-5-kg","status":"publish","type":"product","link":"https:\/\/pawz.rs\/en\/hills-prescription-diet-metabolic-piletina-1-5-kg\/","title":{"rendered":"Hill&#8217;s Prescription Diet Metabolic Piletina 1.5 kg"},"content":{"rendered":"<p>Hill&#8217;s PRESCRIPTION DIET ON-CARE Hrana za Pse s Piletinom je potpuna hrana za ku\u0107ne ljubimce namenjena za negovanje pasa s posebnim nutritivnim potrebama za kvalitetan \u017eivot. Klju\u010dna nutritivna potpora za ljubimce s ozbiljnim bolestima kao \u0161to su tumori.<\/p>\n<p><strong>Kako ovaj proizvod poma\u017ee va\u0161em ljubimcu:<\/strong><\/p>\n<ul>\n<li>Podsti\u010de unos hrane, po\u010dev\u0161i ve\u0107 od prvog zalogaja;<\/li>\n<li>Sadr\u017ei optimalne hranjive materije bogate kalorijama kako bi podr\u017eale sve dnevne aktivnosti va\u0161eg psa<\/li>\n<li>Osmi\u0161ljen tako da podr\u017eava kvalitet stolice.<\/li>\n<\/ul>\n<p><strong>Kako ovaj proizvod deluje:<\/strong><\/p>\n<ul>\n<li>Neodoljiv ukus u svakoj posudi koji podsti\u010de visoki apetit<\/li>\n<li>Visokosvarljivi protein koji poma\u017ee odr\u017eavanju snage i energije<\/li>\n<li>Napravljen s ActivBiome+ tehnologijom kako bi negovao probavni sistem va\u0161eg psa.<\/li>\n<li>ActivBiome+ tehnologija sastojaka jedinstvena je me\u0161avina prebiotika (4%) koja dokazano ubrzano hrani crevni mikrobiom za odr\u017eavanje zdravlja probave i celog organizma.<\/li>\n<\/ul>\n<p>Sve\u017ea voda treba uvek biti dostupna. Obavezno konsultujte veterinara pre prelaska na veterinarske dijete.<\/p>\n<p>Proizvo\u0111a\u010d: Hill\u2019s Pet Nutrition EU Switzerland<br \/>\nZemlja porekla: \u0160vajcarska<\/p>\n\n    <div class=\"xs_social_share_widget xs_share_url after_content \t\tmain_content  wslu-style-1 wslu-share-box-shaped wslu-fill-colored wslu-none wslu-share-horizontal wslu-theme-font-no wslu-main_content\">\n\n\t\t\n        <ul>\n\t\t\t        <\/ul>\n    <\/div>","protected":false},"excerpt":{"rendered":"<p>Hill&#8217;s Prescription Diet Metabolic Piletina 1.5 kg<\/p>","protected":false},"featured_media":33721,"comment_status":"open","ping_status":"closed","template":"","meta":{"_acf_changed":false},"pwb-brand":[916],"product_cat":[705,48,47],"product_tag":[1543,1251],"class_list":{"0":"post-33720","1":"product","2":"type-product","3":"status-publish","4":"has-post-thumbnail","6":"pwb-brand-hills","7":"product_cat-veterinarske-dijete-za-pse","8":"product_cat-hrana-za-pse","9":"product_cat-psi","10":"product_tag-hillsvet","11":"product_tag-veterinarske-dijete","13":"first","14":"instock","15":"taxable","16":"shipping-taxable","17":"purchasable","18":"product-type-simple"},"acf":[],"brands":[{"id":916,"name":"Hills","slug":"hills"}],"_links":{"self":[{"href":"https:\/\/pawz.rs\/en\/wp-json\/wp\/v2\/product\/33720","targetHints":{"allow":["GET"]}}],"collection":[{"href":"https:\/\/pawz.rs\/en\/wp-json\/wp\/v2\/product"}],"about":[{"href":"https:\/\/pawz.rs\/en\/wp-json\/wp\/v2\/types\/product"}],"replies":[{"embeddable":true,"href":"https:\/\/pawz.rs\/en\/wp-json\/wp\/v2\/comments?post=33720"}],"wp:featuredmedia":[{"embeddable":true,"href":"https:\/\/pawz.rs\/en\/wp-json\/wp\/v2\/media\/33721"}],"wp:attachment":[{"href":"https:\/\/pawz.rs\/en\/wp-json\/wp\/v2\/media?parent=33720"}],"wp:term":[{"taxonomy":"pwb-brand","embeddable":true,"href":"https:\/\/pawz.rs\/en\/wp-json\/wp\/v2\/pwb-brand?post=33720"},{"taxonomy":"product_cat","embeddable":true,"href":"https:\/\/pawz.rs\/en\/wp-json\/wp\/v2\/product_cat?post=33720"},{"taxonomy":"product_tag","embeddable":true,"href":"https:\/\/pawz.rs\/en\/wp-json\/wp\/v2\/product_tag?post=33720"}],"curies":[{"name":"wp","href":"https:\/\/api.w.org\/{rel}","templated":true}]}}