{"id":33728,"date":"2025-03-07T18:06:02","date_gmt":"2025-03-07T17:06:02","guid":{"rendered":"https:\/\/pawz.rs\/?post_type=product&#038;p=33728"},"modified":"2026-05-04T19:44:13","modified_gmt":"2026-05-04T17:44:13","slug":"hills-prescription-diet-k-d-mobility-suva-hrana-za-pse-4-kg","status":"publish","type":"product","link":"https:\/\/pawz.rs\/en\/hills-prescription-diet-k-d-mobility-suva-hrana-za-pse-4-kg\/","title":{"rendered":"Hill&#8217;s Prescription Diet k\/d + Mobility Suva Hrana za Pse 4 kg"},"content":{"rendered":"<p>Hill&#8217;s PRESCRIPTION DIET k\/d + Mobility\u00a0Dog Food je kompletna dijetetska hrana za kuc\u0301ne ljubimce za podr\u0161ku bubre\u017ene funkcije u slu\u010dajevima hroni\u010dne ili privremene bubre\u017ene insuficijencije i za podr\u0161ku metabolizmu zglobova u slu\u010daju osteoartritisa kod odraslih pasa. Ova hrana ima nizak nivo fosfora, ograni\u010den nivo visokokvalitetnih proteina, visok nivo EPA i ukupnih omega-3 masnih kiselina i adekvatan nivo vitamina E.<\/p>\n<p>Prescription Diet k\/d + Mobiliti kombinuje proverenu ishranu Prescription Diet k\/d za negu bubrega sa tehnologijom i efikasno\u0161c\u0301u Prescription Diet j\/d za mobilnost. Formulisan je sa ActivBiome+ Kidnei Defense, za\u0161tic\u0301enom me\u0161avinom prebiotika za koju se pokazalo da neguje mikrobiom creva i poma\u017ee u odr\u017eavanju funkcije bubrega. Prescription Diet k\/d + Mobiliti je klini\u010dka ishrana koja podr\u017eava pokretljivost i du\u017ei i bolji kvalitet \u017eivota pasa. Ova suva hrana ima neodoljiv ukus koji c\u0301e se svideti va\u0161em psu.<\/p>\n<p><strong>Kako poma\u017ee:<\/strong><\/p>\n<ul>\n<li>Ishrana koja poma\u017ee u za\u0161titi vitalne funkcije bubrega, stimuli\u0161e apetit i povec\u0301ava unos hrane;<\/li>\n<li>Formulisan da pobolj\u0161a sposobnost tr\u010danja, hodanja i skakanja za samo 21 dan;<\/li>\n<li>Poma\u017ee u upravljanju promenama u mikrobiomu creva izazvanim o\u0161tec\u0301enom funkcijom bubrega;<\/li>\n<li>Podr\u017eava prirodnu sposobnost izgradnje i odr\u017eavanja mi\u0161ic\u0301ne mase;<\/li>\n<li>Stimuli\u0161e apetit i podsti\u010de unos hrane;<\/li>\n<li>S+OKSSHIELD: Formulisan za promovisanje zdravog urinarnog okru\u017eenja koje smanjuje rizik od razvoja kristala struvita i kalcijum oksalata.<\/li>\n<\/ul>\n<p><strong>Dodatne informacije:<\/strong><\/p>\n<p>Hill&#8217;s Prescription Diet k\/d + Mobility\u00a0Dog Food vith Chicken je kompletna dijetetska hrana za kuc\u0301ne ljubimce za podr\u0161ku bubre\u017ene funkcije u slu\u010dajevima hroni\u010dne ili privremene bubre\u017ene insuficijencije i za podr\u0161ku metabolizmu zglobova u slu\u010daju osteoartritisa kod odraslih pasa. Ova hrana ima nizak nivo fosfora, ograni\u010den nivo proteina, ali visokog kvaliteta i visok nivo EPA, ukupnih omega-3 masnih kiselina i vitamina E.<\/p>\n<p><strong>Kako radi:<\/strong><\/p>\n<ul>\n<li>Kontrolisani fosfor i natrijum sa tehnologijom pobolj\u0161anog apetita (E.A.T.) za pse;<\/li>\n<li>Obogac\u0301en omega-3 iz ribljeg ulja, glukozamina i hondroitin sulfata;<\/li>\n<li>ActivBiome+ Kidnei Defense hrani mikrobiom creva kako bi podr\u017eao zdravlje bubrega;<\/li>\n<li>Visok nivo esencijalnih aminokiselina i L-karnitina<\/li>\n<\/ul>\n<p>Sve\u017ea voda treba uvek biti dostupna. Obavezno konsultujte veterinara pre prelaska na veterinarske dijete.<\/p>\n<p>Proizvo\u0111a\u010d: Hill\u2019s Pet Nutrition EU Switzerland<br \/>\nZemlja porekla: \u0160vajcarska<\/p>\n\n    <div class=\"xs_social_share_widget xs_share_url after_content \t\tmain_content  wslu-style-1 wslu-share-box-shaped wslu-fill-colored wslu-none wslu-share-horizontal wslu-theme-font-no wslu-main_content\">\n\n\t\t\n        <ul>\n\t\t\t        <\/ul>\n    <\/div>","protected":false},"excerpt":{"rendered":"<p>Hill&#8217;s Prescription Diet k\/d + Mobility Suva Hrana za Pse 4 kg<\/p>","protected":false},"featured_media":33729,"comment_status":"open","ping_status":"closed","template":"","meta":{"_acf_changed":false},"pwb-brand":[916],"product_cat":[705,48,47],"product_tag":[1543,1251],"class_list":{"0":"post-33728","1":"product","2":"type-product","3":"status-publish","4":"has-post-thumbnail","6":"pwb-brand-hills","7":"product_cat-veterinarske-dijete-za-pse","8":"product_cat-hrana-za-pse","9":"product_cat-psi","10":"product_tag-hillsvet","11":"product_tag-veterinarske-dijete","13":"first","14":"outofstock","15":"taxable","16":"shipping-taxable","17":"purchasable","18":"product-type-simple"},"acf":[],"brands":[{"id":916,"name":"Hills","slug":"hills"}],"_links":{"self":[{"href":"https:\/\/pawz.rs\/en\/wp-json\/wp\/v2\/product\/33728","targetHints":{"allow":["GET"]}}],"collection":[{"href":"https:\/\/pawz.rs\/en\/wp-json\/wp\/v2\/product"}],"about":[{"href":"https:\/\/pawz.rs\/en\/wp-json\/wp\/v2\/types\/product"}],"replies":[{"embeddable":true,"href":"https:\/\/pawz.rs\/en\/wp-json\/wp\/v2\/comments?post=33728"}],"wp:featuredmedia":[{"embeddable":true,"href":"https:\/\/pawz.rs\/en\/wp-json\/wp\/v2\/media\/33729"}],"wp:attachment":[{"href":"https:\/\/pawz.rs\/en\/wp-json\/wp\/v2\/media?parent=33728"}],"wp:term":[{"taxonomy":"pwb-brand","embeddable":true,"href":"https:\/\/pawz.rs\/en\/wp-json\/wp\/v2\/pwb-brand?post=33728"},{"taxonomy":"product_cat","embeddable":true,"href":"https:\/\/pawz.rs\/en\/wp-json\/wp\/v2\/product_cat?post=33728"},{"taxonomy":"product_tag","embeddable":true,"href":"https:\/\/pawz.rs\/en\/wp-json\/wp\/v2\/product_tag?post=33728"}],"curies":[{"name":"wp","href":"https:\/\/api.w.org\/{rel}","templated":true}]}}