{"id":33730,"date":"2025-03-07T18:06:02","date_gmt":"2025-03-07T17:06:02","guid":{"rendered":"https:\/\/pawz.rs\/?post_type=product&#038;p=33730"},"modified":"2026-05-04T19:44:17","modified_gmt":"2026-05-04T17:44:17","slug":"hills-prescription-diet-t-d-dental-care-hrana-za-pse-sa-piletinom-4-kg","status":"publish","type":"product","link":"https:\/\/pawz.rs\/en\/hills-prescription-diet-t-d-dental-care-hrana-za-pse-sa-piletinom-4-kg\/","title":{"rendered":"Hill&#8217;s Prescription Diet t\/d Dental Care Hrana za Pse sa Piletinom 4 kg"},"content":{"rendered":"<p>Potpuna suva hrana za odrasle pse s klini\u010dki dokazanom dentalnom tehnologijom. Klini\u010dki dokazano smanjuje nakupljanje plaka, naslaga te \u010disti sve do linije desni. Deluje poput \u010detkice za zube i formulisana je kao potpuno i uravnote\u017eeno nutritivno re\u0161enje za svakodnevni zdravstveni re\u017eim va\u0161eg psa.<\/p>\n<p>Granule sadr\u017ee klini\u010dki dokazanu tehnologiju matrice vlakana s trostrukim delovanjem za uklanjanje nakupina plaka i naslaga. Posebna matrica vlakana \u010disti zube uklanjaju\u0107i plak, \u0161to poma\u017ee u osve\u017eavanju daha. Granule svojim oblikom i teksturom \u010diste zube do gingivalne linije, za odr\u017eavanje zdravlja zuba i desni.<\/p>\n<p>Isklju\u010diva primjena Hill&#8217;s Prescription Diet t\/d suve hrane za pse pokazala se efikasnijom od \u010detkanja zuba zbog \u010dinjenice da samo mali broj vlasnika redovno \u010detka zube svojih pasa. Nutricionisti i veterinari Hill&#8217;s-a razvili su klini\u010dku hranu Prescription Diet t\/d za zdrave zube i desni te za odr\u017eavanje op\u0161teg zdravstvenog stanja va\u0161eg psa.<\/p>\n<p>Dokazano smanjuje mogu\u0107nost pojave gingivitisa za vi\u0161e od 36% i dodeljeno joj je priznanje za smanjenje plaka pe\u010datom VOHC.<\/p>\n<p>*VOHC pe\u010dat za\u0161titni je znak ve\u0107a Veterinary Oral Health Council.<\/p>\n<p><strong>Kako ovaj proizvod poma\u017ee va\u0161em ljubimcu:<\/strong><\/p>\n<ul>\n<li>\u010cisti zube i osve\u017eava dah tako \u0161to smanjuje nakupljanje plaka;<\/li>\n<li>Promovi\u0161e zdravlje desni tako \u0161to \u010disti sve do linije desni;<\/li>\n<li>Vitalna ishrana za svakodnevno zdravlje i podr\u0161ku imunom sistemu va\u0161eg psa;<\/li>\n<li>S+OXSHIELD: Formulisan za promociju urinarnog okru\u017eenja koje smanjuje rizik od stvaranja struvitnih i kalcijum-oksalatnih kristala<\/li>\n<\/ul>\n<p><strong>Kako ovaj proizvod deluje:<\/strong><\/p>\n<ul>\n<li>Klini\u010dki dokazano trostruko delovanje tehnologije matrice vlakana;<\/li>\n<li>Jedinstvena veli\u010dina, oblik i tekstura granula \u010disti do linije desni;<\/li>\n<li>Potpuna i uravnote\u017eena ishrana sa klini\u010dki dokazanim antioksidansima<\/li>\n<\/ul>\n<p>Va\u017eno je nastaviti hraniti va\u0161eg psa s PRESCRIPTION DIET t\/d Dental Care hranom za odr\u017eavanje oralnog zdravlja va\u0161eg psa \u010dak i nakon pobolj\u0161anja simptoma. Obratite se va\u0161em veterinaru za sve dodatne informacije o tome kako hrana PRESCRIPTION DIET mo\u017ee pomo\u0107i va\u0161em psu da nastavi u\u017eivati u sre\u0107nom i aktivnom \u017eivotu.<\/p>\n<p>Sve\u017ea voda treba uvek biti dostupna. Obavezno konsultujte veterinara pre prelaska na veterinarske dijete.<\/p>\n<p>Proizvo\u0111a\u010d: Hill\u2019s Pet Nutrition EU Switzerland<br \/>\nZemlja porekla: \u0160vajcarska<\/p>\n\n    <div class=\"xs_social_share_widget xs_share_url after_content \t\tmain_content  wslu-style-1 wslu-share-box-shaped wslu-fill-colored wslu-none wslu-share-horizontal wslu-theme-font-no wslu-main_content\">\n\n\t\t\n        <ul>\n\t\t\t        <\/ul>\n    <\/div>","protected":false},"excerpt":{"rendered":"<p>Hill&#8217;s Prescription Diet t\/d Dental Care Hrana za Pse sa Piletinom 4 kg<\/p>","protected":false},"featured_media":33731,"comment_status":"open","ping_status":"closed","template":"","meta":{"_acf_changed":false},"pwb-brand":[916],"product_cat":[705,48,47],"product_tag":[1543,1251],"class_list":{"0":"post-33730","1":"product","2":"type-product","3":"status-publish","4":"has-post-thumbnail","6":"pwb-brand-hills","7":"product_cat-veterinarske-dijete-za-pse","8":"product_cat-hrana-za-pse","9":"product_cat-psi","10":"product_tag-hillsvet","11":"product_tag-veterinarske-dijete","13":"first","14":"outofstock","15":"taxable","16":"shipping-taxable","17":"purchasable","18":"product-type-simple"},"acf":[],"brands":[{"id":916,"name":"Hills","slug":"hills"}],"_links":{"self":[{"href":"https:\/\/pawz.rs\/en\/wp-json\/wp\/v2\/product\/33730","targetHints":{"allow":["GET"]}}],"collection":[{"href":"https:\/\/pawz.rs\/en\/wp-json\/wp\/v2\/product"}],"about":[{"href":"https:\/\/pawz.rs\/en\/wp-json\/wp\/v2\/types\/product"}],"replies":[{"embeddable":true,"href":"https:\/\/pawz.rs\/en\/wp-json\/wp\/v2\/comments?post=33730"}],"wp:featuredmedia":[{"embeddable":true,"href":"https:\/\/pawz.rs\/en\/wp-json\/wp\/v2\/media\/33731"}],"wp:attachment":[{"href":"https:\/\/pawz.rs\/en\/wp-json\/wp\/v2\/media?parent=33730"}],"wp:term":[{"taxonomy":"pwb-brand","embeddable":true,"href":"https:\/\/pawz.rs\/en\/wp-json\/wp\/v2\/pwb-brand?post=33730"},{"taxonomy":"product_cat","embeddable":true,"href":"https:\/\/pawz.rs\/en\/wp-json\/wp\/v2\/product_cat?post=33730"},{"taxonomy":"product_tag","embeddable":true,"href":"https:\/\/pawz.rs\/en\/wp-json\/wp\/v2\/product_tag?post=33730"}],"curies":[{"name":"wp","href":"https:\/\/api.w.org\/{rel}","templated":true}]}}