{"id":33746,"date":"2025-03-07T18:06:02","date_gmt":"2025-03-07T17:06:02","guid":{"rendered":"https:\/\/pawz.rs\/?post_type=product&#038;p=33746"},"modified":"2026-05-04T19:44:25","modified_gmt":"2026-05-04T17:44:25","slug":"hills-prescription-diet-w-d-multi-benefit-hrana-za-pse-sa-piletinom-15-kg","status":"publish","type":"product","link":"https:\/\/pawz.rs\/en\/hills-prescription-diet-w-d-multi-benefit-hrana-za-pse-sa-piletinom-15-kg\/","title":{"rendered":"Hill&#8217;s Prescription Diet w\/d Multi-Benefit Hrana za Pse sa Piletinom 1,5 kg"},"content":{"rendered":"<p>Hill&#8217;s Prescription Diet w\/d Hrana za Pse s Piletinom je potpuna suva dijetetska hrana za regulaciju nivoa glukoze (Diabetes mellitus) kod odraslih pasa. Ova hrana sadr\u017ei nisku koncentraciju mono- i disaharida.<\/p>\n<p>Posebno je formulisana hrana za pomo\u0107 u regulaciji dijabetesa kod va\u0161eg psa, za pomo\u0107 pri smanjenju fluktuacija glukoze u krvi, \u0161to mo\u017ee smanjiti potrebne doze insulina. Tako\u0111e stvara ose\u0107aj sitosti te poma\u017ee psima da odr\u017ee te\u017einu. Zahvaljuju\u0107i niskim koncentracijama \u0161e\u0107era te optimalnoj me\u0161avini rastvorljivih i nerastvorljivih vlakana, w\/d poma\u017ee u regulaciji \u0161e\u0107era u krvi i odr\u017eavanju zdrave te\u017eine. Ova me\u0161avina uravnote\u017eenih hranjivih materija pru\u017ea psima najbolji kvalitet \u017eivota.<\/p>\n<p><strong>Primarne indikacije:<\/strong><\/p>\n<ul>\n<li>Dijabetes kod pasa normalne te\u017eine ili blago gojaznih pasa;<\/li>\n<\/ul>\n<p><strong>Kako ovaj proizvod poma\u017ee va\u0161em ljubimcu:<\/strong><\/p>\n<ul>\n<li>Poma\u017ee u regulaciji nivoa \u0161e\u0107era u krvi;<\/li>\n<li>Poma\u017ee u odr\u017eanju vitke mi\u0161i\u0107ne mase;<\/li>\n<li>Poma\u017ee u odr\u017eanju optimalne telesne te\u017eine;<\/li>\n<\/ul>\n<p><strong>Kako ovaj proizvod deluje:<\/strong><\/p>\n<ul>\n<li>Niska koncentracija \u0161e\u0107era, te optimalna me\u0161avina rastvorljivih i nerastvorljivih vlakana;<\/li>\n<li>Visoko kvalitetne belan\u010devine i optimalna koncentracija L-karnitina;<\/li>\n<li>Odgovaraju\u0107i odnos masno\u0107a i kalorija.<\/li>\n<li>S+OXSHIELD: Smanjuje rizik stvaranja struvitnih i kalcijum oksalatnih kamenaca<\/li>\n<\/ul>\n<p>Va\u017eno je nastaviti hraniti va\u0161eg psa s PRESCRIPTION DIET w\/d hranom za regulaciju dijabetesa kod pasa \u010dak i nakon pobolj\u0161anja simptoma. Obratite se veterinaru za sve dodatne informacije o tome kako hrana PRESCRIPTION DIET mo\u017ee pomo\u0107i da nastave u\u017eivati u sre\u0107nom i aktivnom \u017eivotu.<\/p>\n<p>Sve\u017ea voda treba uvek biti dostupna. Obavezno konsultujte veterinara pre prelaska na veterinarske dijete.<\/p>\n<p>Proizvo\u0111a\u010d: Hill\u2019s Pet Nutrition EU Switzerland<br \/>\nZemlja porekla: \u0160vajcarska<\/p>\n\n    <div class=\"xs_social_share_widget xs_share_url after_content \t\tmain_content  wslu-style-1 wslu-share-box-shaped wslu-fill-colored wslu-none wslu-share-horizontal wslu-theme-font-no wslu-main_content\">\n\n\t\t\n        <ul>\n\t\t\t        <\/ul>\n    <\/div>","protected":false},"excerpt":{"rendered":"<p>Hill&#8217;s Prescription Diet w\/d Multi-Benefit Hrana za Pse sa Piletinom 1,5 kg<\/p>","protected":false},"featured_media":33747,"comment_status":"open","ping_status":"closed","template":"","meta":{"_acf_changed":false},"pwb-brand":[916],"product_cat":[705,48,47],"product_tag":[1543,1251],"class_list":{"0":"post-33746","1":"product","2":"type-product","3":"status-publish","4":"has-post-thumbnail","6":"pwb-brand-hills","7":"product_cat-veterinarske-dijete-za-pse","8":"product_cat-hrana-za-pse","9":"product_cat-psi","10":"product_tag-hillsvet","11":"product_tag-veterinarske-dijete","13":"first","14":"instock","15":"taxable","16":"shipping-taxable","17":"purchasable","18":"product-type-simple"},"acf":[],"brands":[{"id":916,"name":"Hills","slug":"hills"}],"_links":{"self":[{"href":"https:\/\/pawz.rs\/en\/wp-json\/wp\/v2\/product\/33746","targetHints":{"allow":["GET"]}}],"collection":[{"href":"https:\/\/pawz.rs\/en\/wp-json\/wp\/v2\/product"}],"about":[{"href":"https:\/\/pawz.rs\/en\/wp-json\/wp\/v2\/types\/product"}],"replies":[{"embeddable":true,"href":"https:\/\/pawz.rs\/en\/wp-json\/wp\/v2\/comments?post=33746"}],"wp:featuredmedia":[{"embeddable":true,"href":"https:\/\/pawz.rs\/en\/wp-json\/wp\/v2\/media\/33747"}],"wp:attachment":[{"href":"https:\/\/pawz.rs\/en\/wp-json\/wp\/v2\/media?parent=33746"}],"wp:term":[{"taxonomy":"pwb-brand","embeddable":true,"href":"https:\/\/pawz.rs\/en\/wp-json\/wp\/v2\/pwb-brand?post=33746"},{"taxonomy":"product_cat","embeddable":true,"href":"https:\/\/pawz.rs\/en\/wp-json\/wp\/v2\/product_cat?post=33746"},{"taxonomy":"product_tag","embeddable":true,"href":"https:\/\/pawz.rs\/en\/wp-json\/wp\/v2\/product_tag?post=33746"}],"curies":[{"name":"wp","href":"https:\/\/api.w.org\/{rel}","templated":true}]}}