{"id":33762,"date":"2025-03-07T18:06:33","date_gmt":"2025-03-07T17:06:33","guid":{"rendered":"https:\/\/pawz.rs\/?post_type=product&#038;p=33762"},"modified":"2026-01-23T09:47:36","modified_gmt":"2026-01-23T08:47:36","slug":"hills-prescription-diet-u-d-urinary-care-hrana-za-pse-370-g","status":"publish","type":"product","link":"https:\/\/pawz.rs\/en\/hills-prescription-diet-u-d-urinary-care-hrana-za-pse-370-g\/","title":{"rendered":"Hill&#8217;s Prescription Diet u\/d Urinary Care Hrana za Pse 370 g"},"content":{"rendered":"<p>Hill&#8217;s PRESCRIPTION DIET u\/d Hrana za Pse je kompletna dijetetska hrana za ku\u0107ne ljubimce <strong>za spre\u010davanje nastanka uratnih kamenaca i za spre\u010davanje nastanka cistinskih kamenaca kod odraslih pasa. <\/strong>Ova hrana sadr\u017ei umeren nivo aminokiselina koje sadr\u017ee sumpor, nizak nivo purina, nizak nivo proteina ali visoke biolo\u0161ke vrednosti, odabrani\u00a0izvori proteina te ima svojstvo postizanja bazne reakcije mokra\u0107e.<\/p>\n<p><strong>Uputstvo za hranjenje: <\/strong>Hranite samo ovom hranom. <em><strong>Preporu\u010duje se da se pre upotrebe ili produ\u017eenja kori\u0161\u0107enja zatra\u017ei savet veterinara.<\/strong><\/em> Preporuka o du\u017eini kori\u0161\u0107enja: spre\u010davanje nastanka uratnih kamenaca: do \u0161est meseci ili do\u017eivotno u slu\u010dajevima i reverzibilnog poreme\u0107aja metabolizma mokra\u0107ne kiseline; spre\u010davanje nastanka cistinskih kamenaca: po\u010detno do 6 meseci.<\/p>\n<p>Voda mora da bude stalno dostupna.<\/p>\n<p>Neotvorenu konzervu \u010duvati na temperaturi vi\u0161oj od 10 \u00b0C.<\/p>\n<p>Nakon otvaranja \u010duvati u fri\u017eideru.<\/p>\n<p>Najbolje upotrebiti do kraja\/Lot broj: ozna\u010deno na ambala\u017ei.<\/p>\n<p>Sve\u017ea voda treba uvek biti dostupna. Obavezno konsultujte veterinara pre prelaska na veterinarske dijete.<\/p>\n<p>Proizvo\u0111a\u010d: Hill\u2019s Pet Nutrition EU Switzerland<br \/>\nZemlja porekla: \u0160vajcarska<\/p>\n\n    <div class=\"xs_social_share_widget xs_share_url after_content \t\tmain_content  wslu-style-1 wslu-share-box-shaped wslu-fill-colored wslu-none wslu-share-horizontal wslu-theme-font-no wslu-main_content\">\n\n\t\t\n        <ul>\n\t\t\t        <\/ul>\n    <\/div>","protected":false},"excerpt":{"rendered":"<p>Hill&#8217;s Prescription Diet u\/d Urinary Care Hrana za Pse 370 g<\/p>","protected":false},"featured_media":33763,"comment_status":"open","ping_status":"closed","template":"","meta":{"_acf_changed":false},"pwb-brand":[916],"product_cat":[705,48,47],"product_tag":[1543,1251],"class_list":{"0":"post-33762","1":"product","2":"type-product","3":"status-publish","4":"has-post-thumbnail","6":"pwb-brand-hills","7":"product_cat-veterinarske-dijete-za-pse","8":"product_cat-hrana-za-pse","9":"product_cat-psi","10":"product_tag-hillsvet","11":"product_tag-veterinarske-dijete","13":"first","14":"outofstock","15":"taxable","16":"shipping-taxable","17":"purchasable","18":"product-type-simple"},"acf":[],"brands":[{"id":916,"name":"Hills","slug":"hills"}],"_links":{"self":[{"href":"https:\/\/pawz.rs\/en\/wp-json\/wp\/v2\/product\/33762","targetHints":{"allow":["GET"]}}],"collection":[{"href":"https:\/\/pawz.rs\/en\/wp-json\/wp\/v2\/product"}],"about":[{"href":"https:\/\/pawz.rs\/en\/wp-json\/wp\/v2\/types\/product"}],"replies":[{"embeddable":true,"href":"https:\/\/pawz.rs\/en\/wp-json\/wp\/v2\/comments?post=33762"}],"wp:featuredmedia":[{"embeddable":true,"href":"https:\/\/pawz.rs\/en\/wp-json\/wp\/v2\/media\/33763"}],"wp:attachment":[{"href":"https:\/\/pawz.rs\/en\/wp-json\/wp\/v2\/media?parent=33762"}],"wp:term":[{"taxonomy":"pwb-brand","embeddable":true,"href":"https:\/\/pawz.rs\/en\/wp-json\/wp\/v2\/pwb-brand?post=33762"},{"taxonomy":"product_cat","embeddable":true,"href":"https:\/\/pawz.rs\/en\/wp-json\/wp\/v2\/product_cat?post=33762"},{"taxonomy":"product_tag","embeddable":true,"href":"https:\/\/pawz.rs\/en\/wp-json\/wp\/v2\/product_tag?post=33762"}],"curies":[{"name":"wp","href":"https:\/\/api.w.org\/{rel}","templated":true}]}}