{"id":33771,"date":"2025-03-07T18:06:33","date_gmt":"2025-03-07T17:06:33","guid":{"rendered":"https:\/\/pawz.rs\/?post_type=product&#038;p=33771"},"modified":"2026-05-04T19:44:30","modified_gmt":"2026-05-04T17:44:30","slug":"hills-prescription-diet-i-d-stress-mini-digestive-care-hrana-za-pse-sa-piletinom-3-kg","status":"publish","type":"product","link":"https:\/\/pawz.rs\/en\/hills-prescription-diet-i-d-stress-mini-digestive-care-hrana-za-pse-sa-piletinom-3-kg\/","title":{"rendered":"Hill&#8217;s Prescription Diet i\/d Stress Mini Digestive Care Hrana za Pse sa Piletinom 3 kg"},"content":{"rendered":"<p>Hill&#8217;s Prescription Diet i\/d Stress Mini Hrana za Pse s Piletinom je lako svarljiva potpuna suva dijetetska hrana za odrasle pse, za smanjenje poreme\u0107aja resorpcije u crevima, uravnote\u017eenje hranjivih materija kod slabe probave, egzokrinu insuficijenciju gu\u0161tera\u010de, poreme\u0107aje kojima odgovara hrana sa smanjenim udelom masti te za potporu u stresnim situacijama koja \u0107e dovesti do smanjenja povezanog pona\u0161anja. Ova hrana sadr\u017ei lako svarljive sastojke, pove\u0107ane koncentracije natrijuma i kalijuma te gove\u0111i kazein hidrolizovan tripsinom.<\/p>\n<p>Ba\u0161 kao i ljudi, neki psi do\u017eivljavaju stres koji mo\u017ee negativno uticati na njihovo op\u0161te zdravstveno stanje. Stres mo\u017ee dovesti do neravnote\u017ee crevnog mikrobioma i pove\u0107ane pokretljivosti creva, \u0161to rezultuje probavnim poreme\u0107ajima koji su vrlo neugodni kako za ljubimce tako i za njihove vlasnike.<\/p>\n<p><strong>Glavne indikacije:<\/strong><\/p>\n<ul>\n<li>Kolitis uzrokovan stresom kod pasa lak\u0161ih od 14 kg.<\/li>\n<\/ul>\n<p><strong>Kako ovaj proizvod poma\u017ee va\u0161em ljubimcu:<\/strong><\/p>\n<ul>\n<li>Deluje umiruju\u0107e na probavni sistem, odr\u017eava zdravu probavu i pobolj\u0161ava kvalitet stolice;<\/li>\n<li>Podsti\u010de aktivnost korisnih crevnih bakterija i smiruje probavni trakt<\/li>\n<li>Dugoro\u010dno hranjenje poma\u017ee u odr\u017eanju zdravog imunolo\u0161kog sistema<\/li>\n<li>S+OXSHIELD: Formulisan za podsticanje urinarnog okru\u017eenja koje smanjuje rizik stvaranja struvitnih i kalcijum-oksalatnih kamenaca<\/li>\n<\/ul>\n<p><strong>Kako ovaj proizvod deluje:<\/strong><\/p>\n<ul>\n<li>Lako svarljiva formula s hidrolizatom mle\u010dnog proteina poma\u017ee u regulaciji stresa;<\/li>\n<li>Jedinstvena me\u0161avina prebiotika &amp; \u0111umbir<\/li>\n<li>Oboga\u0107ena klini\u010dki dokazanim antioksidansima i Omega-3 iz ribljeg ulja<\/li>\n<\/ul>\n<p>Va\u017eno je nastaviti hraniti va\u0161eg psa s PRESCRIPTION DIET i\/d Stress Mini Digestive Care hranom za odr\u017eavanje zdravlja probavnog sistema, \u010dak i nakon pobolj\u0161anja simptoma. Obratite se va\u0161em veterinaru za sve dodatne informacije o tome kako hrana PRESCRIPTION DIET mo\u017ee pomo\u0107i va\u0161em psu da nastavi u\u017eivati u sre\u0107nom i aktivnom \u017eivotu.<\/p>\n<p>Sve\u017ea voda treba uvek biti dostupna. Obavezno konsultujte veterinara pre prelaska na veterinarske dijete.<\/p>\n<p>Proizvo\u0111a\u010d: Hill\u2019s Pet Nutrition EU Switzerland<br \/>\nZemlja porekla: \u0160vajcarska<\/p>\n\n    <div class=\"xs_social_share_widget xs_share_url after_content \t\tmain_content  wslu-style-1 wslu-share-box-shaped wslu-fill-colored wslu-none wslu-share-horizontal wslu-theme-font-no wslu-main_content\">\n\n\t\t\n        <ul>\n\t\t\t        <\/ul>\n    <\/div>","protected":false},"excerpt":{"rendered":"<p>Hill&#8217;s Prescription Diet i\/d Stress Mini Digestive Care Hrana za Pse sa Piletinom 3 kg<\/p>","protected":false},"featured_media":33773,"comment_status":"open","ping_status":"closed","template":"","meta":{"_acf_changed":false},"pwb-brand":[916],"product_cat":[705,48,47],"product_tag":[1543,1251],"class_list":{"0":"post-33771","1":"product","2":"type-product","3":"status-publish","4":"has-post-thumbnail","6":"pwb-brand-hills","7":"product_cat-veterinarske-dijete-za-pse","8":"product_cat-hrana-za-pse","9":"product_cat-psi","10":"product_tag-hillsvet","11":"product_tag-veterinarske-dijete","13":"first","14":"instock","15":"taxable","16":"shipping-taxable","17":"purchasable","18":"product-type-simple"},"acf":[],"brands":[{"id":916,"name":"Hills","slug":"hills"}],"_links":{"self":[{"href":"https:\/\/pawz.rs\/en\/wp-json\/wp\/v2\/product\/33771","targetHints":{"allow":["GET"]}}],"collection":[{"href":"https:\/\/pawz.rs\/en\/wp-json\/wp\/v2\/product"}],"about":[{"href":"https:\/\/pawz.rs\/en\/wp-json\/wp\/v2\/types\/product"}],"replies":[{"embeddable":true,"href":"https:\/\/pawz.rs\/en\/wp-json\/wp\/v2\/comments?post=33771"}],"wp:featuredmedia":[{"embeddable":true,"href":"https:\/\/pawz.rs\/en\/wp-json\/wp\/v2\/media\/33773"}],"wp:attachment":[{"href":"https:\/\/pawz.rs\/en\/wp-json\/wp\/v2\/media?parent=33771"}],"wp:term":[{"taxonomy":"pwb-brand","embeddable":true,"href":"https:\/\/pawz.rs\/en\/wp-json\/wp\/v2\/pwb-brand?post=33771"},{"taxonomy":"product_cat","embeddable":true,"href":"https:\/\/pawz.rs\/en\/wp-json\/wp\/v2\/product_cat?post=33771"},{"taxonomy":"product_tag","embeddable":true,"href":"https:\/\/pawz.rs\/en\/wp-json\/wp\/v2\/product_tag?post=33771"}],"curies":[{"name":"wp","href":"https:\/\/api.w.org\/{rel}","templated":true}]}}