{"id":33780,"date":"2025-03-07T18:06:44","date_gmt":"2025-03-07T17:06:44","guid":{"rendered":"https:\/\/pawz.rs\/?post_type=product&#038;p=33780"},"modified":"2026-05-04T19:44:33","modified_gmt":"2026-05-04T17:44:33","slug":"hills-prescription-diet-gastrointestinal-biome-gulas-za-pse-s-piletinom-i-dodatkom-sargarepe-354-g","status":"publish","type":"product","link":"https:\/\/pawz.rs\/en\/hills-prescription-diet-gastrointestinal-biome-gulas-za-pse-s-piletinom-i-dodatkom-sargarepe-354-g\/","title":{"rendered":"Hill&#8217;s Prescription Diet Gastrointestinal Biome Gula\u0161 za Pse s Piletinom i dodatkom \u0160argarepe 354 g"},"content":{"rendered":"<p>Hill&#8217;s PRESCRIPTION DIET Gastrointestinal Biome Gula\u0161 za Pse sa Piletinom i dodatom \u0160argarepom je lako svarljiva kompletna dijetetska hrana za ku\u0107ne ljubimce, za spre\u010davanje poreme\u0107aja resorpcije u crevima i za kompenzaciju poreme\u0107aja varenja kod odraslih pasa. Ova hrana za ku\u0107ne ljubimce oboga\u0107ena vlaknima ima pove\u0107an nivo natrijuma i kalijuma i lako svarljive sastojke.<\/p>\n<p>Mnoge stvari mogu negativno uticati na probavno zdravlje va\u0161eg psa, a kada va\u0161 pas ima <strong>problema sa varenjem,<\/strong> to je potpuno neprijatno iskustvo za sve uklju\u010dene. Dobra vest je da mo\u017eete pomoc\u0301i svom psu da se osec\u0301a bolje uz hranu koja revolucioni\u0161e pristup problemima sa crevima koja reaguju na vlakna tako \u0161to stavljate zdravlje mikrobioma &#8211; jedinstvenog ekosistema u crevima va\u0161eg ljubimca &#8211; u prvi plan brige o varenju. Hill&#8217;s-ovi nutricionisti i veterinari su formulisali <strong>Prescription Diet Gastrointestinal Biome<\/strong> sa jedinstvenom <strong>tehnologijom sastojaka ActivBiome+ <\/strong>za koju je klini\u010dki dokazano da<strong> poma\u017ee<\/strong> <strong>u\u010dvr\u0161c\u0301ivanju labave stolice<\/strong> <strong>za samo 24 sata<\/strong> i smanjuje moguc\u0301nost ponovnog pojave.<\/p>\n<p><strong>Glavne indikacije:<\/strong><\/p>\n<ul>\n<li>Enteropatije koje reaguju na vlakna <strong>(proliv iz debelog creva)<\/strong><\/li>\n<li>Zatvor<\/li>\n<li>Oblici hroni\u010dne enteropatije <strong>(inflamatorna bolest creva: IBD)<\/strong>: dijareja koja reaguje na antibiotike, dijareja koja reaguje na steroide, dijareja koja reaguje na hranu<\/li>\n<li>Infektivna dijareja &#8211; Kolitis <strong>(akutni ili hroni\u010dni)<\/strong><\/li>\n<li>Kolitis izazvan stresom kod pasa te\u017eine manje od 14 kg<\/li>\n<li>Histiocitni ulcerozni kolitis<\/li>\n<li>Neoplazija<\/li>\n<li>Nadutost<\/li>\n<li>Insulin<\/li>\n<\/ul>\n<p><strong>Kako ovaj proizvod poma\u017ee va\u0161em ljubimcu:<\/strong><\/p>\n<ul>\n<li>Aktivno hrani crevni mikrobiom i promovi\u0161e redovnu i zdravu stolicu<\/li>\n<li>Klini\u010dki dokazano poma\u017ee u ograni\u010davanju ponavljanja digestivnih poremec\u0301aja<\/li>\n<li>Poma\u017ee u smirivanju digestivnog trakta<\/li>\n<\/ul>\n<p><strong>Kako ovaj proizvod funkcioni\u0161e:<\/strong><\/p>\n<ul>\n<li>Revolucionarna tehnologija ActivBiome+ neguje mikrobiom va\u0161eg ljubimca<\/li>\n<li>Jedinstvena me\u0161avina prebioti\u010dkih vlakana<\/li>\n<li>Stimuli\u0161e mikrobiom da proizvodi korisne postbiotike<\/li>\n<\/ul>\n<p>Va\u017eno je da nastavite sa hranjenjem va\u0161eg psa <strong>PRESCRIPTION DIET Gastrointestinal Biome Digestive Care <\/strong>kako biste odr\u017eali zdravlje probavnog sistema va\u0161eg psa, \u010dak i nakon \u0161to se simptomi pobolj\u0161aju. Obratite se svom veterinaru za sve dodatne informacije o tome kako PRESCRIPTION DIET mo\u017ee pomoc\u0301i va\u0161em psu da nastavi da u\u017eiva u srec\u0301nom i aktivnom \u017eivotu.<\/p>\n<p>Da li je va\u0161 ljubimac iz bilo kog razloga nezadovoljan ovom hranom? 100% GARANCIJA ZADOVOLJSTVA za kvalitet, doslednost i ukus ili povrat novca.<\/p>\n<p><strong>Uputstvo za hranjenje: <\/strong>Hranite samo ovom hranom. <em><strong>Preporu\u010duje se da se pre upotrebe zatra\u017ei savet veterinara.<\/strong><\/em> Preporuka o du\u017eini kori\u0161\u0107enja: po\u010detno do 12 nedelja. Voda mora da bude stalno dostupna.<\/p>\n<p>Neotvorenu konzervu \u010duvati na temperaturi vi\u0161oj od 10 \u00b0C.<\/p>\n<p>Nakon otvaranja \u010duvati u fri\u017eideru. Najbolje upotrebiti do kraja\/Lot broj: ozna\u010deno na ambala\u017ei.<\/p>\n<p>Sve\u017ea voda treba uvek biti dostupna. Obavezno konsultujte veterinara pre prelaska na veterinarske dijete.<\/p>\n<p>Proizvo\u0111a\u010d: Hill\u2019s Pet Nutrition EU Switzerland<br \/>\nZemlja porekla: \u0160vajcarska<\/p>\n\n    <div class=\"xs_social_share_widget xs_share_url after_content \t\tmain_content  wslu-style-1 wslu-share-box-shaped wslu-fill-colored wslu-none wslu-share-horizontal wslu-theme-font-no wslu-main_content\">\n\n\t\t\n        <ul>\n\t\t\t        <\/ul>\n    <\/div>","protected":false},"excerpt":{"rendered":"<p>Hill&#8217;s Prescription Diet Gastrointestinal Biome Gula\u0161 za Pse s Piletinom i dodatkom \u0160argarepe 354 g<\/p>","protected":false},"featured_media":33781,"comment_status":"open","ping_status":"closed","template":"","meta":{"_acf_changed":false},"pwb-brand":[916],"product_cat":[705,48,47],"product_tag":[1543,1251],"class_list":{"0":"post-33780","1":"product","2":"type-product","3":"status-publish","4":"has-post-thumbnail","6":"pwb-brand-hills","7":"product_cat-veterinarske-dijete-za-pse","8":"product_cat-hrana-za-pse","9":"product_cat-psi","10":"product_tag-hillsvet","11":"product_tag-veterinarske-dijete","13":"first","14":"instock","15":"taxable","16":"shipping-taxable","17":"purchasable","18":"product-type-simple"},"acf":[],"brands":[{"id":916,"name":"Hills","slug":"hills"}],"_links":{"self":[{"href":"https:\/\/pawz.rs\/en\/wp-json\/wp\/v2\/product\/33780","targetHints":{"allow":["GET"]}}],"collection":[{"href":"https:\/\/pawz.rs\/en\/wp-json\/wp\/v2\/product"}],"about":[{"href":"https:\/\/pawz.rs\/en\/wp-json\/wp\/v2\/types\/product"}],"replies":[{"embeddable":true,"href":"https:\/\/pawz.rs\/en\/wp-json\/wp\/v2\/comments?post=33780"}],"wp:featuredmedia":[{"embeddable":true,"href":"https:\/\/pawz.rs\/en\/wp-json\/wp\/v2\/media\/33781"}],"wp:attachment":[{"href":"https:\/\/pawz.rs\/en\/wp-json\/wp\/v2\/media?parent=33780"}],"wp:term":[{"taxonomy":"pwb-brand","embeddable":true,"href":"https:\/\/pawz.rs\/en\/wp-json\/wp\/v2\/pwb-brand?post=33780"},{"taxonomy":"product_cat","embeddable":true,"href":"https:\/\/pawz.rs\/en\/wp-json\/wp\/v2\/product_cat?post=33780"},{"taxonomy":"product_tag","embeddable":true,"href":"https:\/\/pawz.rs\/en\/wp-json\/wp\/v2\/product_tag?post=33780"}],"curies":[{"name":"wp","href":"https:\/\/api.w.org\/{rel}","templated":true}]}}