{"id":33801,"date":"2025-03-07T18:06:44","date_gmt":"2025-03-07T17:06:44","guid":{"rendered":"https:\/\/pawz.rs\/?post_type=product&#038;p=33801"},"modified":"2026-01-23T09:47:26","modified_gmt":"2026-01-23T08:47:26","slug":"hills-prescription-diet-metabolic-hrana-za-pse-s-piletinom-370-g","status":"publish","type":"product","link":"https:\/\/pawz.rs\/en\/hills-prescription-diet-metabolic-hrana-za-pse-s-piletinom-370-g\/","title":{"rendered":"Hill&#8217;s Prescription Diet Metabolic Hrana za Pse s Piletinom 370 g"},"content":{"rendered":"<p>Kompletna dijetetska hrana za ku\u0107ne ljubimce za smanjenje prekomerne telesne te\u017eine i odr\u017eavanje zdrave te\u017eine kod odraslih pasa. Hrana je niske energetske vrednosti<\/p>\n<p>\u010cak i mala dodatna te\u017eina mo\u017ee uticati na kvalitet \u017eivota ljubimca i odnos sa porodicom, jer dodatna te\u017eina mo\u017ee smanjiti vreme igranja, uticati na pokretljivost i do\u017eivotno na op\u0161te zdravlje va\u0161eg psa. Odr\u017eavanje idealne te\u017eine mo\u017ee uticati na o\u010dekivano trajanje \u017eivota smanjivanjem opasnosti od stanja vezanih za te\u017einu.<\/p>\n<p>Hill&#8217;s nutricionisti i veterinari razvili su Prescription Diet Metabolic klini\u010dku hranu formulisanu da pomogne psima u gubitku i odr\u017eavanju telesne mase. Ova hrana <strong>stimuli\u0161e prirodnu sposobnost pasa da sagoreva mast<\/strong> i obezbe\u0111uje energiju za aktivnu igru Zapravo, 96% ljubimaca je izgubilo te\u017einu kod ku\u0107e za 2 meseca tokom kori\u0107enja Metabolic hrane*<\/p>\n<p><strong>Uputstva za hranjenje<\/strong>: Hranite samo ovom hranom. <em><strong>Preporu\u010duje se da se pre upotrebe ili produ\u017eenja perioda upotrebe potra\u017ei savet veterinara.<\/strong><\/em> Prose\u010dna odrasla ma\u010dka (4 kg) treba 3 \u00bd vrec\u0301e dnevno. Prilagodite koli\u010dinu hrane da biste odr\u017eali optimalnu te\u017einu; dnevnu koli\u010dinu mo\u017eete podeliti na dva ili vi\u0161e obroka.<\/p>\n<p>Preporu\u010deni period upotrebe: smanjenje recidiva struvitnih kamenaca: po\u010detni do 6 meseci; rastvaranje struvitnih kamena: 5 do 12 nedelja; smanjenje oksalatnih kamenaca: do 6 meseci. Sve\u017ea voda treba uvek biti dostupna.<\/p>\n<p>Da li je va\u0161 ljubimac iz bilo kog razloga nezadovoljan ovom hranom?<\/p>\n<p><strong>100% GARANCIJA ZADOVOLJSTVA <\/strong>za kvalitet, doslednost i ukus ili povrat novca.<\/p>\n<p>\u010cuvati na hladnom i suvom mestu.<\/p>\n<p>Sve\u017ea voda treba uvek biti dostupna. Obavezno konsultujte veterinara pre prelaska na veterinarske dijete.<\/p>\n<p>Proizvo\u0111a\u010d: Hill\u2019s Pet Nutrition EU Switzerland<br \/>\nZemlja porekla: \u0160vajcarska<\/p>\n\n    <div class=\"xs_social_share_widget xs_share_url after_content \t\tmain_content  wslu-style-1 wslu-share-box-shaped wslu-fill-colored wslu-none wslu-share-horizontal wslu-theme-font-no wslu-main_content\">\n\n\t\t\n        <ul>\n\t\t\t        <\/ul>\n    <\/div>","protected":false},"excerpt":{"rendered":"<p>Hill&#8217;s Prescription Diet Metabolic Hrana za Pse s Piletinom 370 g<\/p>","protected":false},"featured_media":33803,"comment_status":"open","ping_status":"closed","template":"","meta":{"_acf_changed":false},"pwb-brand":[916],"product_cat":[705,48,47],"product_tag":[1543,1251],"class_list":{"0":"post-33801","1":"product","2":"type-product","3":"status-publish","4":"has-post-thumbnail","6":"pwb-brand-hills","7":"product_cat-veterinarske-dijete-za-pse","8":"product_cat-hrana-za-pse","9":"product_cat-psi","10":"product_tag-hillsvet","11":"product_tag-veterinarske-dijete","13":"first","14":"outofstock","15":"taxable","16":"shipping-taxable","17":"purchasable","18":"product-type-simple"},"acf":[],"brands":[{"id":916,"name":"Hills","slug":"hills"}],"_links":{"self":[{"href":"https:\/\/pawz.rs\/en\/wp-json\/wp\/v2\/product\/33801","targetHints":{"allow":["GET"]}}],"collection":[{"href":"https:\/\/pawz.rs\/en\/wp-json\/wp\/v2\/product"}],"about":[{"href":"https:\/\/pawz.rs\/en\/wp-json\/wp\/v2\/types\/product"}],"replies":[{"embeddable":true,"href":"https:\/\/pawz.rs\/en\/wp-json\/wp\/v2\/comments?post=33801"}],"wp:featuredmedia":[{"embeddable":true,"href":"https:\/\/pawz.rs\/en\/wp-json\/wp\/v2\/media\/33803"}],"wp:attachment":[{"href":"https:\/\/pawz.rs\/en\/wp-json\/wp\/v2\/media?parent=33801"}],"wp:term":[{"taxonomy":"pwb-brand","embeddable":true,"href":"https:\/\/pawz.rs\/en\/wp-json\/wp\/v2\/pwb-brand?post=33801"},{"taxonomy":"product_cat","embeddable":true,"href":"https:\/\/pawz.rs\/en\/wp-json\/wp\/v2\/product_cat?post=33801"},{"taxonomy":"product_tag","embeddable":true,"href":"https:\/\/pawz.rs\/en\/wp-json\/wp\/v2\/product_tag?post=33801"}],"curies":[{"name":"wp","href":"https:\/\/api.w.org\/{rel}","templated":true}]}}