{"id":33878,"date":"2025-03-07T18:06:44","date_gmt":"2025-03-07T17:06:44","guid":{"rendered":"https:\/\/pawz.rs\/?post_type=product&#038;p=33878"},"modified":"2026-05-04T19:44:39","modified_gmt":"2026-05-04T17:44:39","slug":"hills-prescription-diet-z-d-hrana-za-pse-10kg","status":"publish","type":"product","link":"https:\/\/pawz.rs\/en\/hills-prescription-diet-z-d-hrana-za-pse-10kg\/","title":{"rendered":"Hill&#8217;s Prescription Diet z\/d Hrana za Pse 10kg"},"content":{"rendered":"<p>Hill&#8217;s PRESCRIPTION DIET z\/d Hrana za Pse je potpuna dijetetska hrana za ku\u0107ne ljubimce, za smanjenje intolerancije na sastojke i hranjive materije kod odraslih pasa. Ova hrana sadr\u017ei odabrane izvore ugljenih hidrata i izvor hidrolizovanih belan\u010devina.<\/p>\n<p>Prescription Diet z\/d Suva Hrana za Pse klini\u010dki dokazano smanjuje probleme s ko\u017eom i probavom uzrokovanih intolerancijom na hranu. Poja\u010dana je s Hill&#8217;s ActivBiome+ tehnologijom sastojaka, jedinstvenom me\u0161avinom prebiotika, koja klini\u010dki dokazano ubrzano hrani crevni mikrobiom za potporu zdravlja creva.<\/p>\n<p>Hidrolizovane belan\u010devine \u017eivotinjskog porekla smanjuju simptome nepovoljnih reakcija na hranu. Pove\u0107ani nivoi esencijalnih masnih kiselina i visoki nivoi vitamina E poma\u017eu u odr\u017eavanju zdravlja ko\u017ee.<\/p>\n<p>Sa dokazanom me\u0161avinom prebioti\u010dkih vlakana koja pru\u017eaju izvrsni kvalitet stolice. Poma\u017ee u odr\u017eanju zdravog imunolo\u0161kog sistema<\/p>\n<p><strong>Glavne indikacije:<\/strong><\/p>\n<ul>\n<li>Nepovoljne reakcije na hranu i eliminaciona dijeta;<\/li>\n<li>Infekcija spolja\u0161njeg u\u0161nog kanala (otitis externa);<\/li>\n<li>Enteropatija kod koje dolazi do gubitka proteina bez limfangiektazije<\/li>\n<\/ul>\n<p>Nepovoljne reakcije na hranu kod pasa obi\u010dno se pojavljuju kao nesezonski pruriti\u010dni dermatitis. Prescription Diet z\/d suva hrana za pse mo\u017ee pomo\u0107i u ubla\u017eavanju pruriti\u010dnog dermatitisa, hroni\u010dne infekcije spolja\u0161njeg u\u0161nog kanala, hroni\u010dnog gastroenteritisa ili kolitisa i upalne bolesti creva.<\/p>\n<p>Osetljivost i intolerancija na hranu potencijalno su ozbiljni problemi koji mogu rezultirati iritiranom ko\u017eom te problemima s dlakom i u\u0161ima ili \u010dak probavnim poreme\u0107ajima. Psima koji nepovoljno reaguju na hranu zbog alergija (obi\u010dno na belan\u010devine u hrani) ili imaju intoleranciju na neku vrstu hrane, korisna je ishrana predvi\u0111ena upravo za osetljivost na hranu. Hill&#8217;s-ovi nutricionisti i veterinari razvili su klini\u010dku ishranu Prescription Diet z\/d, posebno formulisanu za pse s osetljivo\u0161\u0107u na hranu. Zapravo, z\/d je hrana koja klini\u010dki dokazano smanjuje probleme s ko\u017eom i probavom uzrokovanih intolerancijom na hranu.<\/p>\n<p>Do osetljivosti na hranu dolazi jer belan\u010devine ulaze u ko\u017eu i prelaze probavni sistem u telu uzrokuju\u0107i reakciju imunolo\u0161kog sistema. Hrana z\/d posebno je formulisana s belan\u010devinama koje su ne\u017ene i razbijene na manje komade kako bi se izbeglo da ih imunolo\u0161ki sistem detektuje, kako bi se va\u0161 pas bolje hranio. Tako\u0111e, s prebioticima koji stvaraju zdravu ravnote\u017eu crevnog mikrobioma dok masne kiseline odr\u017eavaju zdravu ko\u017eu.<\/p>\n<p>Hill&#8217;s z\/d je hrana koja klini\u010dki dokazano umanjuje probleme s ko\u017eom i probavom uzrokovanih intolerancijom na hranu, koji su vidljivi spoljni simptomi. Budite uvereni da ovaj proizvod deluje unutar va\u0161eg ljubimca kako bi se izbegao sr\u017e problema koji je posledica preaktivne imunolo\u0161ke reakcije na odre\u0111ene namirnice. S prethodno razgra\u0111enim \u017eivotinjskim belan\u010devinama, antioksidansima, prebioti\u010dkim vlaknima i nutrijentima koji hrane ko\u017eu.<\/p>\n<p>Sve\u017ea voda treba uvek biti dostupna. Obavezno konsultujte veterinara pre prelaska na veterinarske dijete.<\/p>\n<p>Proizvo\u0111a\u010d: Hill\u2019s Pet Nutrition EU Switzerland<br \/>\nZemlja porekla: \u0160vajcarska<\/p>\n\n    <div class=\"xs_social_share_widget xs_share_url after_content \t\tmain_content  wslu-style-1 wslu-share-box-shaped wslu-fill-colored wslu-none wslu-share-horizontal wslu-theme-font-no wslu-main_content\">\n\n\t\t\n        <ul>\n\t\t\t        <\/ul>\n    <\/div>","protected":false},"excerpt":{"rendered":"<p>Hill&#8217;s Prescription Diet z\/d Hrana za Pse 10kg<\/p>","protected":false},"featured_media":33879,"comment_status":"open","ping_status":"closed","template":"","meta":{"_acf_changed":false},"pwb-brand":[916],"product_cat":[705,48,47],"product_tag":[1543,1251],"class_list":{"0":"post-33878","1":"product","2":"type-product","3":"status-publish","4":"has-post-thumbnail","6":"pwb-brand-hills","7":"product_cat-veterinarske-dijete-za-pse","8":"product_cat-hrana-za-pse","9":"product_cat-psi","10":"product_tag-hillsvet","11":"product_tag-veterinarske-dijete","13":"first","14":"instock","15":"taxable","16":"shipping-taxable","17":"purchasable","18":"product-type-simple"},"acf":[],"brands":[{"id":916,"name":"Hills","slug":"hills"}],"_links":{"self":[{"href":"https:\/\/pawz.rs\/en\/wp-json\/wp\/v2\/product\/33878","targetHints":{"allow":["GET"]}}],"collection":[{"href":"https:\/\/pawz.rs\/en\/wp-json\/wp\/v2\/product"}],"about":[{"href":"https:\/\/pawz.rs\/en\/wp-json\/wp\/v2\/types\/product"}],"replies":[{"embeddable":true,"href":"https:\/\/pawz.rs\/en\/wp-json\/wp\/v2\/comments?post=33878"}],"wp:featuredmedia":[{"embeddable":true,"href":"https:\/\/pawz.rs\/en\/wp-json\/wp\/v2\/media\/33879"}],"wp:attachment":[{"href":"https:\/\/pawz.rs\/en\/wp-json\/wp\/v2\/media?parent=33878"}],"wp:term":[{"taxonomy":"pwb-brand","embeddable":true,"href":"https:\/\/pawz.rs\/en\/wp-json\/wp\/v2\/pwb-brand?post=33878"},{"taxonomy":"product_cat","embeddable":true,"href":"https:\/\/pawz.rs\/en\/wp-json\/wp\/v2\/product_cat?post=33878"},{"taxonomy":"product_tag","embeddable":true,"href":"https:\/\/pawz.rs\/en\/wp-json\/wp\/v2\/product_tag?post=33878"}],"curies":[{"name":"wp","href":"https:\/\/api.w.org\/{rel}","templated":true}]}}