{"id":33885,"date":"2025-03-07T18:06:44","date_gmt":"2025-03-07T17:06:44","guid":{"rendered":"https:\/\/pawz.rs\/?post_type=product&#038;p=33885"},"modified":"2026-05-04T19:44:41","modified_gmt":"2026-05-04T17:44:41","slug":"hills-prescription-diet-i-d-sensitive-hrana-za-pse-sa-jajima-i-pirincem-15kg","status":"publish","type":"product","link":"https:\/\/pawz.rs\/en\/hills-prescription-diet-i-d-sensitive-hrana-za-pse-sa-jajima-i-pirincem-15kg\/","title":{"rendered":"Hill&#8217;s Prescription Diet i\/d Sensitive Hrana za Pse sa Jajima i Pirin\u010dem 1,5kg"},"content":{"rendered":"<p>Lako svarljiva potpuna dijetetska hrana za smanjenje intolerancije na sastojke i hranjive materije i za smanjenje poreme\u0107aja resorpcije u crevima kod pasa. Ova hrana ima pove\u0107ane nivoe natrijuma i kalijuma, lako svarljive sastojke te sadr\u017ei odabrane izvore ugljenih hidrata i belan\u010devina.<\/p>\n<p>Slu\u010dajevi osetljivosti na hranu zahtevaju istovremeni oporavak probavnog sistema i eliminaciju mogu\u0107ih uzroka. Hill&#8217;s Prescription Diet i\/d Sensitive je lako svarljiva hrana za kontrolu osetljivosti na hranu i probavnih smetnji kod pasa.<\/p>\n<ul>\n<li>Pa\u017eljivo odabrani izvori belan\u010devina i ne\u017enih ugljenih hidrata.<\/li>\n<li>Visoka svarljivost za pobolj\u0161anje kvalitete stolice<\/li>\n<li>Ograni\u010deni sastojci spre\u010davaju osetljivosti na hranu<\/li>\n<li>S ActivBiome+ tehnologijom sastojaka &#8211; jedinstvenom me\u0161avinom prebiotika koja dokazano ubrzano hrani crevni mikrobiom za zdravlje probavnog sistema i celog organizma<\/li>\n<\/ul>\n<p><strong>Glavne indikacije:<\/strong><\/p>\n<ul>\n<li>Hroni\u010dna enteropatija (proljev ili povra\u0107anje: IBD): Reaguje na hranu, Reaguje na antibiotike, Reaguje na steroide<\/li>\n<li>Dermatitis ili dermatoze kod \u0161tenaca<\/li>\n<\/ul>\n<p><strong>Kako ovaj proizvod poma\u017ee va\u0161em ljubimcu:<\/strong><\/p>\n<ul>\n<li>Formulisana za smanjenje intolerancije na hranu<\/li>\n<li>Deluje brzo na na\u010din da pobolj\u0161ava probavu i kvalitet stolice<\/li>\n<li>Vrlo ukusna hrana za nadoknadu izgubljenih nutrijenata i vra\u0107anje nivoa energije<\/li>\n<\/ul>\n<p><strong>Kako ovaj proizvod deluje:<\/strong><\/p>\n<ul>\n<li>Lako svarljiva formula s posebno odabranim belan\u010devinama i ugljenim hidratima<\/li>\n<li>Jedinstvena me\u0161avina prebiotika koja podsti\u010de aktivnost korisnih crevnih bakterija<\/li>\n<li>Visoka energetska gustina; Klini\u010dki dokazani antioksidansi<\/li>\n<\/ul>\n<p>Va\u017eno je nastaviti hraniti va\u0161eg psa s PRESCRIPTION DIET i\/d Sensitive Digestive Care hranom za odr\u017eavanje zdravlja probavnog sistema, \u010dak i nakon pobolj\u0161anja simptoma. Obratite se va\u0161em veterinaru za sve dodatne informacije o tome kako hrana PRESCRIPTION DIET mo\u017ee pomo\u0107i va\u0161em psu da nastavi u\u017eivati u sre\u0107nom i aktivnom \u017eivotu.<\/p>\n<p>Sve\u017ea voda treba uvek biti dostupna. Obavezno konsultujte veterinara pre prelaska na veterinarske dijete.<\/p>\n<p>Proizvo\u0111a\u010d: Hill\u2019s Pet Nutrition EU Switzerland<br \/>\nZemlja porekla: \u0160vajcarska<\/p>\n\n    <div class=\"xs_social_share_widget xs_share_url after_content \t\tmain_content  wslu-style-1 wslu-share-box-shaped wslu-fill-colored wslu-none wslu-share-horizontal wslu-theme-font-no wslu-main_content\">\n\n\t\t\n        <ul>\n\t\t\t        <\/ul>\n    <\/div>","protected":false},"excerpt":{"rendered":"<p>Hill&#8217;s Prescription Diet i\/d Sensitive Hrana za Pse sa Jajima i Pirin\u010dem 1,5kg<\/p>","protected":false},"featured_media":33886,"comment_status":"open","ping_status":"closed","template":"","meta":{"_acf_changed":false},"pwb-brand":[916],"product_cat":[705,48,47],"product_tag":[1543,1251],"class_list":{"0":"post-33885","1":"product","2":"type-product","3":"status-publish","4":"has-post-thumbnail","6":"pwb-brand-hills","7":"product_cat-veterinarske-dijete-za-pse","8":"product_cat-hrana-za-pse","9":"product_cat-psi","10":"product_tag-hillsvet","11":"product_tag-veterinarske-dijete","13":"first","14":"instock","15":"taxable","16":"shipping-taxable","17":"purchasable","18":"product-type-simple"},"acf":[],"brands":[{"id":916,"name":"Hills","slug":"hills"}],"_links":{"self":[{"href":"https:\/\/pawz.rs\/en\/wp-json\/wp\/v2\/product\/33885","targetHints":{"allow":["GET"]}}],"collection":[{"href":"https:\/\/pawz.rs\/en\/wp-json\/wp\/v2\/product"}],"about":[{"href":"https:\/\/pawz.rs\/en\/wp-json\/wp\/v2\/types\/product"}],"replies":[{"embeddable":true,"href":"https:\/\/pawz.rs\/en\/wp-json\/wp\/v2\/comments?post=33885"}],"wp:featuredmedia":[{"embeddable":true,"href":"https:\/\/pawz.rs\/en\/wp-json\/wp\/v2\/media\/33886"}],"wp:attachment":[{"href":"https:\/\/pawz.rs\/en\/wp-json\/wp\/v2\/media?parent=33885"}],"wp:term":[{"taxonomy":"pwb-brand","embeddable":true,"href":"https:\/\/pawz.rs\/en\/wp-json\/wp\/v2\/pwb-brand?post=33885"},{"taxonomy":"product_cat","embeddable":true,"href":"https:\/\/pawz.rs\/en\/wp-json\/wp\/v2\/product_cat?post=33885"},{"taxonomy":"product_tag","embeddable":true,"href":"https:\/\/pawz.rs\/en\/wp-json\/wp\/v2\/product_tag?post=33885"}],"curies":[{"name":"wp","href":"https:\/\/api.w.org\/{rel}","templated":true}]}}